{"id":184690,"date":"2024-05-09T20:55:54","date_gmt":"2024-05-09T20:55:54","guid":{"rendered":"https:\/\/aldeco.pt\/staging\/product\/lovely\/"},"modified":"2024-08-06T11:23:00","modified_gmt":"2024-08-06T11:23:00","slug":"lovely","status":"publish","type":"product","link":"https:\/\/staging.aldeco.pt\/pt-pt\/product\/lovely\/","title":{"rendered":"LOVELY"},"content":{"rendered":"<p>Lovely tem um padr\u00e3o de micro motivo baseado na desconstru\u00e7\u00e3o de elementos geom\u00e9tricos, com um toque muito natural e agrad\u00e1vel.<\/p>\n","protected":false},"excerpt":{"rendered":"<p>Lovely tem um padr\u00e3o de micro motivo baseado na desconstru\u00e7\u00e3o de elementos geom\u00e9tricos, com um toque muito natural e agrad\u00e1vel.<\/p>\n<h2>Lovely tem um padr\u00e3o de micro motivo baseado na desconstru\u00e7\u00e3o de elementos geom\u00e9tricos, com um toque muito natural e agrad\u00e1vel.<\/h2>\n<p><img fetchpriority=\"high\" decoding=\"async\" class=\"alignnone wp-image-182200 size-medium\" src=\"https:\/\/aldeco.pt\/staging\/wp-content\/uploads\/2024\/01\/T190690001-3-300x200.jpg\" alt=\"Lovely - Aldeco\" width=\"300\" height=\"200\"><\/p>\n<p><a href=\"https:\/\/www.instagram.com\/aldeco_interiorfabrics\/\">https:\/\/www.instagram.com\/aldeco_interiorfabrics\/<\/a><\/p>\n<p><a href=\"https:\/\/aldeco.pt\/staging\/product\/lovely\/?attribute_pa_aldeco-color=01-natural-gray\">https:\/\/aldeco.pt\/staging\/product\/lovely\/?attribute_pa_aldeco-color=01-natural-gray<\/a><\/p>\n<p>&nbsp;<\/p>\n","protected":false},"featured_media":156006,"template":"","meta":[],"product_brand":[],"product_cat":[6145],"product_tag":[],"class_list":{"0":"post-184690","1":"product","2":"type-product","3":"status-publish","4":"has-post-thumbnail","6":"product_cat-aldeco-2-pt-pt-2","7":"pa_cleanability-8282","8":"pa_composition-ext-53-vi-26-li-21-pl-pt-pt","9":"pa_interior-fabrics-1-pt-pt","10":"pa_line-tecidos","11":"pa_lithfastness-4-pt-pt","12":"pa_outdoor-0-pt-pt","13":"pa_range-jacquard-pt-pt","14":"pa_rapport-horizontal-7-pt-pt","15":"pa_rapport-vertical-6-pt-pt","18":"first","19":"instock","20":"purchasable","21":"product-type-variable"},"acf":[],"_links":{"self":[{"href":"https:\/\/staging.aldeco.pt\/pt-pt\/wp-json\/wp\/v2\/product\/184690","targetHints":{"allow":["GET"]}}],"collection":[{"href":"https:\/\/staging.aldeco.pt\/pt-pt\/wp-json\/wp\/v2\/product"}],"about":[{"href":"https:\/\/staging.aldeco.pt\/pt-pt\/wp-json\/wp\/v2\/types\/product"}],"version-history":[{"count":1,"href":"https:\/\/staging.aldeco.pt\/pt-pt\/wp-json\/wp\/v2\/product\/184690\/revisions"}],"predecessor-version":[{"id":193490,"href":"https:\/\/staging.aldeco.pt\/pt-pt\/wp-json\/wp\/v2\/product\/184690\/revisions\/193490"}],"wp:featuredmedia":[{"embeddable":true,"href":"https:\/\/staging.aldeco.pt\/pt-pt\/wp-json\/wp\/v2\/media\/156006"}],"wp:attachment":[{"href":"https:\/\/staging.aldeco.pt\/pt-pt\/wp-json\/wp\/v2\/media?parent=184690"}],"wp:term":[{"taxonomy":"product_brand","embeddable":true,"href":"https:\/\/staging.aldeco.pt\/pt-pt\/wp-json\/wp\/v2\/product_brand?post=184690"},{"taxonomy":"product_cat","embeddable":true,"href":"https:\/\/staging.aldeco.pt\/pt-pt\/wp-json\/wp\/v2\/product_cat?post=184690"},{"taxonomy":"product_tag","embeddable":true,"href":"https:\/\/staging.aldeco.pt\/pt-pt\/wp-json\/wp\/v2\/product_tag?post=184690"}],"curies":[{"name":"wp","href":"https:\/\/api.w.org\/{rel}","templated":true}]}}