{"id":184669,"date":"2024-05-09T20:55:31","date_gmt":"2024-05-09T20:55:31","guid":{"rendered":"https:\/\/aldeco.pt\/staging\/product\/lollipops\/"},"modified":"2024-10-07T10:46:15","modified_gmt":"2024-10-07T10:46:15","slug":"lollipops","status":"publish","type":"product","link":"https:\/\/staging.aldeco.pt\/pt-pt\/product\/lollipops\/","title":{"rendered":"LOLLIPOPS"},"content":{"rendered":"<p>Este tecido de decora\u00e7\u00e3o e cortinados une na perfei\u00e7\u00e3o decora\u00e7\u00e3o infantil e eleg\u00e2ncia. As duas cores principais nos bordados s\u00e3o bastante s\u00f3brias e o la\u00e7o d\u00e1 um toque formal a este doce tecido.<\/p>\n","protected":false},"excerpt":{"rendered":"<p>Este tecido de decora\u00e7\u00e3o e cortinados une na perfei\u00e7\u00e3o decora\u00e7\u00e3o infantil e eleg\u00e2ncia. As duas cores principais nos bordados s\u00e3o bastante s\u00f3brias e o la\u00e7o d\u00e1 um toque formal a este doce tecido.<\/p>\n<h2>LOLLIPOPS. Este tecido de decora\u00e7\u00e3o e cortinados une na perfei\u00e7\u00e3o decora\u00e7\u00e3o infantil e eleg\u00e2ncia. As duas cores principais nos bordados s\u00e3o bastante s\u00f3brias e o la\u00e7o d\u00e1 um toque formal a este doce tecido.<\/h2>\n<p><img fetchpriority=\"high\" decoding=\"async\" class=\"alignnone wp-image-182071 size-medium\" src=\"https:\/\/aldeco.pt\/staging\/wp-content\/uploads\/2024\/03\/T019080001-300x240.jpg\" alt=\"Lollipops - Aldeco\" width=\"300\" height=\"240\" \/><\/p>\n<p><a href=\"https:\/\/www.instagram.com\/aldeco_interiorfabrics\/\">https:\/\/www.instagram.com\/aldeco_interiorfabrics\/<\/a><\/p>\n<p><a href=\"https:\/\/aldeco.pt\/staging\/product\/lollipops\/?attribute_pa_aldeco-color=01-happy-party\">https:\/\/aldeco.pt\/staging\/product\/lollipops\/?attribute_pa_aldeco-color=01-happy-party<\/a><\/p>\n<p>&nbsp;<\/p>\n","protected":false},"featured_media":159403,"template":"","meta":[],"product_brand":[],"product_cat":[6145],"product_tag":[],"class_list":{"0":"post-184669","1":"product","2":"type-product","3":"status-publish","4":"has-post-thumbnail","6":"product_cat-aldeco-2-pt-pt-2","7":"pa_cleanability-8282","8":"pa_composition-ext-base-100-li-bordado-100-co","9":"pa_interior-fabrics-1-pt-pt","10":"pa_line-tecidos","11":"pa_lithfastness-9680","12":"pa_outdoor-0-pt-pt","13":"pa_range-bordado","14":"pa_rapport-horizontal-32-5-pt-pt","15":"pa_rapport-vertical-32-pt-pt","18":"first","19":"instock","20":"purchasable","21":"product-type-variable"},"acf":[],"_links":{"self":[{"href":"https:\/\/staging.aldeco.pt\/pt-pt\/wp-json\/wp\/v2\/product\/184669","targetHints":{"allow":["GET"]}}],"collection":[{"href":"https:\/\/staging.aldeco.pt\/pt-pt\/wp-json\/wp\/v2\/product"}],"about":[{"href":"https:\/\/staging.aldeco.pt\/pt-pt\/wp-json\/wp\/v2\/types\/product"}],"version-history":[{"count":2,"href":"https:\/\/staging.aldeco.pt\/pt-pt\/wp-json\/wp\/v2\/product\/184669\/revisions"}],"predecessor-version":[{"id":202105,"href":"https:\/\/staging.aldeco.pt\/pt-pt\/wp-json\/wp\/v2\/product\/184669\/revisions\/202105"}],"wp:featuredmedia":[{"embeddable":true,"href":"https:\/\/staging.aldeco.pt\/pt-pt\/wp-json\/wp\/v2\/media\/159403"}],"wp:attachment":[{"href":"https:\/\/staging.aldeco.pt\/pt-pt\/wp-json\/wp\/v2\/media?parent=184669"}],"wp:term":[{"taxonomy":"product_brand","embeddable":true,"href":"https:\/\/staging.aldeco.pt\/pt-pt\/wp-json\/wp\/v2\/product_brand?post=184669"},{"taxonomy":"product_cat","embeddable":true,"href":"https:\/\/staging.aldeco.pt\/pt-pt\/wp-json\/wp\/v2\/product_cat?post=184669"},{"taxonomy":"product_tag","embeddable":true,"href":"https:\/\/staging.aldeco.pt\/pt-pt\/wp-json\/wp\/v2\/product_tag?post=184669"}],"curies":[{"name":"wp","href":"https:\/\/api.w.org\/{rel}","templated":true}]}}