{"id":184653,"date":"2024-05-09T20:51:09","date_gmt":"2024-05-09T20:51:09","guid":{"rendered":"https:\/\/aldeco.pt\/staging\/product\/linex-fr\/"},"modified":"2024-08-06T11:23:05","modified_gmt":"2024-08-06T11:23:05","slug":"linex-fr","status":"publish","type":"product","link":"https:\/\/staging.aldeco.pt\/pt-pt\/product\/linex-fr\/","title":{"rendered":"LINEX FR"},"content":{"rendered":"<p>Linex \u00e9 um tecido de cortina de dupla largura. Os fios mais claros e real\u00e7ados que comp\u00f5em a trama, d\u00e3o a este tecido, um aspeto elegante de linho. Linex est\u00e1 dispon\u00edvel em 10 cores muito atuais.<\/p>\n","protected":false},"excerpt":{"rendered":"<p>Linex \u00e9 um tecido de cortina de dupla largura. Os fios mais claros e real\u00e7ados que comp\u00f5em a trama, d\u00e3o a este tecido, um aspeto elegante de linho. Linex est\u00e1 dispon\u00edvel em 10 cores muito atuais.<\/p>\n<h2>Linex FR \u00e9 um tecido de cortina de dupla largura. Os fios mais claros e real\u00e7ados que comp\u00f5em a trama, d\u00e3o a este tecido, um aspeto elegante de linho. Linex est\u00e1 dispon\u00edvel em 10 cores muito atuais.<\/h2>\n<p><img fetchpriority=\"high\" decoding=\"async\" class=\"alignnone wp-image-181999 size-medium\" src=\"https:\/\/aldeco.pt\/staging\/wp-content\/uploads\/2024\/03\/T190440001-300x200.jpg\" alt=\"Linex FR - Aldeco\" width=\"300\" height=\"200\"><\/p>\n<p><a href=\"https:\/\/www.instagram.com\/aldeco_interiorfabrics\/\">https:\/\/www.instagram.com\/aldeco_interiorfabrics\/<\/a><\/p>\n<p><a href=\"https:\/\/aldeco.pt\/staging\/product\/linex-fr\/?attribute_pa_aldeco-color=01-natural\">https:\/\/aldeco.pt\/staging\/product\/linex-fr\/?attribute_pa_aldeco-color=01-natural<\/a><\/p>\n<p>&nbsp;<\/p>\n","protected":false},"featured_media":159380,"template":"","meta":[],"product_brand":[],"product_cat":[6153],"product_tag":[],"class_list":{"0":"post-184653","1":"product","2":"type-product","3":"status-publish","4":"has-post-thumbnail","6":"product_cat-aldeco-smarter-pt-pt","7":"pa_cleanability-8282","8":"pa_composition-ext-100-pl-fr-pt-pt","9":"pa_contract-fabrics-1-pt-pt","10":"pa_interior-fabrics-1-pt-pt","11":"pa_line-tecidos","12":"pa_lithfastness-9680","13":"pa_outdoor-0-pt-pt","14":"pa_range-liso","15":"pa_range-transparente","16":"pa_rapport-vertical-11009","19":"first","20":"instock","21":"purchasable","22":"product-type-variable"},"acf":[],"_links":{"self":[{"href":"https:\/\/staging.aldeco.pt\/pt-pt\/wp-json\/wp\/v2\/product\/184653","targetHints":{"allow":["GET"]}}],"collection":[{"href":"https:\/\/staging.aldeco.pt\/pt-pt\/wp-json\/wp\/v2\/product"}],"about":[{"href":"https:\/\/staging.aldeco.pt\/pt-pt\/wp-json\/wp\/v2\/types\/product"}],"version-history":[{"count":1,"href":"https:\/\/staging.aldeco.pt\/pt-pt\/wp-json\/wp\/v2\/product\/184653\/revisions"}],"predecessor-version":[{"id":193390,"href":"https:\/\/staging.aldeco.pt\/pt-pt\/wp-json\/wp\/v2\/product\/184653\/revisions\/193390"}],"wp:featuredmedia":[{"embeddable":true,"href":"https:\/\/staging.aldeco.pt\/pt-pt\/wp-json\/wp\/v2\/media\/159380"}],"wp:attachment":[{"href":"https:\/\/staging.aldeco.pt\/pt-pt\/wp-json\/wp\/v2\/media?parent=184653"}],"wp:term":[{"taxonomy":"product_brand","embeddable":true,"href":"https:\/\/staging.aldeco.pt\/pt-pt\/wp-json\/wp\/v2\/product_brand?post=184653"},{"taxonomy":"product_cat","embeddable":true,"href":"https:\/\/staging.aldeco.pt\/pt-pt\/wp-json\/wp\/v2\/product_cat?post=184653"},{"taxonomy":"product_tag","embeddable":true,"href":"https:\/\/staging.aldeco.pt\/pt-pt\/wp-json\/wp\/v2\/product_tag?post=184653"}],"curies":[{"name":"wp","href":"https:\/\/api.w.org\/{rel}","templated":true}]}}