{"id":184631,"date":"2024-05-09T20:50:28","date_gmt":"2024-05-09T20:50:28","guid":{"rendered":"https:\/\/aldeco.pt\/staging\/product\/linex\/"},"modified":"2024-08-06T11:23:05","modified_gmt":"2024-08-06T11:23:05","slug":"linex","status":"publish","type":"product","link":"https:\/\/staging.aldeco.pt\/pt-pt\/product\/linex\/","title":{"rendered":"LINEX"},"content":{"rendered":"<p>Linex \u00e9 um tecido de cortina de dupla largura. Os fios mais claros e real\u00e7ados que comp\u00f5em a trama, d\u00e3o a este tecido, um aspeto elegante de linho. Linex est\u00e1 dispon\u00edvel em 10 cores muito atuais.<\/p>\n","protected":false},"excerpt":{"rendered":"<p>Linex \u00e9 um tecido de cortina de dupla largura. Os fios mais claros e real\u00e7ados que comp\u00f5em a trama, d\u00e3o a este tecido, um aspeto elegante de linho. Linex est\u00e1 dispon\u00edvel em 10 cores muito atuais.<\/p>\n<h2>Linex \u00e9 um tecido de cortina de dupla largura. Os fios mais claros e real\u00e7ados que comp\u00f5em a trama, d\u00e3o a este tecido, um aspeto elegante de linho. Linex est\u00e1 dispon\u00edvel em 10 cores muito atuais.<\/h2>\n<p><img fetchpriority=\"high\" decoding=\"async\" class=\"alignnone wp-image-181963 size-medium\" src=\"https:\/\/aldeco.pt\/staging\/wp-content\/uploads\/2024\/03\/T190450010-300x200.jpg\" alt=\"Linex - Aldeco\" width=\"300\" height=\"200\"><\/p>\n<p><a href=\"https:\/\/www.instagram.com\/aldeco_interiorfabrics\/\">https:\/\/www.instagram.com\/aldeco_interiorfabrics\/<\/a><\/p>\n<p><a href=\"https:\/\/aldeco.pt\/staging\/product\/linex\/?attribute_pa_aldeco-color=01-pure-white\">https:\/\/aldeco.pt\/staging\/product\/linex\/?attribute_pa_aldeco-color=01-pure-white<\/a><\/p>\n<p>&nbsp;<\/p>\n","protected":false},"featured_media":159360,"template":"","meta":[],"product_brand":[],"product_cat":[6153],"product_tag":[],"class_list":{"0":"post-184631","1":"product","2":"type-product","3":"status-publish","4":"has-post-thumbnail","6":"product_cat-aldeco-smarter-pt-pt","7":"pa_cleanability-8282","8":"pa_composition-ext-100-pl-pt-pt","9":"pa_interior-fabrics-1-pt-pt","10":"pa_line-tecidos","11":"pa_lithfastness-9680","12":"pa_outdoor-0-pt-pt","13":"pa_range-liso","14":"pa_range-transparente","15":"pa_rapport-vertical-11009","18":"first","19":"instock","20":"purchasable","21":"product-type-variable"},"acf":[],"_links":{"self":[{"href":"https:\/\/staging.aldeco.pt\/pt-pt\/wp-json\/wp\/v2\/product\/184631","targetHints":{"allow":["GET"]}}],"collection":[{"href":"https:\/\/staging.aldeco.pt\/pt-pt\/wp-json\/wp\/v2\/product"}],"about":[{"href":"https:\/\/staging.aldeco.pt\/pt-pt\/wp-json\/wp\/v2\/types\/product"}],"version-history":[{"count":1,"href":"https:\/\/staging.aldeco.pt\/pt-pt\/wp-json\/wp\/v2\/product\/184631\/revisions"}],"predecessor-version":[{"id":193388,"href":"https:\/\/staging.aldeco.pt\/pt-pt\/wp-json\/wp\/v2\/product\/184631\/revisions\/193388"}],"wp:featuredmedia":[{"embeddable":true,"href":"https:\/\/staging.aldeco.pt\/pt-pt\/wp-json\/wp\/v2\/media\/159360"}],"wp:attachment":[{"href":"https:\/\/staging.aldeco.pt\/pt-pt\/wp-json\/wp\/v2\/media?parent=184631"}],"wp:term":[{"taxonomy":"product_brand","embeddable":true,"href":"https:\/\/staging.aldeco.pt\/pt-pt\/wp-json\/wp\/v2\/product_brand?post=184631"},{"taxonomy":"product_cat","embeddable":true,"href":"https:\/\/staging.aldeco.pt\/pt-pt\/wp-json\/wp\/v2\/product_cat?post=184631"},{"taxonomy":"product_tag","embeddable":true,"href":"https:\/\/staging.aldeco.pt\/pt-pt\/wp-json\/wp\/v2\/product_tag?post=184631"}],"curies":[{"name":"wp","href":"https:\/\/api.w.org\/{rel}","templated":true}]}}