{"id":184621,"date":"2024-05-09T20:50:17","date_gmt":"2024-05-09T20:50:17","guid":{"rendered":"https:\/\/aldeco.pt\/staging\/product\/linden\/"},"modified":"2024-10-03T14:21:32","modified_gmt":"2024-10-03T14:21:32","slug":"linden","status":"publish","type":"product","link":"https:\/\/staging.aldeco.pt\/pt-pt\/product\/linden\/","title":{"rendered":"LINDEN"},"content":{"rendered":"<p>LINDEN \u00e9 um tecido de cortina com estrutura alinhada muito natural, dispon\u00edvel em 4 cores intemporais. Devido \u00e0 sua composi\u00e7\u00e3o mista de poli\u00e9ster e linho pode ser lavado, tornando-o extremamente pr\u00e1tico. Linden possui um acabamento calandrado suave e \u00e9 um tecido tinto em pe\u00e7a.<\/p>\n","protected":false},"excerpt":{"rendered":"<p>LINDEN \u00e9 um tecido de cortina com estrutura alinhada muito natural, dispon\u00edvel em 4 cores intemporais. Devido \u00e0 sua composi\u00e7\u00e3o mista de poli\u00e9ster e linho pode ser lavado, tornando-o extremamente pr\u00e1tico. Este tecido possui um acabamento calandrado suave e \u00e9 um tecido tinto em pe\u00e7a.<\/p>\n<h2>LINDEN \u00e9 um tecido de cortina com estrutura alinhada muito natural, dispon\u00edvel em 4 cores intemporais. Devido \u00e0 sua composi\u00e7\u00e3o mista de poli\u00e9ster e linho pode ser lavado, tornando-o extremamente pr\u00e1tico. Este tecido possui um acabamento calandrado suave e \u00e9 um tecido tinto em pe\u00e7a.<\/h2>\n<p><img fetchpriority=\"high\" decoding=\"async\" class=\"alignnone wp-image-181950 size-medium\" src=\"https:\/\/aldeco.pt\/staging\/wp-content\/uploads\/2024\/01\/T192230001-4-300x200.jpg\" alt=\"Linden - Aldeco\" width=\"300\" height=\"200\" \/><\/p>\n<p><a href=\"https:\/\/www.instagram.com\/aldeco_interiorfabrics\/\">https:\/\/www.instagram.com\/aldeco_interiorfabrics\/<\/a><a href=\"https:\/\/aldeco.pt\/staging\/product\/linden\/?attribute_pa_aldeco-color=01-natural-white\">https:\/\/aldeco.pt\/staging\/product\/linden\/?attribute_pa_aldeco-color=01-natural-white<\/a><\/p>\n<p>&nbsp;<\/p>\n","protected":false},"featured_media":155955,"template":"","meta":[],"product_brand":[],"product_cat":[6145],"product_tag":[],"class_list":{"0":"post-184621","1":"product","2":"type-product","3":"status-publish","4":"has-post-thumbnail","6":"product_cat-aldeco-2-pt-pt-2","7":"pa_cleanability-8282","8":"pa_composition-ext-20-li-80-pl-pt-pt","9":"pa_interior-fabrics-1-pt-pt","10":"pa_line-tecidos","11":"pa_lithfastness-4-5-pt-pt","12":"pa_outdoor-0-pt-pt","13":"pa_range-liso","14":"pa_range-transparente","15":"pa_rapport-vertical-11009","18":"first","19":"instock","20":"purchasable","21":"product-type-variable"},"acf":[],"_links":{"self":[{"href":"https:\/\/staging.aldeco.pt\/pt-pt\/wp-json\/wp\/v2\/product\/184621","targetHints":{"allow":["GET"]}}],"collection":[{"href":"https:\/\/staging.aldeco.pt\/pt-pt\/wp-json\/wp\/v2\/product"}],"about":[{"href":"https:\/\/staging.aldeco.pt\/pt-pt\/wp-json\/wp\/v2\/types\/product"}],"version-history":[{"count":3,"href":"https:\/\/staging.aldeco.pt\/pt-pt\/wp-json\/wp\/v2\/product\/184621\/revisions"}],"predecessor-version":[{"id":202001,"href":"https:\/\/staging.aldeco.pt\/pt-pt\/wp-json\/wp\/v2\/product\/184621\/revisions\/202001"}],"wp:featuredmedia":[{"embeddable":true,"href":"https:\/\/staging.aldeco.pt\/pt-pt\/wp-json\/wp\/v2\/media\/155955"}],"wp:attachment":[{"href":"https:\/\/staging.aldeco.pt\/pt-pt\/wp-json\/wp\/v2\/media?parent=184621"}],"wp:term":[{"taxonomy":"product_brand","embeddable":true,"href":"https:\/\/staging.aldeco.pt\/pt-pt\/wp-json\/wp\/v2\/product_brand?post=184621"},{"taxonomy":"product_cat","embeddable":true,"href":"https:\/\/staging.aldeco.pt\/pt-pt\/wp-json\/wp\/v2\/product_cat?post=184621"},{"taxonomy":"product_tag","embeddable":true,"href":"https:\/\/staging.aldeco.pt\/pt-pt\/wp-json\/wp\/v2\/product_tag?post=184621"}],"curies":[{"name":"wp","href":"https:\/\/api.w.org\/{rel}","templated":true}]}}