{"id":184578,"date":"2024-05-09T20:49:35","date_gmt":"2024-05-09T20:49:35","guid":{"rendered":"https:\/\/aldeco.pt\/staging\/product\/lily\/"},"modified":"2024-10-03T11:25:37","modified_gmt":"2024-10-03T11:25:37","slug":"lily","status":"publish","type":"product","link":"https:\/\/staging.aldeco.pt\/pt-pt\/product\/lily\/","title":{"rendered":"LILY"},"content":{"rendered":"<p>Bonito e elegante tecido listrado e tracejado em dois tons: cor-de-rosa com azul \u00e1gua e azul com amarelo. Este tecido \u00e9 indicado para estofos, cortinas e outros tipos de decora\u00e7\u00e3o.<\/p>\n","protected":false},"excerpt":{"rendered":"<p>Bonito e elegante tecido listrado e tracejado em dois tons: cor-de-rosa com azul \u00e1gua e azul com amarelo. Este tecido \u00e9 indicado para estofos, cortinas e outros tipos de decora\u00e7\u00e3o.<\/p>\n<h2>LILY \u00e9 um bonito e elegante tecido listrado e tracejado em dois tons: cor-de-rosa com azul \u00e1gua e azul com amarelo. Este tecido \u00e9 indicado para estofos, cortinas e outros tipos de decora\u00e7\u00e3o.<\/h2>\n<p><img fetchpriority=\"high\" decoding=\"async\" class=\"alignnone wp-image-181924 size-medium\" src=\"https:\/\/aldeco.pt\/staging\/wp-content\/uploads\/2024\/05\/T019000001-300x240.jpg\" alt=\"Lily - Aldeco\" width=\"300\" height=\"240\" \/><\/p>\n<p><a href=\"https:\/\/www.instagram.com\/aldeco_interiorfabrics\/\">https:\/\/www.instagram.com\/aldeco_interiorfabrics\/<\/a><\/p>\n<p><a href=\"https:\/\/aldeco.pt\/staging\/product\/lily\/?attribute_pa_aldeco-color=01-blue\">https:\/\/aldeco.pt\/staging\/product\/lily\/?attribute_pa_aldeco-color=01-blue<\/a><\/p>\n<p>&nbsp;<\/p>\n","protected":false},"featured_media":159350,"template":"","meta":[],"product_brand":[],"product_cat":[6145],"product_tag":[],"class_list":{"0":"post-184578","1":"product","2":"type-product","3":"status-publish","4":"has-post-thumbnail","6":"product_cat-aldeco-2-pt-pt-2","7":"pa_cleanability-8282","8":"pa_composition-ext-base-100-co-pt-pt","9":"pa_interior-fabrics-1-pt-pt","10":"pa_line-tecidos","11":"pa_lithfastness-4-5-pt-pt","12":"pa_outdoor-0-pt-pt","13":"pa_range-bordado","14":"pa_rapport-horizontal-3-pt-pt","15":"pa_rapport-vertical-11009","18":"first","19":"instock","20":"purchasable","21":"product-type-variable"},"acf":[],"_links":{"self":[{"href":"https:\/\/staging.aldeco.pt\/pt-pt\/wp-json\/wp\/v2\/product\/184578","targetHints":{"allow":["GET"]}}],"collection":[{"href":"https:\/\/staging.aldeco.pt\/pt-pt\/wp-json\/wp\/v2\/product"}],"about":[{"href":"https:\/\/staging.aldeco.pt\/pt-pt\/wp-json\/wp\/v2\/types\/product"}],"version-history":[{"count":2,"href":"https:\/\/staging.aldeco.pt\/pt-pt\/wp-json\/wp\/v2\/product\/184578\/revisions"}],"predecessor-version":[{"id":201960,"href":"https:\/\/staging.aldeco.pt\/pt-pt\/wp-json\/wp\/v2\/product\/184578\/revisions\/201960"}],"wp:featuredmedia":[{"embeddable":true,"href":"https:\/\/staging.aldeco.pt\/pt-pt\/wp-json\/wp\/v2\/media\/159350"}],"wp:attachment":[{"href":"https:\/\/staging.aldeco.pt\/pt-pt\/wp-json\/wp\/v2\/media?parent=184578"}],"wp:term":[{"taxonomy":"product_brand","embeddable":true,"href":"https:\/\/staging.aldeco.pt\/pt-pt\/wp-json\/wp\/v2\/product_brand?post=184578"},{"taxonomy":"product_cat","embeddable":true,"href":"https:\/\/staging.aldeco.pt\/pt-pt\/wp-json\/wp\/v2\/product_cat?post=184578"},{"taxonomy":"product_tag","embeddable":true,"href":"https:\/\/staging.aldeco.pt\/pt-pt\/wp-json\/wp\/v2\/product_tag?post=184578"}],"curies":[{"name":"wp","href":"https:\/\/api.w.org\/{rel}","templated":true}]}}