{"id":184537,"date":"2024-05-09T20:47:35","date_gmt":"2024-05-09T20:47:35","guid":{"rendered":"https:\/\/aldeco.pt\/staging\/product\/leopard\/"},"modified":"2024-08-06T11:23:10","modified_gmt":"2024-08-06T11:23:10","slug":"leopard","status":"publish","type":"product","link":"https:\/\/staging.aldeco.pt\/pt-pt\/product\/leopard\/","title":{"rendered":"LEOPARD"},"content":{"rendered":"<p>Leopard \u00e9 um fabuloso tecido para estofo, com um desenho jacquard em chenille e cetim, com padr\u00e3o leopardo, dispon\u00edvel em 9 cores.<\/p>\n","protected":false},"excerpt":{"rendered":"<p>Leopard \u00e9 um fabuloso tecido para estofo, com um desenho jacquard em chenille e cetim, com padr\u00e3o leopardo, dispon\u00edvel em 9 cores.<\/p>\n<h2>Leopard \u00e9 um fabuloso tecido para estofo, com um desenho jacquard em chenille e cetim, com padr\u00e3o leopardo, dispon\u00edvel em 9 cores.<\/h2>\n<p><img fetchpriority=\"high\" decoding=\"async\" class=\"alignnone wp-image-181826 size-medium\" src=\"https:\/\/aldeco.pt\/staging\/wp-content\/uploads\/2024\/03\/T190150001-300x240.jpg\" alt=\"Leopard - Aldeco\" width=\"300\" height=\"240\"><\/p>\n<p><a href=\"https:\/\/www.instagram.com\/aldeco_interiorfabrics\/\">https:\/\/www.instagram.com\/aldeco_interiorfabrics\/<\/a><\/p>\n<p><a href=\"https:\/\/aldeco.pt\/staging\/product\/leopard\/?attribute_pa_aldeco-color=01-white-star\">https:\/\/aldeco.pt\/staging\/product\/leopard\/?attribute_pa_aldeco-color=01-white-star<\/a><\/p>\n<p>&nbsp;<\/p>\n","protected":false},"featured_media":159307,"template":"","meta":[],"product_brand":[],"product_cat":[6145],"product_tag":[],"class_list":{"0":"post-184537","1":"product","2":"type-product","3":"status-publish","4":"has-post-thumbnail","6":"product_cat-aldeco-2-pt-pt-2","7":"pa_cleanability-8282","8":"pa_composition-ext-45-co-31-vi-24-pl-pt-pt","9":"pa_interior-fabrics-1-pt-pt","10":"pa_line-tecidos","11":"pa_lithfastness-4-pt-pt","12":"pa_outdoor-0-pt-pt","13":"pa_range-chenile","14":"pa_range-jacquard-pt-pt","15":"pa_rapport-horizontal-18-pt-pt","16":"pa_rapport-vertical-24-5-pt-pt","19":"first","20":"instock","21":"purchasable","22":"product-type-variable"},"acf":[],"_links":{"self":[{"href":"https:\/\/staging.aldeco.pt\/pt-pt\/wp-json\/wp\/v2\/product\/184537","targetHints":{"allow":["GET"]}}],"collection":[{"href":"https:\/\/staging.aldeco.pt\/pt-pt\/wp-json\/wp\/v2\/product"}],"about":[{"href":"https:\/\/staging.aldeco.pt\/pt-pt\/wp-json\/wp\/v2\/types\/product"}],"version-history":[{"count":1,"href":"https:\/\/staging.aldeco.pt\/pt-pt\/wp-json\/wp\/v2\/product\/184537\/revisions"}],"predecessor-version":[{"id":193372,"href":"https:\/\/staging.aldeco.pt\/pt-pt\/wp-json\/wp\/v2\/product\/184537\/revisions\/193372"}],"wp:featuredmedia":[{"embeddable":true,"href":"https:\/\/staging.aldeco.pt\/pt-pt\/wp-json\/wp\/v2\/media\/159307"}],"wp:attachment":[{"href":"https:\/\/staging.aldeco.pt\/pt-pt\/wp-json\/wp\/v2\/media?parent=184537"}],"wp:term":[{"taxonomy":"product_brand","embeddable":true,"href":"https:\/\/staging.aldeco.pt\/pt-pt\/wp-json\/wp\/v2\/product_brand?post=184537"},{"taxonomy":"product_cat","embeddable":true,"href":"https:\/\/staging.aldeco.pt\/pt-pt\/wp-json\/wp\/v2\/product_cat?post=184537"},{"taxonomy":"product_tag","embeddable":true,"href":"https:\/\/staging.aldeco.pt\/pt-pt\/wp-json\/wp\/v2\/product_tag?post=184537"}],"curies":[{"name":"wp","href":"https:\/\/api.w.org\/{rel}","templated":true}]}}