{"id":184536,"date":"2024-05-09T20:48:41","date_gmt":"2024-05-09T20:48:41","guid":{"rendered":"https:\/\/aldeco.pt\/staging\/product\/liberte-in-outdoor\/"},"modified":"2024-08-06T11:23:08","modified_gmt":"2024-08-06T11:23:08","slug":"liberte-in-outdoor","status":"publish","type":"product","link":"https:\/\/staging.aldeco.pt\/pt-pt\/product\/liberte-in-outdoor\/","title":{"rendered":"LIBERT\u00c9 IN\/OUTDOOR"},"content":{"rendered":"<p>Tecido jacquard com motivo geom\u00e9trico consistindo numa reinterpreta\u00e7\u00e3o do cl\u00e1ssico pied-de-poule. Com elevada resist\u00eancia \u00e0 abras\u00e3o e \u00e0 luz solar como a restante cole\u00e7\u00e3o, Libert\u00e9 In\/Outdoor \u00e9 simplesmente irresist\u00edvel e intemporal.<\/p>\n","protected":false},"excerpt":{"rendered":"<p>Tecido jacquard com motivo geom\u00e9trico consistindo numa reinterpreta\u00e7\u00e3o do cl\u00e1ssico pied-de-poule. Com elevada resist\u00eancia \u00e0 abras\u00e3o e \u00e0 luz solar como a restante cole\u00e7\u00e3o, \u00e9 simplesmente irresist\u00edvel e intemporal.<\/p>\n<h2>LIBERT\u00c9 IN\/OUTDOOR \u00e9 um tecido jacquard com motivo geom\u00e9trico consistindo numa reinterpreta\u00e7\u00e3o do cl\u00e1ssico pied-de-poule. Com elevada resist\u00eancia \u00e0 abras\u00e3o e \u00e0 luz solar como a restante cole\u00e7\u00e3o, \u00e9 simplesmente irresist\u00edvel e intemporal.<\/h2>\n<p><img fetchpriority=\"high\" decoding=\"async\" class=\"alignnone wp-image-181873 size-medium\" src=\"https:\/\/aldeco.pt\/staging\/wp-content\/uploads\/2024\/01\/T192140001-3-300x200.jpg\" alt=\"Libert\u00e9 in\/Outdoor - Aldeco\" width=\"300\" height=\"200\"><\/p>\n<p><a href=\"https:\/\/www.instagram.com\/aldeco_interiorfabrics\/\">https:\/\/www.instagram.com\/aldeco_interiorfabrics\/<\/a><\/p>\n<p><a href=\"https:\/\/aldeco.pt\/staging\/product\/liberte-in-outdoor\/?attribute_pa_aldeco-color=01-white-linen\">https:\/\/aldeco.pt\/staging\/product\/liberte-in-outdoor\/?attribute_pa_aldeco-color=01-white-linen<\/a><\/p>\n<p>&nbsp;<\/p>\n","protected":false},"featured_media":159332,"template":"","meta":[],"product_brand":[],"product_cat":[6145],"product_tag":[],"class_list":{"0":"post-184536","1":"product","2":"type-product","3":"status-publish","4":"has-post-thumbnail","6":"product_cat-aldeco-2-pt-pt-2","7":"pa_cleanability-8282","8":"pa_composition-ext-80-pp-20-pl-pt-pt","9":"pa_contract-fabrics-1-pt-pt","10":"pa_indoor-fabrics-1-pt-pt","11":"pa_interior-fabrics-1-pt-pt","12":"pa_line-tecidos","13":"pa_lithfastness-7-pt-pt","14":"pa_outdoor-outdoor","15":"pa_range-jacquard-pt-pt","16":"pa_rapport-horizontal-2-pt-pt","17":"pa_rapport-vertical-4-pt-pt","18":"pa_special-treatments-fabrics-1-pt-pt","21":"first","22":"instock","23":"purchasable","24":"product-type-variable"},"acf":[],"_links":{"self":[{"href":"https:\/\/staging.aldeco.pt\/pt-pt\/wp-json\/wp\/v2\/product\/184536","targetHints":{"allow":["GET"]}}],"collection":[{"href":"https:\/\/staging.aldeco.pt\/pt-pt\/wp-json\/wp\/v2\/product"}],"about":[{"href":"https:\/\/staging.aldeco.pt\/pt-pt\/wp-json\/wp\/v2\/types\/product"}],"version-history":[{"count":1,"href":"https:\/\/staging.aldeco.pt\/pt-pt\/wp-json\/wp\/v2\/product\/184536\/revisions"}],"predecessor-version":[{"id":193375,"href":"https:\/\/staging.aldeco.pt\/pt-pt\/wp-json\/wp\/v2\/product\/184536\/revisions\/193375"}],"wp:featuredmedia":[{"embeddable":true,"href":"https:\/\/staging.aldeco.pt\/pt-pt\/wp-json\/wp\/v2\/media\/159332"}],"wp:attachment":[{"href":"https:\/\/staging.aldeco.pt\/pt-pt\/wp-json\/wp\/v2\/media?parent=184536"}],"wp:term":[{"taxonomy":"product_brand","embeddable":true,"href":"https:\/\/staging.aldeco.pt\/pt-pt\/wp-json\/wp\/v2\/product_brand?post=184536"},{"taxonomy":"product_cat","embeddable":true,"href":"https:\/\/staging.aldeco.pt\/pt-pt\/wp-json\/wp\/v2\/product_cat?post=184536"},{"taxonomy":"product_tag","embeddable":true,"href":"https:\/\/staging.aldeco.pt\/pt-pt\/wp-json\/wp\/v2\/product_tag?post=184536"}],"curies":[{"name":"wp","href":"https:\/\/api.w.org\/{rel}","templated":true}]}}