{"id":184494,"date":"2024-05-09T20:45:27","date_gmt":"2024-05-09T20:45:27","guid":{"rendered":"https:\/\/aldeco.pt\/staging\/product\/lamar-fr-wlb\/"},"modified":"2024-08-06T11:23:12","modified_gmt":"2024-08-06T11:23:12","slug":"lamar-fr-wlb","status":"publish","type":"product","link":"https:\/\/staging.aldeco.pt\/pt-pt\/product\/lamar-fr-wlb\/","title":{"rendered":"LAMAR FR WLB"},"content":{"rendered":"<p>Transpar\u00eancia suave com apar\u00eancia de uma rede elegante. Este tecido tem fio de poli\u00e9ster retardante de chama inerente o que o torna ideal para Contract. Tem uma ca\u00edda maravilhosa e est\u00e1 dispon\u00edvel com fio de chumbo.<\/p>\n","protected":false},"excerpt":{"rendered":"<p>Transpar\u00eancia suave com apar\u00eancia de uma rede elegante. Este tecido tem fio de poli\u00e9ster retardante de chama inerente o que o torna ideal para Contract. Tem uma ca\u00edda maravilhosa e est\u00e1 dispon\u00edvel com fio de chumbo.<\/p>\n<h2>LAMAR FR WLB \u00e9 uma transpar\u00eancia suave com apar\u00eancia de uma rede elegante. Este tecido tem fio de poli\u00e9ster retardante de chama inerente o que o torna ideal para Contract. Tem uma ca\u00edda maravilhosa e est\u00e1 dispon\u00edvel com fio de chumbo.<\/h2>\n<p><img fetchpriority=\"high\" decoding=\"async\" class=\"alignnone wp-image-181729 size-medium\" src=\"https:\/\/aldeco.pt\/staging\/wp-content\/uploads\/2024\/01\/T191600001-4-300x225.jpg\" alt=\"Lamar FR Wlb - Aldeco\" width=\"300\" height=\"225\"><\/p>\n<p><a href=\"https:\/\/aldeco.pt\/staging\/product\/lamar-fr-wlb\/?attribute_pa_aldeco-color=01-natural-white\">https:\/\/aldeco.pt\/staging\/product\/lamar-fr-wlb\/?attribute_pa_aldeco-color=01-natural-white<\/a><\/p>\n<p><a href=\"https:\/\/www.instagram.com\/aldeco_interiorfabrics\/\">https:\/\/www.instagram.com\/aldeco_interiorfabrics\/<\/a><\/p>\n<p>&nbsp;<\/p>\n","protected":false},"featured_media":155856,"template":"","meta":[],"product_brand":[],"product_cat":[6153],"product_tag":[],"class_list":{"0":"post-184494","1":"product","2":"type-product","3":"status-publish","4":"has-post-thumbnail","6":"product_cat-aldeco-smarter-pt-pt","7":"pa_cleanability-8282","8":"pa_composition-ext-100-pl-fr-pt-pt","9":"pa_contract-fabrics-1-pt-pt","10":"pa_interior-fabrics-1-pt-pt","11":"pa_line-tecidos","12":"pa_lithfastness-4-5-pt-pt","13":"pa_outdoor-0-pt-pt","14":"pa_range-liso","15":"pa_range-transparente","16":"pa_rapport-vertical-11009","17":"pa_special-treatments-fabrics-1-pt-pt","20":"first","21":"instock","22":"purchasable","23":"product-type-variable"},"acf":[],"_links":{"self":[{"href":"https:\/\/staging.aldeco.pt\/pt-pt\/wp-json\/wp\/v2\/product\/184494","targetHints":{"allow":["GET"]}}],"collection":[{"href":"https:\/\/staging.aldeco.pt\/pt-pt\/wp-json\/wp\/v2\/product"}],"about":[{"href":"https:\/\/staging.aldeco.pt\/pt-pt\/wp-json\/wp\/v2\/types\/product"}],"version-history":[{"count":1,"href":"https:\/\/staging.aldeco.pt\/pt-pt\/wp-json\/wp\/v2\/product\/184494\/revisions"}],"predecessor-version":[{"id":193368,"href":"https:\/\/staging.aldeco.pt\/pt-pt\/wp-json\/wp\/v2\/product\/184494\/revisions\/193368"}],"wp:featuredmedia":[{"embeddable":true,"href":"https:\/\/staging.aldeco.pt\/pt-pt\/wp-json\/wp\/v2\/media\/155856"}],"wp:attachment":[{"href":"https:\/\/staging.aldeco.pt\/pt-pt\/wp-json\/wp\/v2\/media?parent=184494"}],"wp:term":[{"taxonomy":"product_brand","embeddable":true,"href":"https:\/\/staging.aldeco.pt\/pt-pt\/wp-json\/wp\/v2\/product_brand?post=184494"},{"taxonomy":"product_cat","embeddable":true,"href":"https:\/\/staging.aldeco.pt\/pt-pt\/wp-json\/wp\/v2\/product_cat?post=184494"},{"taxonomy":"product_tag","embeddable":true,"href":"https:\/\/staging.aldeco.pt\/pt-pt\/wp-json\/wp\/v2\/product_tag?post=184494"}],"curies":[{"name":"wp","href":"https:\/\/api.w.org\/{rel}","templated":true}]}}