{"id":184438,"date":"2024-05-09T20:46:13","date_gmt":"2024-05-09T20:46:13","guid":{"rendered":"https:\/\/aldeco.pt\/staging\/product\/leaf-fr\/"},"modified":"2024-09-26T08:12:10","modified_gmt":"2024-09-26T08:12:10","slug":"leaf-fr","status":"publish","type":"product","link":"https:\/\/staging.aldeco.pt\/pt-pt\/product\/leaf-fr\/","title":{"rendered":"LEAF FR"},"content":{"rendered":"<p>Leaf FR \u00e9 uma organza matte 100% poli\u00e9ster e dispon\u00edvel numa variedade de 18 cores que se enquadram em qualquer projeto devido \u00e0 sua certifica\u00e7\u00e3o retardante de chama. Este tecido leve de cortina possui fio de chumbo para uma ca\u00edda perfeita.<\/p>\n","protected":false},"excerpt":{"rendered":"<p>Leaf FR \u00e9 uma organza matte 100% poli\u00e9ster e dispon\u00edvel numa variedade de 18 cores que se enquadram em qualquer projeto devido \u00e0 sua certifica\u00e7\u00e3o retardante de chama. Este tecido leve de cortina possui fio de chumbo para uma ca\u00edda perfeita.<\/p>\n<h2>Leaf FR \u00e9 uma organza matte 100% poli\u00e9ster e dispon\u00edvel numa variedade de 18 cores que se enquadram em qualquer projeto devido \u00e0 sua certifica\u00e7\u00e3o retardante de chama. Este tecido leve de cortina possui fio de chumbo para uma ca\u00edda perfeita.<\/h2>\n<p><img fetchpriority=\"high\" decoding=\"async\" class=\"alignnone wp-image-181777 size-medium\" src=\"https:\/\/aldeco.pt\/staging\/wp-content\/uploads\/2024\/03\/T190330001-300x200.jpg\" alt=\"Leaf FR - Aldeco\" width=\"300\" height=\"200\" \/><\/p>\n<p><a href=\"https:\/\/aldeco.pt\/staging\/product\/leaf-fr\/?attribute_pa_aldeco-color=01-ice\">https:\/\/aldeco.pt\/staging\/product\/leaf-fr\/?attribute_pa_aldeco-color=01-ice<\/a><\/p>\n<p><a href=\"https:\/\/www.instagram.com\/aldeco_interiorfabrics\/\">https:\/\/www.instagram.com\/aldeco_interiorfabrics\/<\/a><\/p>\n<p>&nbsp;<\/p>\n","protected":false},"featured_media":159267,"template":"","meta":[],"product_brand":[],"product_cat":[6153],"product_tag":[],"class_list":{"0":"post-184438","1":"product","2":"type-product","3":"status-publish","4":"has-post-thumbnail","6":"product_cat-aldeco-smarter-pt-pt","7":"pa_cleanability-8282","8":"pa_composition-ext-100-pl-pt-pt","9":"pa_contract-fabrics-1-pt-pt","10":"pa_interior-fabrics-1-pt-pt","11":"pa_line-tecidos","12":"pa_lithfastness-9680","13":"pa_outdoor-0-pt-pt","14":"pa_range-liso","15":"pa_range-transparente","16":"pa_rapport-vertical-11009","17":"pa_special-treatments-fabrics-1-pt-pt","18":"pa_sustainable-fabrics-1-pt-pt","21":"first","22":"instock","23":"purchasable","24":"product-type-variable"},"acf":[],"_links":{"self":[{"href":"https:\/\/staging.aldeco.pt\/pt-pt\/wp-json\/wp\/v2\/product\/184438","targetHints":{"allow":["GET"]}}],"collection":[{"href":"https:\/\/staging.aldeco.pt\/pt-pt\/wp-json\/wp\/v2\/product"}],"about":[{"href":"https:\/\/staging.aldeco.pt\/pt-pt\/wp-json\/wp\/v2\/types\/product"}],"version-history":[{"count":2,"href":"https:\/\/staging.aldeco.pt\/pt-pt\/wp-json\/wp\/v2\/product\/184438\/revisions"}],"predecessor-version":[{"id":200821,"href":"https:\/\/staging.aldeco.pt\/pt-pt\/wp-json\/wp\/v2\/product\/184438\/revisions\/200821"}],"wp:featuredmedia":[{"embeddable":true,"href":"https:\/\/staging.aldeco.pt\/pt-pt\/wp-json\/wp\/v2\/media\/159267"}],"wp:attachment":[{"href":"https:\/\/staging.aldeco.pt\/pt-pt\/wp-json\/wp\/v2\/media?parent=184438"}],"wp:term":[{"taxonomy":"product_brand","embeddable":true,"href":"https:\/\/staging.aldeco.pt\/pt-pt\/wp-json\/wp\/v2\/product_brand?post=184438"},{"taxonomy":"product_cat","embeddable":true,"href":"https:\/\/staging.aldeco.pt\/pt-pt\/wp-json\/wp\/v2\/product_cat?post=184438"},{"taxonomy":"product_tag","embeddable":true,"href":"https:\/\/staging.aldeco.pt\/pt-pt\/wp-json\/wp\/v2\/product_tag?post=184438"}],"curies":[{"name":"wp","href":"https:\/\/api.w.org\/{rel}","templated":true}]}}