{"id":184436,"date":"2024-05-09T20:44:59","date_gmt":"2024-05-09T20:44:59","guid":{"rendered":"https:\/\/aldeco.pt\/staging\/product\/lake\/"},"modified":"2024-08-06T11:23:12","modified_gmt":"2024-08-06T11:23:12","slug":"lake","status":"publish","type":"product","link":"https:\/\/staging.aldeco.pt\/pt-pt\/product\/lake\/","title":{"rendered":"LAKE"},"content":{"rendered":"<p>Lake \u00e9 um tecido jacquard para estofo com um desenho geom\u00e9trico muito din\u00e2mico. A sua geometria bicolor \u00e9 intemporal. Encontra-se dispon\u00edvel em 9 cores.<\/p>\n","protected":false},"excerpt":{"rendered":"<p>Lake \u00e9 um tecido jacquard para estofo com um desenho geom\u00e9trico muito din\u00e2mico. A sua geometria bicolor \u00e9 intemporal. Encontra-se dispon\u00edvel em 9 cores.<\/p>\n<h2>Lake \u00e9 um tecido jacquard para estofo com um desenho geom\u00e9trico muito din\u00e2mico. A sua geometria bicolor \u00e9 intemporal. Encontra-se dispon\u00edvel em 9 cores.<\/h2>\n<p><img fetchpriority=\"high\" decoding=\"async\" class=\"alignnone wp-image-177386 size-medium\" src=\"https:\/\/aldeco.pt\/staging\/wp-content\/uploads\/2024\/01\/T017400011-1-300x280.jpg\" alt=\"Lake - Aldeco\" width=\"300\" height=\"280\"><\/p>\n<p><a href=\"https:\/\/www.instagram.com\/aldeco_interiorfabrics\/\">https:\/\/www.instagram.com\/aldeco_interiorfabrics\/<\/a><\/p>\n<p><a href=\"https:\/\/aldeco.pt\/staging\/product\/lake\/?attribute_pa_aldeco-color=1\">https:\/\/aldeco.pt\/staging\/product\/lake\/?attribute_pa_aldeco-color=1<\/a><\/p>\n<p>&nbsp;<\/p>\n","protected":false},"featured_media":166329,"template":"","meta":[],"product_brand":[],"product_cat":[6145],"product_tag":[],"class_list":{"0":"post-184436","1":"product","2":"type-product","3":"status-publish","4":"has-post-thumbnail","6":"product_cat-aldeco-2-pt-pt-2","7":"pa_cleanability-8282","8":"pa_composition-ext-53-vi-25-li-22-co-pt-pt","9":"pa_interior-fabrics-1-pt-pt","10":"pa_line-tecidos","11":"pa_lithfastness-4-pt-pt","12":"pa_outdoor-0-pt-pt","13":"pa_range-jacquard-pt-pt","14":"pa_rapport-horizontal-4-pt-pt","15":"pa_rapport-vertical-5-5-pt-pt","18":"first","19":"instock","20":"purchasable","21":"product-type-variable"},"acf":[],"_links":{"self":[{"href":"https:\/\/staging.aldeco.pt\/pt-pt\/wp-json\/wp\/v2\/product\/184436","targetHints":{"allow":["GET"]}}],"collection":[{"href":"https:\/\/staging.aldeco.pt\/pt-pt\/wp-json\/wp\/v2\/product"}],"about":[{"href":"https:\/\/staging.aldeco.pt\/pt-pt\/wp-json\/wp\/v2\/types\/product"}],"version-history":[{"count":1,"href":"https:\/\/staging.aldeco.pt\/pt-pt\/wp-json\/wp\/v2\/product\/184436\/revisions"}],"predecessor-version":[{"id":193367,"href":"https:\/\/staging.aldeco.pt\/pt-pt\/wp-json\/wp\/v2\/product\/184436\/revisions\/193367"}],"wp:featuredmedia":[{"embeddable":true,"href":"https:\/\/staging.aldeco.pt\/pt-pt\/wp-json\/wp\/v2\/media\/166329"}],"wp:attachment":[{"href":"https:\/\/staging.aldeco.pt\/pt-pt\/wp-json\/wp\/v2\/media?parent=184436"}],"wp:term":[{"taxonomy":"product_brand","embeddable":true,"href":"https:\/\/staging.aldeco.pt\/pt-pt\/wp-json\/wp\/v2\/product_brand?post=184436"},{"taxonomy":"product_cat","embeddable":true,"href":"https:\/\/staging.aldeco.pt\/pt-pt\/wp-json\/wp\/v2\/product_cat?post=184436"},{"taxonomy":"product_tag","embeddable":true,"href":"https:\/\/staging.aldeco.pt\/pt-pt\/wp-json\/wp\/v2\/product_tag?post=184436"}],"curies":[{"name":"wp","href":"https:\/\/api.w.org\/{rel}","templated":true}]}}