{"id":184416,"date":"2024-05-09T20:44:10","date_gmt":"2024-05-09T20:44:10","guid":{"rendered":"https:\/\/aldeco.pt\/staging\/product\/knop-fr\/"},"modified":"2024-08-06T11:23:14","modified_gmt":"2024-08-06T11:23:14","slug":"knop-fr","status":"publish","type":"product","link":"https:\/\/staging.aldeco.pt\/pt-pt\/product\/knop-fr\/","title":{"rendered":"KNOP FR"},"content":{"rendered":"<p>Knop FR \u00e9 uma organza de 100% poli\u00e9ster, dispon\u00edvel em 17 cores diferentes que ir\u00e3o servir a todos os projetos contract.<\/p>\n","protected":false},"excerpt":{"rendered":"<p>Knop FR \u00e9 uma organza de 100% poli\u00e9ster, dispon\u00edvel em 17 cores diferentes que ir\u00e3o servir a todos os projetos contract.<\/p>\n<h2>Knop FR \u00e9 uma organza de 100% poli\u00e9ster, dispon\u00edvel em 17 cores diferentes que ir\u00e3o servir a todos os projetos contract.<\/h2>\n<p><img fetchpriority=\"high\" decoding=\"async\" class=\"alignnone wp-image-181688 size-medium\" src=\"https:\/\/aldeco.pt\/staging\/wp-content\/uploads\/2024\/03\/T190340010-300x200.jpg\" alt=\"Knop FR - Aldeco\" width=\"300\" height=\"200\"><\/p>\n<p><a href=\"https:\/\/www.instagram.com\/aldeco_interiorfabrics\/\">https:\/\/www.instagram.com\/aldeco_interiorfabrics\/<\/a><\/p>\n<p><a href=\"https:\/\/aldeco.pt\/staging\/product\/knop-fr\/?attribute_pa_aldeco-color=01-ice\">https:\/\/aldeco.pt\/staging\/product\/knop-fr\/?attribute_pa_aldeco-color=01-ice<\/a><\/p>\n<p>&nbsp;<\/p>\n","protected":false},"featured_media":155852,"template":"","meta":[],"product_brand":[],"product_cat":[6153],"product_tag":[],"class_list":{"0":"post-184416","1":"product","2":"type-product","3":"status-publish","4":"has-post-thumbnail","6":"product_cat-aldeco-smarter-pt-pt","7":"pa_cleanability-8282","8":"pa_composition-ext-100-pl-pt-pt","9":"pa_contract-fabrics-1-pt-pt","10":"pa_interior-fabrics-1-pt-pt","11":"pa_line-tecidos","12":"pa_lithfastness-5-6-pt-pt","13":"pa_outdoor-0-pt-pt","14":"pa_range-liso","15":"pa_range-transparente","16":"pa_rapport-vertical-11009","17":"pa_special-treatments-fabrics-1-pt-pt","18":"pa_sustainable-fabrics-1-pt-pt","21":"first","22":"instock","23":"purchasable","24":"product-type-variable"},"acf":[],"_links":{"self":[{"href":"https:\/\/staging.aldeco.pt\/pt-pt\/wp-json\/wp\/v2\/product\/184416","targetHints":{"allow":["GET"]}}],"collection":[{"href":"https:\/\/staging.aldeco.pt\/pt-pt\/wp-json\/wp\/v2\/product"}],"about":[{"href":"https:\/\/staging.aldeco.pt\/pt-pt\/wp-json\/wp\/v2\/types\/product"}],"version-history":[{"count":1,"href":"https:\/\/staging.aldeco.pt\/pt-pt\/wp-json\/wp\/v2\/product\/184416\/revisions"}],"predecessor-version":[{"id":193362,"href":"https:\/\/staging.aldeco.pt\/pt-pt\/wp-json\/wp\/v2\/product\/184416\/revisions\/193362"}],"wp:featuredmedia":[{"embeddable":true,"href":"https:\/\/staging.aldeco.pt\/pt-pt\/wp-json\/wp\/v2\/media\/155852"}],"wp:attachment":[{"href":"https:\/\/staging.aldeco.pt\/pt-pt\/wp-json\/wp\/v2\/media?parent=184416"}],"wp:term":[{"taxonomy":"product_brand","embeddable":true,"href":"https:\/\/staging.aldeco.pt\/pt-pt\/wp-json\/wp\/v2\/product_brand?post=184416"},{"taxonomy":"product_cat","embeddable":true,"href":"https:\/\/staging.aldeco.pt\/pt-pt\/wp-json\/wp\/v2\/product_cat?post=184416"},{"taxonomy":"product_tag","embeddable":true,"href":"https:\/\/staging.aldeco.pt\/pt-pt\/wp-json\/wp\/v2\/product_tag?post=184416"}],"curies":[{"name":"wp","href":"https:\/\/api.w.org\/{rel}","templated":true}]}}