{"id":184386,"date":"2024-05-09T20:45:48","date_gmt":"2024-05-09T20:45:48","guid":{"rendered":"https:\/\/aldeco.pt\/staging\/product\/lara-fr\/"},"modified":"2024-09-20T16:08:46","modified_gmt":"2024-09-20T16:08:46","slug":"lara-fr","status":"publish","type":"product","link":"https:\/\/staging.aldeco.pt\/pt-pt\/product\/lara-fr\/","title":{"rendered":"LARA FR"},"content":{"rendered":"<p>\u00c9 um tecido de cortina muito leve e elegante, como uma rede fechada. Esta transpar\u00eancia possui certifica\u00e7\u00e3o ign\u00edfuga e \u00e9 ideal para os seus projetos mais exigentes gra\u00e7as \u00e0s suas propriedades retardantes de chama obtidas atrav\u00e9s de poli\u00e9ster ign\u00edfugo inerente. Este tecido largo tem 330 cm e est\u00e1 dispon\u00edvel em 10 cores.<\/p>\n","protected":false},"excerpt":{"rendered":"<p>\u00c9 um tecido de cortina muito leve e elegante, como uma rede fechada. Esta transpar\u00eancia possui certifica\u00e7\u00e3o ign\u00edfuga e \u00e9 ideal para os seus projetos mais exigentes gra\u00e7as \u00e0s suas propriedades retardantes de chama obtidas atrav\u00e9s de poli\u00e9ster ign\u00edfugo inerente. Este tecido largo tem 330 cm e est\u00e1 dispon\u00edvel em 10 cores.<\/p>\n<h2>LARA FR \u00e9 um tecido de cortina muito leve e elegante, como uma rede fechada. Esta transpar\u00eancia possui certifica\u00e7\u00e3o ign\u00edfuga e \u00e9 ideal para os seus projetos mais exigentes gra\u00e7as \u00e0s suas propriedades retardantes de chama obtidas atrav\u00e9s de poli\u00e9ster ign\u00edfugo inerente. Este tecido largo tem 330 cm e est\u00e1 dispon\u00edvel em 10 cores.<\/h2>\n<p><img fetchpriority=\"high\" decoding=\"async\" class=\"alignnone wp-image-181752 size-medium\" src=\"https:\/\/aldeco.pt\/staging\/wp-content\/uploads\/2024\/03\/T190400001-300x300.jpg\" alt=\"Lara FR - Aldeco\" width=\"300\" height=\"300\" \/><\/p>\n<p><a href=\"https:\/\/www.instagram.com\/aldeco_interiorfabrics\/\">https:\/\/www.instagram.com\/aldeco_interiorfabrics\/<\/a><\/p>\n<p><a href=\"https:\/\/aldeco.pt\/staging\/product\/lara-fr\/?attribute_pa_aldeco-color=01-snow\">https:\/\/aldeco.pt\/staging\/product\/lara-fr\/?attribute_pa_aldeco-color=01-snow<\/a><\/p>\n<p>&nbsp;<\/p>\n","protected":false},"featured_media":155858,"template":"","meta":[],"product_brand":[],"product_cat":[6153],"product_tag":[],"class_list":{"0":"post-184386","1":"product","2":"type-product","3":"status-publish","4":"has-post-thumbnail","6":"product_cat-aldeco-smarter-pt-pt","7":"pa_cleanability-8282","8":"pa_composition-ext-100-pl-fr-pt-pt","9":"pa_contract-fabrics-1-pt-pt","10":"pa_interior-fabrics-1-pt-pt","11":"pa_line-tecidos","12":"pa_lithfastness-5-pt-pt","13":"pa_outdoor-0-pt-pt","14":"pa_range-liso","15":"pa_range-transparente","16":"pa_rapport-vertical-11009","19":"first","20":"instock","21":"purchasable","22":"product-type-variable"},"acf":[],"_links":{"self":[{"href":"https:\/\/staging.aldeco.pt\/pt-pt\/wp-json\/wp\/v2\/product\/184386","targetHints":{"allow":["GET"]}}],"collection":[{"href":"https:\/\/staging.aldeco.pt\/pt-pt\/wp-json\/wp\/v2\/product"}],"about":[{"href":"https:\/\/staging.aldeco.pt\/pt-pt\/wp-json\/wp\/v2\/types\/product"}],"version-history":[{"count":3,"href":"https:\/\/staging.aldeco.pt\/pt-pt\/wp-json\/wp\/v2\/product\/184386\/revisions"}],"predecessor-version":[{"id":200729,"href":"https:\/\/staging.aldeco.pt\/pt-pt\/wp-json\/wp\/v2\/product\/184386\/revisions\/200729"}],"wp:featuredmedia":[{"embeddable":true,"href":"https:\/\/staging.aldeco.pt\/pt-pt\/wp-json\/wp\/v2\/media\/155858"}],"wp:attachment":[{"href":"https:\/\/staging.aldeco.pt\/pt-pt\/wp-json\/wp\/v2\/media?parent=184386"}],"wp:term":[{"taxonomy":"product_brand","embeddable":true,"href":"https:\/\/staging.aldeco.pt\/pt-pt\/wp-json\/wp\/v2\/product_brand?post=184386"},{"taxonomy":"product_cat","embeddable":true,"href":"https:\/\/staging.aldeco.pt\/pt-pt\/wp-json\/wp\/v2\/product_cat?post=184386"},{"taxonomy":"product_tag","embeddable":true,"href":"https:\/\/staging.aldeco.pt\/pt-pt\/wp-json\/wp\/v2\/product_tag?post=184386"}],"curies":[{"name":"wp","href":"https:\/\/api.w.org\/{rel}","templated":true}]}}