{"id":184384,"date":"2024-05-09T20:40:33","date_gmt":"2024-05-09T20:40:33","guid":{"rendered":"https:\/\/aldeco.pt\/staging\/product\/jolly\/"},"modified":"2024-08-06T11:23:19","modified_gmt":"2024-08-06T11:23:19","slug":"jolly","status":"publish","type":"product","link":"https:\/\/staging.aldeco.pt\/pt-pt\/product\/jolly\/","title":{"rendered":"JOLLY"},"content":{"rendered":"<p>Tecido listrado de cortinados e decora\u00e7\u00e3o com micro riscas cuja principal cor \u00e9 o cor-de-rosa com laranja e o azul com tons verdes.<\/p>\n","protected":false},"excerpt":{"rendered":"<p>Tecido listrado de cortinados e decora\u00e7\u00e3o com micro riscas cuja principal cor \u00e9 o cor-de-rosa com laranja e o azul com tons verdes.<\/p>\n<h2>Jolly \u00e9 um tecido listrado de cortinados e decora\u00e7\u00e3o com micro riscas cuja principal cor \u00e9 o cor-de-rosa com laranja e o azul com tons verdes.<\/h2>\n<p><img fetchpriority=\"high\" decoding=\"async\" class=\"alignnone wp-image-181553 size-medium\" src=\"https:\/\/aldeco.pt\/staging\/wp-content\/uploads\/2024\/03\/T019010001-300x240.jpg\" alt=\"Jolly - Aldeco\" width=\"300\" height=\"240\"><\/p>\n<p><a href=\"https:\/\/aldeco.pt\/staging\/product\/jolly\/?attribute_pa_aldeco-color=01-happy-flower\">https:\/\/aldeco.pt\/staging\/product\/jolly\/?attribute_pa_aldeco-color=01-happy-flower<\/a><\/p>\n<p><a href=\"https:\/\/www.instagram.com\/aldeco_interiorfabrics\/\">https:\/\/www.instagram.com\/aldeco_interiorfabrics\/<\/a><\/p>\n<p>&nbsp;<\/p>\n","protected":false},"featured_media":155776,"template":"","meta":[],"product_brand":[],"product_cat":[6145],"product_tag":[],"class_list":{"0":"post-184384","1":"product","2":"type-product","3":"status-publish","4":"has-post-thumbnail","6":"product_cat-aldeco-2-pt-pt-2","7":"pa_cleanability-8282","8":"pa_composition-ext-base-60-li-40-co-pt-pt","9":"pa_interior-fabrics-1-pt-pt","10":"pa_line-tecidos","11":"pa_lithfastness-4-5-pt-pt","12":"pa_outdoor-0-pt-pt","13":"pa_range-bordado","14":"pa_range-transparente","15":"pa_rapport-horizontal-0-pt-pt","16":"pa_rapport-vertical-32-pt-pt","19":"first","20":"instock","21":"purchasable","22":"product-type-variable"},"acf":[],"_links":{"self":[{"href":"https:\/\/staging.aldeco.pt\/pt-pt\/wp-json\/wp\/v2\/product\/184384","targetHints":{"allow":["GET"]}}],"collection":[{"href":"https:\/\/staging.aldeco.pt\/pt-pt\/wp-json\/wp\/v2\/product"}],"about":[{"href":"https:\/\/staging.aldeco.pt\/pt-pt\/wp-json\/wp\/v2\/types\/product"}],"version-history":[{"count":1,"href":"https:\/\/staging.aldeco.pt\/pt-pt\/wp-json\/wp\/v2\/product\/184384\/revisions"}],"predecessor-version":[{"id":193332,"href":"https:\/\/staging.aldeco.pt\/pt-pt\/wp-json\/wp\/v2\/product\/184384\/revisions\/193332"}],"wp:featuredmedia":[{"embeddable":true,"href":"https:\/\/staging.aldeco.pt\/pt-pt\/wp-json\/wp\/v2\/media\/155776"}],"wp:attachment":[{"href":"https:\/\/staging.aldeco.pt\/pt-pt\/wp-json\/wp\/v2\/media?parent=184384"}],"wp:term":[{"taxonomy":"product_brand","embeddable":true,"href":"https:\/\/staging.aldeco.pt\/pt-pt\/wp-json\/wp\/v2\/product_brand?post=184384"},{"taxonomy":"product_cat","embeddable":true,"href":"https:\/\/staging.aldeco.pt\/pt-pt\/wp-json\/wp\/v2\/product_cat?post=184384"},{"taxonomy":"product_tag","embeddable":true,"href":"https:\/\/staging.aldeco.pt\/pt-pt\/wp-json\/wp\/v2\/product_tag?post=184384"}],"curies":[{"name":"wp","href":"https:\/\/api.w.org\/{rel}","templated":true}]}}