{"id":184353,"date":"2024-05-09T20:43:36","date_gmt":"2024-05-09T20:43:36","guid":{"rendered":"https:\/\/aldeco.pt\/staging\/product\/kim\/"},"modified":"2024-11-11T15:54:25","modified_gmt":"2024-11-11T15:54:25","slug":"kim","status":"publish","type":"product","link":"https:\/\/staging.aldeco.pt\/pt-pt\/product\/kim\/","title":{"rendered":"KIM"},"content":{"rendered":"<p>Kim \u00e9 um desenvolvimento do nosso tecido Key, criado atrav\u00e9s de um jogo de estruturas e riscas esfumadas. Com 140 cm de largura, apresentamos 14 cores fant\u00e1sticas que se destacam nesta colec\u00e7\u00e3o.<\/p>\n","protected":false},"excerpt":{"rendered":"<p>Kim \u00e9 um desenvolvimento do nosso tecido Key, criado atrav\u00e9s de um jogo de estruturas e riscas esfumadas. Com 140 cm de largura, apresentamos 14 cores fant\u00e1sticas que se destacam nesta colec\u00e7\u00e3o.<\/p>\n<h2>Kim \u00e9 um desenvolvimento do nosso tecido Key, criado atrav\u00e9s de um jogo de estruturas e riscas esfumadas. Com 140 cm de largura, apresentamos 14 cores fant\u00e1sticas que se destacam nesta colec\u00e7\u00e3o.<\/h2>\n<p><img fetchpriority=\"high\" decoding=\"async\" class=\"alignnone wp-image-181664 size-medium\" src=\"https:\/\/aldeco.pt\/staging\/wp-content\/uploads\/2024\/03\/T019960001-300x240.jpg\" alt=\"Kim - Aldeco\" width=\"300\" height=\"240\"><\/p>\n<p><a href=\"https:\/\/aldeco.pt\/staging\/product\/kim\/?attribute_pa_aldeco-color=01-pure-white\">https:\/\/aldeco.pt\/staging\/product\/kim\/?attribute_pa_aldeco-color=01-pure-white<\/a><\/p>\n<p><a href=\"https:\/\/www.instagram.com\/aldeco_interiorfabrics\/\">https:\/\/www.instagram.com\/aldeco_interiorfabrics\/<\/a><\/p>\n<p>&nbsp;<\/p>\n","protected":false},"featured_media":159240,"template":"","meta":[],"product_brand":[],"product_cat":[6145],"product_tag":[],"class_list":{"0":"post-184353","1":"product","2":"type-product","3":"status-publish","4":"has-post-thumbnail","6":"product_cat-aldeco-2-pt-pt-2","7":"pa_cleanability-8282","8":"pa_composition-ext-42-li-34-ny-24-pl-pt-pt","9":"pa_interior-fabrics-1-pt-pt","10":"pa_line-tecidos","11":"pa_lithfastness-9680","12":"pa_outdoor-0-pt-pt","13":"pa_range-jacquard-pt-pt","14":"pa_rapport-horizontal-23-8-pt-pt","15":"pa_rapport-vertical-35-pt-pt","18":"first","19":"instock","20":"purchasable","21":"product-type-variable"},"acf":[],"_links":{"self":[{"href":"https:\/\/staging.aldeco.pt\/pt-pt\/wp-json\/wp\/v2\/product\/184353","targetHints":{"allow":["GET"]}}],"collection":[{"href":"https:\/\/staging.aldeco.pt\/pt-pt\/wp-json\/wp\/v2\/product"}],"about":[{"href":"https:\/\/staging.aldeco.pt\/pt-pt\/wp-json\/wp\/v2\/types\/product"}],"version-history":[{"count":5,"href":"https:\/\/staging.aldeco.pt\/pt-pt\/wp-json\/wp\/v2\/product\/184353\/revisions"}],"predecessor-version":[{"id":211482,"href":"https:\/\/staging.aldeco.pt\/pt-pt\/wp-json\/wp\/v2\/product\/184353\/revisions\/211482"}],"wp:featuredmedia":[{"embeddable":true,"href":"https:\/\/staging.aldeco.pt\/pt-pt\/wp-json\/wp\/v2\/media\/159240"}],"wp:attachment":[{"href":"https:\/\/staging.aldeco.pt\/pt-pt\/wp-json\/wp\/v2\/media?parent=184353"}],"wp:term":[{"taxonomy":"product_brand","embeddable":true,"href":"https:\/\/staging.aldeco.pt\/pt-pt\/wp-json\/wp\/v2\/product_brand?post=184353"},{"taxonomy":"product_cat","embeddable":true,"href":"https:\/\/staging.aldeco.pt\/pt-pt\/wp-json\/wp\/v2\/product_cat?post=184353"},{"taxonomy":"product_tag","embeddable":true,"href":"https:\/\/staging.aldeco.pt\/pt-pt\/wp-json\/wp\/v2\/product_tag?post=184353"}],"curies":[{"name":"wp","href":"https:\/\/api.w.org\/{rel}","templated":true}]}}