{"id":184269,"date":"2024-05-09T20:40:39","date_gmt":"2024-05-09T20:40:39","guid":{"rendered":"https:\/\/aldeco.pt\/staging\/product\/joy-fr-wlb\/"},"modified":"2024-10-01T14:00:02","modified_gmt":"2024-10-01T14:00:02","slug":"joy-fr-wlb","status":"publish","type":"product","link":"https:\/\/staging.aldeco.pt\/pt-pt\/product\/joy-fr-wlb\/","title":{"rendered":"JOY FR WLB"},"content":{"rendered":"<p>Ideal para Cortina, Joy \u00e9 uma interpreta\u00e7\u00e3o din\u00e2mica do cl\u00e1ssico chevron, com um espinhado serpenteante muito elegante.<br \/>\nEncontra-se dispon\u00edvel em 9 cores.<\/p>\n","protected":false},"excerpt":{"rendered":"<p>Ideal para Cortina, Joy \u00e9 uma interpreta\u00e7\u00e3o din\u00e2mica do cl\u00e1ssico chevron, com um espinhado serpenteante muito elegante.<br \/>\nEncontra-se dispon\u00edvel em 9 cores.<\/p>\n<h2>JOY FR WLB \u00e9 ideal para Cortina, Joy \u00e9 uma interpreta\u00e7\u00e3o din\u00e2mica do cl\u00e1ssico chevron, com um espinhado serpenteante muito elegante.<br \/>\nEncontra-se dispon\u00edvel em 9 cores.<\/h2>\n<p><img fetchpriority=\"high\" decoding=\"async\" class=\"alignnone wp-image-181563 size-medium\" src=\"https:\/\/aldeco.pt\/staging\/wp-content\/uploads\/2024\/01\/T191210001-4-300x212.jpg\" alt=\"Joy FR Wlb - Aldeco\" width=\"300\" height=\"212\" \/><\/p>\n<p><a href=\"https:\/\/aldeco.pt\/staging\/product\/joy-fr-wlb\/?attribute_pa_aldeco-color=01-pure-white\">https:\/\/aldeco.pt\/staging\/product\/joy-fr-wlb\/?attribute_pa_aldeco-color=01-pure-white<\/a><\/p>\n<p><a href=\"https:\/\/www.instagram.com\/aldeco_interiorfabrics\/\">https:\/\/www.instagram.com\/aldeco_interiorfabrics\/<\/a><\/p>\n","protected":false},"featured_media":159184,"template":"","meta":[],"product_brand":[],"product_cat":[6145],"product_tag":[],"class_list":{"0":"post-184269","1":"product","2":"type-product","3":"status-publish","4":"has-post-thumbnail","6":"product_cat-aldeco-2-pt-pt-2","7":"pa_cleanability-8282","8":"pa_composition-ext-100-pl-fr-pt-pt","9":"pa_contract-fabrics-1-pt-pt","10":"pa_interior-fabrics-1-pt-pt","11":"pa_line-tecidos","12":"pa_lithfastness-5-pt-pt","13":"pa_outdoor-0-pt-pt","14":"pa_range-jacquard-pt-pt","15":"pa_range-transparente","16":"pa_rapport-horizontal-60-pt-pt","17":"pa_rapport-vertical-18-5-pt-pt","18":"pa_special-treatments-fabrics-1-pt-pt","21":"first","22":"instock","23":"purchasable","24":"product-type-variable"},"acf":[],"_links":{"self":[{"href":"https:\/\/staging.aldeco.pt\/pt-pt\/wp-json\/wp\/v2\/product\/184269","targetHints":{"allow":["GET"]}}],"collection":[{"href":"https:\/\/staging.aldeco.pt\/pt-pt\/wp-json\/wp\/v2\/product"}],"about":[{"href":"https:\/\/staging.aldeco.pt\/pt-pt\/wp-json\/wp\/v2\/types\/product"}],"version-history":[{"count":2,"href":"https:\/\/staging.aldeco.pt\/pt-pt\/wp-json\/wp\/v2\/product\/184269\/revisions"}],"predecessor-version":[{"id":201679,"href":"https:\/\/staging.aldeco.pt\/pt-pt\/wp-json\/wp\/v2\/product\/184269\/revisions\/201679"}],"wp:featuredmedia":[{"embeddable":true,"href":"https:\/\/staging.aldeco.pt\/pt-pt\/wp-json\/wp\/v2\/media\/159184"}],"wp:attachment":[{"href":"https:\/\/staging.aldeco.pt\/pt-pt\/wp-json\/wp\/v2\/media?parent=184269"}],"wp:term":[{"taxonomy":"product_brand","embeddable":true,"href":"https:\/\/staging.aldeco.pt\/pt-pt\/wp-json\/wp\/v2\/product_brand?post=184269"},{"taxonomy":"product_cat","embeddable":true,"href":"https:\/\/staging.aldeco.pt\/pt-pt\/wp-json\/wp\/v2\/product_cat?post=184269"},{"taxonomy":"product_tag","embeddable":true,"href":"https:\/\/staging.aldeco.pt\/pt-pt\/wp-json\/wp\/v2\/product_tag?post=184269"}],"curies":[{"name":"wp","href":"https:\/\/api.w.org\/{rel}","templated":true}]}}