{"id":184264,"date":"2024-05-09T20:43:00","date_gmt":"2024-05-09T20:43:00","guid":{"rendered":"https:\/\/aldeco.pt\/staging\/product\/key\/"},"modified":"2024-09-30T09:58:48","modified_gmt":"2024-09-30T09:58:48","slug":"key","status":"publish","type":"product","link":"https:\/\/staging.aldeco.pt\/pt-pt\/product\/key\/","title":{"rendered":"KEY"},"content":{"rendered":"<p>Lindo tecido semi brilhante, com textura e sombra irregulares. As cores s\u00e3o fortes, brilhantes e arrojadas. Adequado para decora\u00e7\u00e3o e estofo, devido \u00e0 sua alta resist\u00eancia \u00e0 abras\u00e3o.<\/p>\n","protected":false},"excerpt":{"rendered":"<p>Lindo tecido semi brilhante, com textura e sombra irregulares. As cores s\u00e3o fortes, brilhantes e arrojadas. Adequado para decora\u00e7\u00e3o e estofo, devido \u00e0 sua alta resist\u00eancia \u00e0 abras\u00e3o.<\/p>\n<h2>KEY \u00e9 um lindo tecido semi brilhante, com textura e sombra irregulares. As cores s\u00e3o fortes, brilhantes e arrojadas. Adequado para decora\u00e7\u00e3o e estofo, devido \u00e0 sua alta resist\u00eancia \u00e0 abras\u00e3o.<\/h2>\n<p><img fetchpriority=\"high\" decoding=\"async\" class=\"alignnone wp-image-181616 size-medium\" src=\"https:\/\/aldeco.pt\/staging\/wp-content\/uploads\/2024\/03\/T018720001-300x280.jpg\" alt=\"Key - Aldeco\" width=\"300\" height=\"280\" \/><\/p>\n<p><a href=\"https:\/\/aldeco.pt\/staging\/product\/key\/?attribute_pa_aldeco-color=01-snow-white\">https:\/\/aldeco.pt\/staging\/product\/key\/?attribute_pa_aldeco-color=01-snow-white<\/a><\/p>\n<p><a href=\"https:\/\/www.instagram.com\/aldeco_interiorfabrics\/\">https:\/\/www.instagram.com\/aldeco_interiorfabrics\/<\/a><\/p>\n<p>&nbsp;<\/p>\n","protected":false},"featured_media":177865,"template":"","meta":[],"product_brand":[],"product_cat":[6145],"product_tag":[],"class_list":{"0":"post-184264","1":"product","2":"type-product","3":"status-publish","4":"has-post-thumbnail","6":"product_cat-aldeco-2-pt-pt-2","7":"pa_cleanability-8282","8":"pa_composition-ext-29-pa-23-vi-32-li-16-pl-pt-pt","9":"pa_interior-fabrics-1-pt-pt","10":"pa_line-tecidos","11":"pa_lithfastness-9680","12":"pa_outdoor-0-pt-pt","13":"pa_range-jacquard-pt-pt","14":"pa_rapport-vertical-11009","17":"first","18":"instock","19":"purchasable","20":"product-type-variable"},"acf":[],"_links":{"self":[{"href":"https:\/\/staging.aldeco.pt\/pt-pt\/wp-json\/wp\/v2\/product\/184264","targetHints":{"allow":["GET"]}}],"collection":[{"href":"https:\/\/staging.aldeco.pt\/pt-pt\/wp-json\/wp\/v2\/product"}],"about":[{"href":"https:\/\/staging.aldeco.pt\/pt-pt\/wp-json\/wp\/v2\/types\/product"}],"version-history":[{"count":2,"href":"https:\/\/staging.aldeco.pt\/pt-pt\/wp-json\/wp\/v2\/product\/184264\/revisions"}],"predecessor-version":[{"id":200940,"href":"https:\/\/staging.aldeco.pt\/pt-pt\/wp-json\/wp\/v2\/product\/184264\/revisions\/200940"}],"wp:featuredmedia":[{"embeddable":true,"href":"https:\/\/staging.aldeco.pt\/pt-pt\/wp-json\/wp\/v2\/media\/177865"}],"wp:attachment":[{"href":"https:\/\/staging.aldeco.pt\/pt-pt\/wp-json\/wp\/v2\/media?parent=184264"}],"wp:term":[{"taxonomy":"product_brand","embeddable":true,"href":"https:\/\/staging.aldeco.pt\/pt-pt\/wp-json\/wp\/v2\/product_brand?post=184264"},{"taxonomy":"product_cat","embeddable":true,"href":"https:\/\/staging.aldeco.pt\/pt-pt\/wp-json\/wp\/v2\/product_cat?post=184264"},{"taxonomy":"product_tag","embeddable":true,"href":"https:\/\/staging.aldeco.pt\/pt-pt\/wp-json\/wp\/v2\/product_tag?post=184264"}],"curies":[{"name":"wp","href":"https:\/\/api.w.org\/{rel}","templated":true}]}}