{"id":184256,"date":"2024-05-09T20:39:11","date_gmt":"2024-05-09T20:39:11","guid":{"rendered":"https:\/\/aldeco.pt\/staging\/product\/intimate\/"},"modified":"2024-09-19T09:51:19","modified_gmt":"2024-09-19T09:51:19","slug":"intimate","status":"publish","type":"product","link":"https:\/\/staging.aldeco.pt\/pt-pt\/product\/intimate\/","title":{"rendered":"INTIMATE"},"content":{"rendered":"<p>Tecido s\u00f3brio e sofisticado de aspecto natural onde existe uma excelente combina\u00e7\u00e3o entre a l\u00e3, o linho e o fio met\u00e1lico.<br \/>\nEncontra-se dispon\u00edvel em 4 cores.<\/p>\n","protected":false},"excerpt":{"rendered":"<p>Tecido s\u00f3brio e sofisticado de aspecto natural onde existe uma excelente combina\u00e7\u00e3o entre a l\u00e3, o linho e o fio met\u00e1lico.<br \/>\nEncontra-se dispon\u00edvel em 4 cores.<\/p>\n","protected":false},"featured_media":155763,"template":"","meta":[],"product_brand":[],"product_cat":[6145],"product_tag":[],"class_list":{"0":"post-184256","1":"product","2":"type-product","3":"status-publish","4":"has-post-thumbnail","6":"product_cat-aldeco-2-pt-pt-2","7":"pa_cleanability-8282","8":"pa_composition-ext-30-pl-30-wo-25-li-15-pa-pt-pt","9":"pa_interior-fabrics-1-pt-pt","10":"pa_line-tecidos","11":"pa_lithfastness-4-5-pt-pt","12":"pa_outdoor-0-pt-pt","13":"pa_range-liso","14":"pa_range-transparente","15":"pa_rapport-vertical-11009","18":"first","19":"instock","20":"purchasable","21":"product-type-variable"},"acf":[],"_links":{"self":[{"href":"https:\/\/staging.aldeco.pt\/pt-pt\/wp-json\/wp\/v2\/product\/184256","targetHints":{"allow":["GET"]}}],"collection":[{"href":"https:\/\/staging.aldeco.pt\/pt-pt\/wp-json\/wp\/v2\/product"}],"about":[{"href":"https:\/\/staging.aldeco.pt\/pt-pt\/wp-json\/wp\/v2\/types\/product"}],"version-history":[{"count":1,"href":"https:\/\/staging.aldeco.pt\/pt-pt\/wp-json\/wp\/v2\/product\/184256\/revisions"}],"predecessor-version":[{"id":193755,"href":"https:\/\/staging.aldeco.pt\/pt-pt\/wp-json\/wp\/v2\/product\/184256\/revisions\/193755"}],"wp:featuredmedia":[{"embeddable":true,"href":"https:\/\/staging.aldeco.pt\/pt-pt\/wp-json\/wp\/v2\/media\/155763"}],"wp:attachment":[{"href":"https:\/\/staging.aldeco.pt\/pt-pt\/wp-json\/wp\/v2\/media?parent=184256"}],"wp:term":[{"taxonomy":"product_brand","embeddable":true,"href":"https:\/\/staging.aldeco.pt\/pt-pt\/wp-json\/wp\/v2\/product_brand?post=184256"},{"taxonomy":"product_cat","embeddable":true,"href":"https:\/\/staging.aldeco.pt\/pt-pt\/wp-json\/wp\/v2\/product_cat?post=184256"},{"taxonomy":"product_tag","embeddable":true,"href":"https:\/\/staging.aldeco.pt\/pt-pt\/wp-json\/wp\/v2\/product_tag?post=184256"}],"curies":[{"name":"wp","href":"https:\/\/api.w.org\/{rel}","templated":true}]}}