{"id":184248,"date":"2024-05-09T20:39:39","date_gmt":"2024-05-09T20:39:39","guid":{"rendered":"https:\/\/aldeco.pt\/staging\/product\/jasmine\/"},"modified":"2024-08-06T11:23:20","modified_gmt":"2024-08-06T11:23:20","slug":"jasmine","status":"publish","type":"product","link":"https:\/\/staging.aldeco.pt\/pt-pt\/product\/jasmine\/","title":{"rendered":"JASMINE"},"content":{"rendered":"<p>Jasmine possui um micro-motivo de inspira\u00e7\u00e3o floral. A suavidade do fio chenille torna-o um desenho muito especial e confere-lhe uma suavidade \u00fanica.<\/p>\n","protected":false},"excerpt":{"rendered":"<p>Jasmine possui um micro-motivo de inspira\u00e7\u00e3o floral. A suavidade do fio chenille torna-o um desenho muito especial e confere-lhe uma suavidade \u00fanica.<\/p>\n<h2>Jasmine possui um micro-motivo de inspira\u00e7\u00e3o floral. A suavidade do fio chenille torna-o um desenho muito especial e confere-lhe uma suavidade \u00fanica.<\/h2>\n<p><img fetchpriority=\"high\" decoding=\"async\" class=\"alignnone wp-image-181494 size-medium\" src=\"https:\/\/aldeco.pt\/staging\/wp-content\/uploads\/2024\/01\/T190680001-3-300x200.jpg\" alt=\"Jasmine - Aldeco\" width=\"300\" height=\"200\"><\/p>\n<p><a href=\"https:\/\/aldeco.pt\/staging\/product\/jasmine\/?attribute_pa_aldeco-color=01-white-star\">https:\/\/aldeco.pt\/staging\/product\/jasmine\/?attribute_pa_aldeco-color=01-white-star<\/a><\/p>\n<p><a href=\"https:\/\/www.instagram.com\/aldeco_interiorfabrics\/\">https:\/\/www.instagram.com\/aldeco_interiorfabrics\/<\/a><\/p>\n<p>&nbsp;<\/p>\n","protected":false},"featured_media":155772,"template":"","meta":[],"product_brand":[],"product_cat":[6145],"product_tag":[],"class_list":{"0":"post-184248","1":"product","2":"type-product","3":"status-publish","4":"has-post-thumbnail","6":"product_cat-aldeco-2-pt-pt-2","7":"pa_cleanability-8282","8":"pa_composition-ext-54-co-25-pl-21-vi-pt-pt","9":"pa_interior-fabrics-1-pt-pt","10":"pa_line-tecidos","11":"pa_lithfastness-4-pt-pt","12":"pa_outdoor-0-pt-pt","13":"pa_range-chenile","14":"pa_rapport-horizontal-1-5-pt-pt","15":"pa_rapport-vertical-0-5-pt-pt","18":"first","19":"instock","20":"purchasable","21":"product-type-variable"},"acf":[],"_links":{"self":[{"href":"https:\/\/staging.aldeco.pt\/pt-pt\/wp-json\/wp\/v2\/product\/184248","targetHints":{"allow":["GET"]}}],"collection":[{"href":"https:\/\/staging.aldeco.pt\/pt-pt\/wp-json\/wp\/v2\/product"}],"about":[{"href":"https:\/\/staging.aldeco.pt\/pt-pt\/wp-json\/wp\/v2\/types\/product"}],"version-history":[{"count":1,"href":"https:\/\/staging.aldeco.pt\/pt-pt\/wp-json\/wp\/v2\/product\/184248\/revisions"}],"predecessor-version":[{"id":193207,"href":"https:\/\/staging.aldeco.pt\/pt-pt\/wp-json\/wp\/v2\/product\/184248\/revisions\/193207"}],"wp:featuredmedia":[{"embeddable":true,"href":"https:\/\/staging.aldeco.pt\/pt-pt\/wp-json\/wp\/v2\/media\/155772"}],"wp:attachment":[{"href":"https:\/\/staging.aldeco.pt\/pt-pt\/wp-json\/wp\/v2\/media?parent=184248"}],"wp:term":[{"taxonomy":"product_brand","embeddable":true,"href":"https:\/\/staging.aldeco.pt\/pt-pt\/wp-json\/wp\/v2\/product_brand?post=184248"},{"taxonomy":"product_cat","embeddable":true,"href":"https:\/\/staging.aldeco.pt\/pt-pt\/wp-json\/wp\/v2\/product_cat?post=184248"},{"taxonomy":"product_tag","embeddable":true,"href":"https:\/\/staging.aldeco.pt\/pt-pt\/wp-json\/wp\/v2\/product_tag?post=184248"}],"curies":[{"name":"wp","href":"https:\/\/api.w.org\/{rel}","templated":true}]}}