{"id":184222,"date":"2024-05-09T20:38:12","date_gmt":"2024-05-09T20:38:12","guid":{"rendered":"https:\/\/aldeco.pt\/staging\/product\/inhaus-printed-velvet-viraloff\/"},"modified":"2024-10-02T13:55:59","modified_gmt":"2024-10-02T13:55:59","slug":"inhaus-printed-velvet-viraloff","status":"publish","type":"product","link":"https:\/\/staging.aldeco.pt\/pt-pt\/product\/inhaus-printed-velvet-viraloff\/","title":{"rendered":"INHAUS PRINTED VELVET VIRALOFF"},"content":{"rendered":"<p>InHAUS \u00e9 um tecido de transi\u00e7\u00e3o da cole\u00e7\u00e3o anterior Invicta 2020, com uma forte inspira\u00e7\u00e3o no legado da Bauhaus.<br \/>\nSeguindo a nossa consci\u00eancia ambiental, este veludo de algod\u00e3o de pelo alto foi desenvolvido com um tratamento inerente com Polygiene ViralOff, que \u00e9 um tratamento que \u00e9 absorvido pela pr\u00f3pria fibra, aquando a produ\u00e7\u00e3o. Este tratamento elimina 99% dos v\u00edrus no prazo de 2 horas.<br \/>\nA inspira\u00e7\u00e3o Bauhaus est\u00e1 presente na arquitectura geom\u00e9trica urbana, desconstru\u00edda e montada segundo a est\u00e9tica deste movimento art\u00edstico. Este desenho transporta-nos para um lugar acolhedor, onde a harmonia das formas geom\u00e9tricas e org\u00e2nicas se unem como um quadro de uma Arquitectura Geom\u00e9trica Urbana.<br \/>\nEste suave veludo macio est\u00e1 dispon\u00edvel em 3 cores e pode ser tratado em FR.<br \/>\n\u00c9 poss\u00edvel encomendar com certificado COEX FR, mas n\u00e3o pode ser simultaneamente com tratamento antiviral.<\/p>\n","protected":false},"excerpt":{"rendered":"<p>InHAUS \u00e9 um tecido de transi\u00e7\u00e3o da cole\u00e7\u00e3o anterior Invicta 2020, com uma forte inspira\u00e7\u00e3o no legado da Bauhaus.<\/p>\n<p>Seguindo a nossa consci\u00eancia ambiental, este veludo de algod\u00e3o de pelo alto foi desenvolvido com um tratamento inerente com Polygiene ViralOff, que \u00e9 um tratamento que \u00e9 absorvido pela pr\u00f3pria fibra, aquando a produ\u00e7\u00e3o. Este tratamento elimina 99% dos v\u00edrus no prazo de 2 horas.<\/p>\n<p>A inspira\u00e7\u00e3o Bauhaus est\u00e1 presente na arquitectura geom\u00e9trica urbana, desconstru\u00edda e montada segundo a est\u00e9tica deste movimento art\u00edstico. Este desenho transporta-nos para um lugar acolhedor, onde a harmonia das formas geom\u00e9tricas e org\u00e2nicas se unem como um quadro de uma Arquitectura Geom\u00e9trica Urbana.<\/p>\n<p>Este suave veludo macio est\u00e1 dispon\u00edvel em 3 cores e pode ser tratado em FR.<br \/>\n\u00c9 poss\u00edvel encomendar com certificado COEX FR, mas n\u00e3o pode ser simultaneamente com tratamento antiviral.<\/p>\n<h2>InHAUS \u00e9 um tecido de transi\u00e7\u00e3o da cole\u00e7\u00e3o anterior Invicta 2020, com uma forte inspira\u00e7\u00e3o no legado da Bauhaus.<\/h2>\n<h2>Seguindo a nossa consci\u00eancia ambiental, este veludo de algod\u00e3o de pelo alto foi desenvolvido com um tratamento inerente com Polygiene ViralOff, que \u00e9 um tratamento que \u00e9 absorvido pela pr\u00f3pria fibra, aquando a produ\u00e7\u00e3o. Este tratamento elimina 99% dos v\u00edrus no prazo de 2 horas.<\/h2>\n<h2><img fetchpriority=\"high\" decoding=\"async\" class=\"alignnone wp-image-181387 size-medium\" src=\"https:\/\/aldeco.pt\/staging\/wp-content\/uploads\/2024\/01\/T192010002-3-300x225.jpg\" alt=\"Inhaus Printed - Aldeco\" width=\"300\" height=\"225\" \/><\/h2>\n<p><a href=\"https:\/\/www.instagram.com\/aldeco_interiorfabrics\/\">https:\/\/www.instagram.com\/aldeco_interiorfabrics\/<\/a><\/p>\n<p><a href=\"https:\/\/aldeco.pt\/staging\/product\/inhaus-printed-velvet-viraloff\/?attribute_pa_aldeco-color=01-toast-coffee\">https:\/\/aldeco.pt\/staging\/product\/inhaus-printed-velvet-viraloff\/?attribute_pa_aldeco-color=01-toast-coffee<\/a><\/p>\n<h2><\/h2>\n","protected":false},"featured_media":155750,"template":"","meta":[],"product_brand":[],"product_cat":[6145],"product_tag":[],"class_list":{"0":"post-184222","1":"product","2":"type-product","3":"status-publish","4":"has-post-thumbnail","6":"product_cat-aldeco-2-pt-pt-2","7":"pa_cleanability-8282","8":"pa_composition-ext-100-co-pt-pt","9":"pa_interior-fabrics-1-pt-pt","10":"pa_line-tecidos","11":"pa_lithfastness-3-4-pt-pt","12":"pa_lithfastness-3-6-pt-pt","13":"pa_outdoor-0-pt-pt","14":"pa_range-estampado","15":"pa_range-veludo","16":"pa_rapport-horizontal-140-pt-pt","17":"pa_rapport-vertical-76-pt-pt","18":"pa_special-treatments-fabrics-1-pt-pt","21":"first","22":"instock","23":"purchasable","24":"product-type-variable"},"acf":[],"_links":{"self":[{"href":"https:\/\/staging.aldeco.pt\/pt-pt\/wp-json\/wp\/v2\/product\/184222","targetHints":{"allow":["GET"]}}],"collection":[{"href":"https:\/\/staging.aldeco.pt\/pt-pt\/wp-json\/wp\/v2\/product"}],"about":[{"href":"https:\/\/staging.aldeco.pt\/pt-pt\/wp-json\/wp\/v2\/types\/product"}],"version-history":[{"count":2,"href":"https:\/\/staging.aldeco.pt\/pt-pt\/wp-json\/wp\/v2\/product\/184222\/revisions"}],"predecessor-version":[{"id":201853,"href":"https:\/\/staging.aldeco.pt\/pt-pt\/wp-json\/wp\/v2\/product\/184222\/revisions\/201853"}],"wp:featuredmedia":[{"embeddable":true,"href":"https:\/\/staging.aldeco.pt\/pt-pt\/wp-json\/wp\/v2\/media\/155750"}],"wp:attachment":[{"href":"https:\/\/staging.aldeco.pt\/pt-pt\/wp-json\/wp\/v2\/media?parent=184222"}],"wp:term":[{"taxonomy":"product_brand","embeddable":true,"href":"https:\/\/staging.aldeco.pt\/pt-pt\/wp-json\/wp\/v2\/product_brand?post=184222"},{"taxonomy":"product_cat","embeddable":true,"href":"https:\/\/staging.aldeco.pt\/pt-pt\/wp-json\/wp\/v2\/product_cat?post=184222"},{"taxonomy":"product_tag","embeddable":true,"href":"https:\/\/staging.aldeco.pt\/pt-pt\/wp-json\/wp\/v2\/product_tag?post=184222"}],"curies":[{"name":"wp","href":"https:\/\/api.w.org\/{rel}","templated":true}]}}