{"id":184197,"date":"2024-05-09T20:37:09","date_gmt":"2024-05-09T20:37:09","guid":{"rendered":"https:\/\/aldeco.pt\/staging\/product\/hummingbird-printed\/"},"modified":"2024-10-01T16:22:07","modified_gmt":"2024-10-01T16:22:07","slug":"hummingbird-printed","status":"publish","type":"product","link":"https:\/\/staging.aldeco.pt\/pt-pt\/product\/hummingbird-printed\/","title":{"rendered":"HUMMINGBIRD PRINTED"},"content":{"rendered":"<p>Impress\u00e3o digital numa base de cetim 100% algod\u00e3o de alta qualidade, e com fio mercerizado. \u00c9 maravilhoso ao tato, e na forma como &#8220;cai&#8221; como um drapeado. A inspira\u00e7\u00e3o vem da beleza, eleg\u00e2ncia e delicadeza do beija-flor.<\/p>\n","protected":false},"excerpt":{"rendered":"<p>HUMMINGBIRD PRINTED \u00e9 uma impress\u00e3o digital numa base de cetim 100% algod\u00e3o de alta qualidade, e com fio mercerizado. \u00c9 maravilhoso ao tato, e na forma como &#8220;cai&#8221; como um drapeado. A inspira\u00e7\u00e3o vem da beleza, eleg\u00e2ncia e delicadeza do beija-flor.<\/p>\n<h2>HUMMINGBIRD PRINTED \u00e9 uma impress\u00e3o digital numa base de cetim 100% algod\u00e3o de alta qualidade, e com fio mercerizado. \u00c9 maravilhoso ao tato, e na forma como &#8220;cai&#8221; como um drapeado. A inspira\u00e7\u00e3o vem da beleza, eleg\u00e2ncia e delicadeza do beija-flor.<\/h2>\n<p><img fetchpriority=\"high\" decoding=\"async\" class=\"alignnone wp-image-181335 size-medium\" src=\"https:\/\/aldeco.pt\/staging\/wp-content\/uploads\/2024\/03\/T019280001-300x240.jpg\" alt=\"Hummingbird Printed - Aldeco\" width=\"300\" height=\"240\" \/><\/p>\n<p><a href=\"https:\/\/aldeco.pt\/staging\/product\/hummingbird-printed\/?attribute_pa_aldeco-color=01-dazzling-blue\">https:\/\/aldeco.pt\/staging\/product\/hummingbird-printed\/?attribute_pa_aldeco-color=01-dazzling-blue<\/a><\/p>\n<p><a href=\"https:\/\/www.instagram.com\/aldeco_interiorfabrics\/\">https:\/\/www.instagram.com\/aldeco_interiorfabrics\/<\/a><\/p>\n<p>&nbsp;<\/p>\n","protected":false},"featured_media":159144,"template":"","meta":[],"product_brand":[],"product_cat":[6145],"product_tag":[],"class_list":{"0":"post-184197","1":"product","2":"type-product","3":"status-publish","4":"has-post-thumbnail","6":"product_cat-aldeco-2-pt-pt-2","7":"pa_cleanability-8282","8":"pa_composition-ext-100-co-pt-pt","9":"pa_interior-fabrics-1-pt-pt","10":"pa_line-tecidos","11":"pa_lithfastness-4-pt-pt","12":"pa_outdoor-0-pt-pt","13":"pa_range-estampado","14":"pa_rapport-horizontal-53-pt-pt","15":"pa_rapport-vertical-53-pt-pt","18":"first","19":"instock","20":"purchasable","21":"product-type-variable"},"acf":[],"_links":{"self":[{"href":"https:\/\/staging.aldeco.pt\/pt-pt\/wp-json\/wp\/v2\/product\/184197","targetHints":{"allow":["GET"]}}],"collection":[{"href":"https:\/\/staging.aldeco.pt\/pt-pt\/wp-json\/wp\/v2\/product"}],"about":[{"href":"https:\/\/staging.aldeco.pt\/pt-pt\/wp-json\/wp\/v2\/types\/product"}],"version-history":[{"count":2,"href":"https:\/\/staging.aldeco.pt\/pt-pt\/wp-json\/wp\/v2\/product\/184197\/revisions"}],"predecessor-version":[{"id":201745,"href":"https:\/\/staging.aldeco.pt\/pt-pt\/wp-json\/wp\/v2\/product\/184197\/revisions\/201745"}],"wp:featuredmedia":[{"embeddable":true,"href":"https:\/\/staging.aldeco.pt\/pt-pt\/wp-json\/wp\/v2\/media\/159144"}],"wp:attachment":[{"href":"https:\/\/staging.aldeco.pt\/pt-pt\/wp-json\/wp\/v2\/media?parent=184197"}],"wp:term":[{"taxonomy":"product_brand","embeddable":true,"href":"https:\/\/staging.aldeco.pt\/pt-pt\/wp-json\/wp\/v2\/product_brand?post=184197"},{"taxonomy":"product_cat","embeddable":true,"href":"https:\/\/staging.aldeco.pt\/pt-pt\/wp-json\/wp\/v2\/product_cat?post=184197"},{"taxonomy":"product_tag","embeddable":true,"href":"https:\/\/staging.aldeco.pt\/pt-pt\/wp-json\/wp\/v2\/product_tag?post=184197"}],"curies":[{"name":"wp","href":"https:\/\/api.w.org\/{rel}","templated":true}]}}