{"id":184196,"date":"2024-05-09T20:38:31","date_gmt":"2024-05-09T20:38:31","guid":{"rendered":"https:\/\/aldeco.pt\/staging\/product\/inspiration\/"},"modified":"2024-10-01T14:49:17","modified_gmt":"2024-10-01T14:49:17","slug":"inspiration","status":"publish","type":"product","link":"https:\/\/staging.aldeco.pt\/pt-pt\/product\/inspiration\/","title":{"rendered":"INSPIRATION"},"content":{"rendered":"<p>Inspiration \u00e9 um tecido muito especial com um toque suave e elevado Martindale. Inspirado nas fibras das penas de p\u00e1ssaros e do leito do rios, este chenille est\u00e1 dispon\u00edvel em 10 cores maravilhosas.<\/p>\n","protected":false},"excerpt":{"rendered":"<p>Inspiration \u00e9 um tecido muito especial com um toque suave e elevado Martindale. Inspirado nas fibras das penas de p\u00e1ssaros e do leito do rios, este chenille est\u00e1 dispon\u00edvel em 10 cores maravilhosas.<\/p>\n<h2>Inspiration \u00e9 um tecido muito especial com um toque suave e elevado Martindale. Inspirado nas fibras das penas de p\u00e1ssaros e do leito do rios, este chenille est\u00e1 dispon\u00edvel em 10 cores maravilhosas.<\/h2>\n<p><img fetchpriority=\"high\" decoding=\"async\" class=\"alignnone wp-image-181415 size-medium\" src=\"https:\/\/aldeco.pt\/staging\/wp-content\/uploads\/2024\/01\/T190670001-6-300x200.jpg\" alt=\"Inspiration - Aldeco\" width=\"300\" height=\"200\" \/><\/p>\n<p><a href=\"https:\/\/aldeco.pt\/staging\/product\/inspiration\/?attribute_pa_aldeco-color=01-white-star\">https:\/\/aldeco.pt\/staging\/product\/inspiration\/?attribute_pa_aldeco-color=01-white-star<\/a><\/p>\n<p><a href=\"https:\/\/www.instagram.com\/aldeco_interiorfabrics\/\">https:\/\/www.instagram.com\/aldeco_interiorfabrics\/<\/a><\/p>\n<p>&nbsp;<\/p>\n","protected":false},"featured_media":155754,"template":"","meta":[],"product_brand":[],"product_cat":[6145],"product_tag":[],"class_list":{"0":"post-184196","1":"product","2":"type-product","3":"status-publish","4":"has-post-thumbnail","6":"product_cat-aldeco-2-pt-pt-2","7":"pa_cleanability-8282","8":"pa_composition-ext-46-vi-35-co-19-pl-pt-pt","9":"pa_interior-fabrics-1-pt-pt","10":"pa_line-tecidos","11":"pa_lithfastness-4-pt-pt","12":"pa_outdoor-0-pt-pt","13":"pa_range-chenile","14":"pa_rapport-vertical-11009","17":"first","18":"instock","19":"purchasable","20":"product-type-variable"},"acf":[],"_links":{"self":[{"href":"https:\/\/staging.aldeco.pt\/pt-pt\/wp-json\/wp\/v2\/product\/184196","targetHints":{"allow":["GET"]}}],"collection":[{"href":"https:\/\/staging.aldeco.pt\/pt-pt\/wp-json\/wp\/v2\/product"}],"about":[{"href":"https:\/\/staging.aldeco.pt\/pt-pt\/wp-json\/wp\/v2\/types\/product"}],"version-history":[{"count":2,"href":"https:\/\/staging.aldeco.pt\/pt-pt\/wp-json\/wp\/v2\/product\/184196\/revisions"}],"predecessor-version":[{"id":201716,"href":"https:\/\/staging.aldeco.pt\/pt-pt\/wp-json\/wp\/v2\/product\/184196\/revisions\/201716"}],"wp:featuredmedia":[{"embeddable":true,"href":"https:\/\/staging.aldeco.pt\/pt-pt\/wp-json\/wp\/v2\/media\/155754"}],"wp:attachment":[{"href":"https:\/\/staging.aldeco.pt\/pt-pt\/wp-json\/wp\/v2\/media?parent=184196"}],"wp:term":[{"taxonomy":"product_brand","embeddable":true,"href":"https:\/\/staging.aldeco.pt\/pt-pt\/wp-json\/wp\/v2\/product_brand?post=184196"},{"taxonomy":"product_cat","embeddable":true,"href":"https:\/\/staging.aldeco.pt\/pt-pt\/wp-json\/wp\/v2\/product_cat?post=184196"},{"taxonomy":"product_tag","embeddable":true,"href":"https:\/\/staging.aldeco.pt\/pt-pt\/wp-json\/wp\/v2\/product_tag?post=184196"}],"curies":[{"name":"wp","href":"https:\/\/api.w.org\/{rel}","templated":true}]}}