{"id":184138,"date":"2024-05-09T20:36:48","date_gmt":"2024-05-09T20:36:48","guid":{"rendered":"https:\/\/aldeco.pt\/staging\/product\/hot\/"},"modified":"2024-10-02T11:24:45","modified_gmt":"2024-10-02T11:24:45","slug":"hot","status":"publish","type":"product","link":"https:\/\/staging.aldeco.pt\/pt-pt\/product\/hot\/","title":{"rendered":"HOT"},"content":{"rendered":"<p>Este tecido de cortina \u00e9 uma transpar\u00eancia texturada com uma apar\u00eancia muito natural e verdadeiramente suave. Este misto de linho e polyester, tem como principais vantagens oferecer uma apar\u00eancia muito distinta, semelhante a um tecido 100% linho, muito leve e elegante, mas sem as desvantagens inerentes a esta fibra natural, pois \u00e9 resistente \u00e0 luz e \u00e0s lavagens, n\u00e3o encolhe como as op\u00e7\u00f5es 100% linho e tem uma apar\u00eancia mais lisa. Este tecido tem 330 cm de largura e cai de uma forma muito elegante. Dispon\u00edvel em 8 cores.<\/p>\n","protected":false},"excerpt":{"rendered":"<p>HOT \u00e9 um tecido de cortina com uma transpar\u00eancia texturada e uma apar\u00eancia muito natural e verdadeiramente suave. Este misto de linho e polyester, tem como principais vantagens oferecer uma apar\u00eancia muito distinta, semelhante a um tecido 100% linho, muito leve e elegante, mas sem as desvantagens inerentes a esta fibra natural, pois \u00e9 resistente \u00e0 luz e \u00e0s lavagens, n\u00e3o encolhe como as op\u00e7\u00f5es 100% linho e tem uma apar\u00eancia mais lisa. Este tecido tem 330 cm de largura e cai de uma forma muito elegante. Dispon\u00edvel em 8 cores.<\/p>\n<h2>HOT \u00e9 um tecido de cortina com uma transpar\u00eancia texturada e uma apar\u00eancia muito natural e verdadeiramente suave. Este misto de linho e polyester, tem como principais vantagens oferecer uma apar\u00eancia muito distinta, semelhante a um tecido 100% linho, muito leve e elegante, mas sem as desvantagens inerentes a esta fibra natural, pois \u00e9 resistente \u00e0 luz e \u00e0s lavagens, n\u00e3o encolhe como as op\u00e7\u00f5es 100% linho e tem uma apar\u00eancia mais lisa. HOT tem 330 cm de largura e cai de uma forma muito elegante. Dispon\u00edvel em 8 cores.<\/h2>\n<p><img fetchpriority=\"high\" decoding=\"async\" class=\"alignnone wp-image-181310 size-medium\" src=\"https:\/\/aldeco.pt\/staging\/wp-content\/uploads\/2024\/03\/T016860001-300x280.jpg\" alt=\"Hot - Aldeco\" width=\"300\" height=\"280\" \/><\/p>\n<p><a href=\"https:\/\/www.instagram.com\/aldeco_interiorfabrics\/\">https:\/\/www.instagram.com\/aldeco_interiorfabrics\/<\/a><a href=\"https:\/\/aldeco.pt\/staging\/wp-admin\/post.php?post=124937&amp;action=edit&amp;lang=en\">https:\/\/aldeco.pt\/staging\/wp-admin\/post.php?post=124937action=editlang=en<\/a><\/p>\n<p>&nbsp;<\/p>\n","protected":false},"featured_media":144673,"template":"","meta":[],"product_brand":[],"product_cat":[6145],"product_tag":[],"class_list":{"0":"post-184138","1":"product","2":"type-product","3":"status-publish","4":"has-post-thumbnail","6":"product_cat-aldeco-2-pt-pt-2","7":"pa_cleanability-8282","8":"pa_composition-ext-50-pl-50-li-pt-pt","9":"pa_interior-fabrics-1-pt-pt","10":"pa_line-tecidos","11":"pa_lithfastness-9680","12":"pa_outdoor-0-pt-pt","13":"pa_range-liso","14":"pa_range-transparente","15":"pa_rapport-vertical-11009","18":"first","19":"instock","20":"purchasable","21":"product-type-variable"},"acf":[],"_links":{"self":[{"href":"https:\/\/staging.aldeco.pt\/pt-pt\/wp-json\/wp\/v2\/product\/184138","targetHints":{"allow":["GET"]}}],"collection":[{"href":"https:\/\/staging.aldeco.pt\/pt-pt\/wp-json\/wp\/v2\/product"}],"about":[{"href":"https:\/\/staging.aldeco.pt\/pt-pt\/wp-json\/wp\/v2\/types\/product"}],"version-history":[{"count":3,"href":"https:\/\/staging.aldeco.pt\/pt-pt\/wp-json\/wp\/v2\/product\/184138\/revisions"}],"predecessor-version":[{"id":201828,"href":"https:\/\/staging.aldeco.pt\/pt-pt\/wp-json\/wp\/v2\/product\/184138\/revisions\/201828"}],"wp:featuredmedia":[{"embeddable":true,"href":"https:\/\/staging.aldeco.pt\/pt-pt\/wp-json\/wp\/v2\/media\/144673"}],"wp:attachment":[{"href":"https:\/\/staging.aldeco.pt\/pt-pt\/wp-json\/wp\/v2\/media?parent=184138"}],"wp:term":[{"taxonomy":"product_brand","embeddable":true,"href":"https:\/\/staging.aldeco.pt\/pt-pt\/wp-json\/wp\/v2\/product_brand?post=184138"},{"taxonomy":"product_cat","embeddable":true,"href":"https:\/\/staging.aldeco.pt\/pt-pt\/wp-json\/wp\/v2\/product_cat?post=184138"},{"taxonomy":"product_tag","embeddable":true,"href":"https:\/\/staging.aldeco.pt\/pt-pt\/wp-json\/wp\/v2\/product_tag?post=184138"}],"curies":[{"name":"wp","href":"https:\/\/api.w.org\/{rel}","templated":true}]}}