{"id":184092,"date":"2024-05-09T20:34:11","date_gmt":"2024-05-09T20:34:11","guid":{"rendered":"https:\/\/aldeco.pt\/staging\/product\/historian\/"},"modified":"2024-09-30T09:46:03","modified_gmt":"2024-09-30T09:46:03","slug":"historian","status":"publish","type":"product","link":"https:\/\/staging.aldeco.pt\/pt-pt\/product\/historian\/","title":{"rendered":"HISTORIAN"},"content":{"rendered":"<p>Tecido jacquard com lindo desenho adamascado e com excelente toque acetinado e reflexos dourados. Adequado para decora\u00e7\u00e3o e estofo, devido \u00e0 sua alta resist\u00eancia \u00e0 abras\u00e3o.<\/p>\n","protected":false},"excerpt":{"rendered":"<p>Tecido jacquard com lindo desenho adamascado e com excelente toque acetinado e reflexos dourados. Adequado para decora\u00e7\u00e3o e estofo, devido \u00e0 sua alta resist\u00eancia \u00e0 abras\u00e3o.<\/p>\n<h2>Historian \u00e9 um tecido jacquard com lindo desenho adamascado e com excelente toque acetinado e reflexos dourados. Adequado para decora\u00e7\u00e3o e estofo, devido \u00e0 sua alta resist\u00eancia \u00e0 abras\u00e3o.<\/h2>\n<p><img fetchpriority=\"high\" decoding=\"async\" class=\"alignnone wp-image-181241 size-medium\" src=\"https:\/\/aldeco.pt\/staging\/wp-content\/uploads\/2024\/03\/T018740001-300x280.jpg\" alt=\"Historian - Aldeco\" width=\"300\" height=\"280\" \/><\/p>\n<p><a href=\"https:\/\/www.instagram.com\/aldeco_interiorfabrics\/\">https:\/\/www.instagram.com\/aldeco_interiorfabrics\/<\/a><\/p>\n<p><a href=\"https:\/\/aldeco.pt\/staging\/product\/historian\/?attribute_pa_aldeco-color=01-snow-white\">https:\/\/aldeco.pt\/staging\/product\/historian\/?attribute_pa_aldeco-color=01-snow-white<\/a><\/p>\n<p>&nbsp;<\/p>\n","protected":false},"featured_media":159079,"template":"","meta":[],"product_brand":[],"product_cat":[6145],"product_tag":[],"class_list":{"0":"post-184092","1":"product","2":"type-product","3":"status-publish","4":"has-post-thumbnail","6":"product_cat-aldeco-2-pt-pt-2","7":"pa_cleanability-8282","8":"pa_composition-ext-31-li-26-pa-25-pl-18-co-pt-pt","9":"pa_interior-fabrics-1-pt-pt","10":"pa_line-tecidos","11":"pa_lithfastness-4-5-pt-pt","12":"pa_outdoor-0-pt-pt","13":"pa_range-cetim","14":"pa_range-jacquard-pt-pt","15":"pa_rapport-horizontal-23-5-pt-pt","16":"pa_rapport-vertical-52-pt-pt","19":"first","20":"instock","21":"purchasable","22":"product-type-variable"},"acf":[],"_links":{"self":[{"href":"https:\/\/staging.aldeco.pt\/pt-pt\/wp-json\/wp\/v2\/product\/184092","targetHints":{"allow":["GET"]}}],"collection":[{"href":"https:\/\/staging.aldeco.pt\/pt-pt\/wp-json\/wp\/v2\/product"}],"about":[{"href":"https:\/\/staging.aldeco.pt\/pt-pt\/wp-json\/wp\/v2\/types\/product"}],"version-history":[{"count":2,"href":"https:\/\/staging.aldeco.pt\/pt-pt\/wp-json\/wp\/v2\/product\/184092\/revisions"}],"predecessor-version":[{"id":200934,"href":"https:\/\/staging.aldeco.pt\/pt-pt\/wp-json\/wp\/v2\/product\/184092\/revisions\/200934"}],"wp:featuredmedia":[{"embeddable":true,"href":"https:\/\/staging.aldeco.pt\/pt-pt\/wp-json\/wp\/v2\/media\/159079"}],"wp:attachment":[{"href":"https:\/\/staging.aldeco.pt\/pt-pt\/wp-json\/wp\/v2\/media?parent=184092"}],"wp:term":[{"taxonomy":"product_brand","embeddable":true,"href":"https:\/\/staging.aldeco.pt\/pt-pt\/wp-json\/wp\/v2\/product_brand?post=184092"},{"taxonomy":"product_cat","embeddable":true,"href":"https:\/\/staging.aldeco.pt\/pt-pt\/wp-json\/wp\/v2\/product_cat?post=184092"},{"taxonomy":"product_tag","embeddable":true,"href":"https:\/\/staging.aldeco.pt\/pt-pt\/wp-json\/wp\/v2\/product_tag?post=184092"}],"curies":[{"name":"wp","href":"https:\/\/api.w.org\/{rel}","templated":true}]}}