{"id":184081,"date":"2024-05-09T20:34:52","date_gmt":"2024-05-09T20:34:52","guid":{"rendered":"https:\/\/aldeco.pt\/staging\/product\/hoopstar\/"},"modified":"2024-08-06T11:23:28","modified_gmt":"2024-08-06T11:23:28","slug":"hoopstar","status":"publish","type":"product","link":"https:\/\/staging.aldeco.pt\/pt-pt\/product\/hoopstar\/","title":{"rendered":"HOOPSTAR"},"content":{"rendered":"<p>Incr\u00edvel tecido jacquard com padr\u00e3o hexagonal. Este tecido \u00e9 um dos mais vendidos e o seu design geom\u00e9trico \u00e9 um favorito n\u00e3o s\u00f3 para decora\u00e7\u00e3o, mas tamb\u00e9m para estofo.<\/p>\n","protected":false},"excerpt":{"rendered":"<p>Incr\u00edvel tecido jacquard com padr\u00e3o hexagonal. Este tecido \u00e9 um dos mais vendidos e o seu design geom\u00e9trico \u00e9 um favorito n\u00e3o s\u00f3 para decora\u00e7\u00e3o, mas tamb\u00e9m para estofo.<\/p>\n<h2>Hoopstar \u00e9 um incr\u00edvel tecido jacquard com padr\u00e3o hexagonal. Este tecido \u00e9 um dos mais vendidos e o seu design geom\u00e9trico \u00e9 um favorito n\u00e3o s\u00f3 para decora\u00e7\u00e3o, mas tamb\u00e9m para estofo.<\/h2>\n<p><img fetchpriority=\"high\" decoding=\"async\" class=\"alignnone wp-image-181256 size-medium\" src=\"https:\/\/aldeco.pt\/staging\/wp-content\/uploads\/2024\/03\/T018750001-300x280.jpg\" alt=\"Hoopstar - Aldeco\" width=\"300\" height=\"280\"><\/p>\n<p><a href=\"https:\/\/www.instagram.com\/aldeco_interiorfabrics\/\">https:\/\/www.instagram.com\/aldeco_interiorfabrics\/<\/a><\/p>\n<p><a href=\"https:\/\/aldeco.pt\/staging\/product\/hoopstar\/?attribute_pa_aldeco-color=01-snow-white\">https:\/\/aldeco.pt\/staging\/product\/hoopstar\/?attribute_pa_aldeco-color=01-snow-white<\/a><\/p>\n<p>&nbsp;<\/p>\n","protected":false},"featured_media":159083,"template":"","meta":[],"product_brand":[],"product_cat":[6145],"product_tag":[],"class_list":{"0":"post-184081","1":"product","2":"type-product","3":"status-publish","4":"has-post-thumbnail","6":"product_cat-aldeco-2-pt-pt-2","7":"pa_cleanability-8282","8":"pa_composition-ext-28-pa-28-li-26-co-18-pl-pt-pt","9":"pa_interior-fabrics-1-pt-pt","10":"pa_line-tecidos","11":"pa_lithfastness-9680","12":"pa_outdoor-0-pt-pt","13":"pa_range-jacquard-pt-pt","14":"pa_rapport-horizontal-3-8-pt-pt","15":"pa_rapport-vertical-6-5-pt-pt","18":"first","19":"instock","20":"purchasable","21":"product-type-variable"},"acf":[],"_links":{"self":[{"href":"https:\/\/staging.aldeco.pt\/pt-pt\/wp-json\/wp\/v2\/product\/184081","targetHints":{"allow":["GET"]}}],"collection":[{"href":"https:\/\/staging.aldeco.pt\/pt-pt\/wp-json\/wp\/v2\/product"}],"about":[{"href":"https:\/\/staging.aldeco.pt\/pt-pt\/wp-json\/wp\/v2\/types\/product"}],"version-history":[{"count":1,"href":"https:\/\/staging.aldeco.pt\/pt-pt\/wp-json\/wp\/v2\/product\/184081\/revisions"}],"predecessor-version":[{"id":193175,"href":"https:\/\/staging.aldeco.pt\/pt-pt\/wp-json\/wp\/v2\/product\/184081\/revisions\/193175"}],"wp:featuredmedia":[{"embeddable":true,"href":"https:\/\/staging.aldeco.pt\/pt-pt\/wp-json\/wp\/v2\/media\/159083"}],"wp:attachment":[{"href":"https:\/\/staging.aldeco.pt\/pt-pt\/wp-json\/wp\/v2\/media?parent=184081"}],"wp:term":[{"taxonomy":"product_brand","embeddable":true,"href":"https:\/\/staging.aldeco.pt\/pt-pt\/wp-json\/wp\/v2\/product_brand?post=184081"},{"taxonomy":"product_cat","embeddable":true,"href":"https:\/\/staging.aldeco.pt\/pt-pt\/wp-json\/wp\/v2\/product_cat?post=184081"},{"taxonomy":"product_tag","embeddable":true,"href":"https:\/\/staging.aldeco.pt\/pt-pt\/wp-json\/wp\/v2\/product_tag?post=184081"}],"curies":[{"name":"wp","href":"https:\/\/api.w.org\/{rel}","templated":true}]}}