{"id":184018,"date":"2024-05-09T20:33:40","date_gmt":"2024-05-09T20:33:40","guid":{"rendered":"https:\/\/aldeco.pt\/staging\/product\/hill-fr\/"},"modified":"2024-08-06T11:23:30","modified_gmt":"2024-08-06T11:23:30","slug":"hill-fr","status":"publish","type":"product","link":"https:\/\/staging.aldeco.pt\/pt-pt\/product\/hill-fr\/","title":{"rendered":"HILL FR"},"content":{"rendered":"<p>Hill FR \u00e9 uma transpar\u00eancia suave e natural para cortina com fio FR, possui o aspeto natural do linho e um efeito mesclado encantador. Este \u00e9 um tecido transparente de largura dupla com uma textura natural semelhante a uma serapilheira feita \u00e0 m\u00e3o. Demos \u00eanfase ao toque natural em toda a cole\u00e7\u00e3o.<\/p>\n","protected":false},"excerpt":{"rendered":"<p>Hill FR \u00e9 uma transpar\u00eancia suave e natural para cortina com fio FR, possui o aspeto natural do linho e um efeito mesclado encantador. Este \u00e9 um tecido transparente de largura dupla com uma textura natural semelhante a uma serapilheira feita \u00e0 m\u00e3o. Demos \u00eanfase ao toque natural em toda a cole\u00e7\u00e3o.<\/p>\n<h2>Hill FR \u00e9 uma transpar\u00eancia suave e natural para cortina com fio FR, possui o aspeto natural do linho e um efeito mesclado encantador. Este \u00e9 um tecido transparente de largura dupla com uma textura natural semelhante a uma serapilheira feita \u00e0 m\u00e3o. Demos \u00eanfase ao toque natural em toda a cole\u00e7\u00e3o.<\/h2>\n<p><img fetchpriority=\"high\" decoding=\"async\" class=\"alignnone wp-image-181204 size-medium\" src=\"https:\/\/aldeco.pt\/staging\/wp-content\/uploads\/2024\/01\/T191930001-4-300x225.jpg\" alt=\"Hill FR - Aldeco\" width=\"300\" height=\"225\"><\/p>\n<p><a href=\"https:\/\/www.instagram.com\/aldeco_interiorfabrics\/\">https:\/\/www.instagram.com\/aldeco_interiorfabrics\/<\/a><\/p>\n<p><a href=\"https:\/\/aldeco.pt\/staging\/product\/hill-fr\/?attribute_pa_colour=white&amp;attribute_pa_aldeco-color=01-off-white\">https:\/\/aldeco.pt\/staging\/product\/hill-fr\/?attribute_pa_colour=white&amp;attribute_pa_aldeco-color=01-off-white<\/a><\/p>\n","protected":false},"featured_media":159077,"template":"","meta":[],"product_brand":[],"product_cat":[6145,6151],"product_tag":[],"class_list":{"0":"post-184018","1":"product","2":"type-product","3":"status-publish","4":"has-post-thumbnail","6":"product_cat-aldeco-2-pt-pt-2","7":"product_cat-contract-pt-pt","8":"pa_cleanability-8282","9":"pa_composition-ext-100-pl-fr-pt-pt","10":"pa_contract-fabrics-1-pt-pt","11":"pa_interior-fabrics-1-pt-pt","12":"pa_line-tecidos","13":"pa_lithfastness-5-pt-pt","14":"pa_outdoor-0-pt-pt","15":"pa_range-dobby-pt-pt","16":"pa_range-transparente","17":"pa_rapport-vertical-11009","18":"pa_special-treatments-fabrics-1-pt-pt","21":"first","22":"instock","23":"purchasable","24":"product-type-variable"},"acf":[],"_links":{"self":[{"href":"https:\/\/staging.aldeco.pt\/pt-pt\/wp-json\/wp\/v2\/product\/184018","targetHints":{"allow":["GET"]}}],"collection":[{"href":"https:\/\/staging.aldeco.pt\/pt-pt\/wp-json\/wp\/v2\/product"}],"about":[{"href":"https:\/\/staging.aldeco.pt\/pt-pt\/wp-json\/wp\/v2\/types\/product"}],"version-history":[{"count":1,"href":"https:\/\/staging.aldeco.pt\/pt-pt\/wp-json\/wp\/v2\/product\/184018\/revisions"}],"predecessor-version":[{"id":193154,"href":"https:\/\/staging.aldeco.pt\/pt-pt\/wp-json\/wp\/v2\/product\/184018\/revisions\/193154"}],"wp:featuredmedia":[{"embeddable":true,"href":"https:\/\/staging.aldeco.pt\/pt-pt\/wp-json\/wp\/v2\/media\/159077"}],"wp:attachment":[{"href":"https:\/\/staging.aldeco.pt\/pt-pt\/wp-json\/wp\/v2\/media?parent=184018"}],"wp:term":[{"taxonomy":"product_brand","embeddable":true,"href":"https:\/\/staging.aldeco.pt\/pt-pt\/wp-json\/wp\/v2\/product_brand?post=184018"},{"taxonomy":"product_cat","embeddable":true,"href":"https:\/\/staging.aldeco.pt\/pt-pt\/wp-json\/wp\/v2\/product_cat?post=184018"},{"taxonomy":"product_tag","embeddable":true,"href":"https:\/\/staging.aldeco.pt\/pt-pt\/wp-json\/wp\/v2\/product_tag?post=184018"}],"curies":[{"name":"wp","href":"https:\/\/api.w.org\/{rel}","templated":true}]}}