{"id":184017,"date":"2024-05-09T20:36:13","date_gmt":"2024-05-09T20:36:13","guid":{"rendered":"https:\/\/aldeco.pt\/staging\/product\/hope-velvet-easy-clean-fr\/"},"modified":"2024-08-06T11:23:27","modified_gmt":"2024-08-06T11:23:27","slug":"hope-velvet-easy-clean-fr","status":"publish","type":"product","link":"https:\/\/staging.aldeco.pt\/pt-pt\/product\/hope-velvet-easy-clean-fr\/","title":{"rendered":"HOPE VELVET EASY CLEAN FR"},"content":{"rendered":"<p>HOPE VELVET \u00e9 um tecido de veludo reciclado com apar\u00eancia de algod\u00e3o produzido a partir de um novo fio de olefina sustent\u00e1vel e Better Cotton\u2122. \u00c9 o primeiro fio de olefina reciclado desenvolvido para a ind\u00fastria moveleira que \u00e9 produzido a partir de res\u00edduos t\u00eaxteis convertidos e n\u00e3o utiliza \u00e1gua durante o processo de produ\u00e7\u00e3o, o que economiza 250 litros de \u00e1gua por sof\u00e1.<br \/>\nO Hope Velvet passou no padr\u00e3o Recycled Blended Claim e tem tratamento de limpeza f\u00e1cil (easy clean) para melhor desempenho, mantendo uma sensa\u00e7\u00e3o natural e macia. Este veludo possui alta resist\u00eancia \u00e0 abras\u00e3o e \u00e9 ign\u00edfugo em diversos standards e est\u00e1 dispon\u00edvel em 16 cores irresist\u00edveis.<\/p>\n","protected":false},"excerpt":{"rendered":"<p>HOPE VELVET \u00e9 um tecido de veludo reciclado com apar\u00eancia de algod\u00e3o produzido a partir de um novo fio de olefina sustent\u00e1vel e Better Cotton\u2122. \u00c9 o primeiro fio de olefina reciclado desenvolvido para a ind\u00fastria moveleira que \u00e9 produzido a partir de res\u00edduos t\u00eaxteis convertidos e n\u00e3o utiliza \u00e1gua durante o processo de produ\u00e7\u00e3o, o que economiza 250 litros de \u00e1gua por sof\u00e1.<br \/>\nO Hope Velvet passou no padr\u00e3o Recycled Blended Claim e tem tratamento de limpeza f\u00e1cil (easy clean) para melhor desempenho, mantendo uma sensa\u00e7\u00e3o natural e macia. Este veludo possui alta resist\u00eancia \u00e0 abras\u00e3o e \u00e9 ign\u00edfugo em diversos standards e est\u00e1 dispon\u00edvel em 16 cores irresist\u00edveis.<\/p>\n<h2>HOPE VELVET \u00e9 um tecido de veludo reciclado com apar\u00eancia de algod\u00e3o produzido a partir de um novo fio de olefina sustent\u00e1vel e Better Cotton\u2122. \u00c9 o primeiro fio de olefina reciclado desenvolvido para a ind\u00fastria moveleira que \u00e9 produzido a partir de res\u00edduos t\u00eaxteis convertidos e n\u00e3o utiliza \u00e1gua durante o processo de produ\u00e7\u00e3o, o que economiza 250 litros de \u00e1gua por sof\u00e1.<\/h2>\n<h2>\u00c9 um tecido que passou no padr\u00e3o Recycled Blended Claim e tem tratamento de limpeza f\u00e1cil (easy clean) para melhor desempenho, mantendo uma sensa\u00e7\u00e3o natural e macia. Este veludo possui alta resist\u00eancia \u00e0 abras\u00e3o e \u00e9 ign\u00edfugo em diversos standards e est\u00e1 dispon\u00edvel em 16 cores irresist\u00edveis.<\/h2>\n<p><img fetchpriority=\"high\" decoding=\"async\" class=\"alignnone wp-image-69916 size-medium\" src=\"https:\/\/aldeco.pt\/staging\/wp-content\/uploads\/2024\/01\/T192520015-1-300x200.jpg\" alt=\"Hope Velvet Easy Clean FR - Aldeco\" width=\"300\" height=\"200\"><\/p>\n<p><a href=\"https:\/\/aldeco.pt\/staging\/product\/hope-velvet-easy-clean-fr\/?attribute_pa_aldeco-color=01-white-cotton\">https:\/\/aldeco.pt\/staging\/product\/hope-velvet-easy-clean-fr\/?attribute_pa_aldeco-color=01-white-cotton<\/a><\/p>\n<p><a href=\"https:\/\/www.instagram.com\/aldeco_interiorfabrics\/\">https:\/\/www.instagram.com\/aldeco_interiorfabrics\/<\/a><\/p>\n<p>&nbsp;<\/p>\n","protected":false},"featured_media":155718,"template":"","meta":[],"product_brand":[],"product_cat":[6145],"product_tag":[],"class_list":{"0":"post-184017","1":"product","2":"type-product","3":"status-publish","4":"has-post-thumbnail","6":"product_cat-aldeco-2-pt-pt-2","7":"pa_cleanability-8282","8":"pa_composition-ext-31-co-38-pl-31-rpl-pt-pt","9":"pa_contract-fabrics-1-pt-pt","10":"pa_interior-fabrics-1-pt-pt","11":"pa_line-tecidos","12":"pa_lithfastness-9680","13":"pa_outdoor-0-pt-pt","14":"pa_range-veludo","15":"pa_rapport-vertical-11009","16":"pa_special-treatments-fabrics-1-pt-pt","19":"first","20":"instock","21":"purchasable","22":"product-type-variable"},"acf":[],"_links":{"self":[{"href":"https:\/\/staging.aldeco.pt\/pt-pt\/wp-json\/wp\/v2\/product\/184017","targetHints":{"allow":["GET"]}}],"collection":[{"href":"https:\/\/staging.aldeco.pt\/pt-pt\/wp-json\/wp\/v2\/product"}],"about":[{"href":"https:\/\/staging.aldeco.pt\/pt-pt\/wp-json\/wp\/v2\/types\/product"}],"version-history":[{"count":1,"href":"https:\/\/staging.aldeco.pt\/pt-pt\/wp-json\/wp\/v2\/product\/184017\/revisions"}],"predecessor-version":[{"id":193188,"href":"https:\/\/staging.aldeco.pt\/pt-pt\/wp-json\/wp\/v2\/product\/184017\/revisions\/193188"}],"wp:featuredmedia":[{"embeddable":true,"href":"https:\/\/staging.aldeco.pt\/pt-pt\/wp-json\/wp\/v2\/media\/155718"}],"wp:attachment":[{"href":"https:\/\/staging.aldeco.pt\/pt-pt\/wp-json\/wp\/v2\/media?parent=184017"}],"wp:term":[{"taxonomy":"product_brand","embeddable":true,"href":"https:\/\/staging.aldeco.pt\/pt-pt\/wp-json\/wp\/v2\/product_brand?post=184017"},{"taxonomy":"product_cat","embeddable":true,"href":"https:\/\/staging.aldeco.pt\/pt-pt\/wp-json\/wp\/v2\/product_cat?post=184017"},{"taxonomy":"product_tag","embeddable":true,"href":"https:\/\/staging.aldeco.pt\/pt-pt\/wp-json\/wp\/v2\/product_tag?post=184017"}],"curies":[{"name":"wp","href":"https:\/\/api.w.org\/{rel}","templated":true}]}}