{"id":183986,"date":"2024-05-09T20:34:36","date_gmt":"2024-05-09T20:34:36","guid":{"rendered":"https:\/\/aldeco.pt\/staging\/product\/holly\/"},"modified":"2024-10-04T11:37:16","modified_gmt":"2024-10-04T11:37:16","slug":"holly","status":"publish","type":"product","link":"https:\/\/staging.aldeco.pt\/pt-pt\/product\/holly\/","title":{"rendered":"HOLLY"},"content":{"rendered":"<p>\u00c9 um tecido decorativo com dupla largura para cortina e almofadas. Este vers\u00e1til cetim apresenta-se numa combina\u00e7\u00e3o de algod\u00e3o, poli\u00e9ster e est\u00e1 dispon\u00edvel em 11 cores.<\/p>\n","protected":false},"excerpt":{"rendered":"<p>\u00c9 um tecido decorativo com dupla largura para cortina e almofadas. Este vers\u00e1til cetim apresenta-se numa combina\u00e7\u00e3o de algod\u00e3o, poli\u00e9ster e est\u00e1 dispon\u00edvel em 11 cores.<\/p>\n<h2>\u00c9 um tecido decorativo com dupla largura para cortina e almofadas. Este vers\u00e1til cetim apresenta-se numa combina\u00e7\u00e3o de algod\u00e3o, poli\u00e9ster e est\u00e1 dispon\u00edvel em 11 cores.<\/h2>\n<p><img fetchpriority=\"high\" decoding=\"async\" class=\"alignnone wp-image-82078 size-medium\" src=\"https:\/\/aldeco.pt\/staging\/wp-content\/uploads\/2024\/01\/T017900009-300x280.jpg\" alt=\"Holly - Aldeco\" width=\"300\" height=\"280\" \/><\/p>\n<p><a href=\"https:\/\/aldeco.pt\/staging\/product\/holly\/?attribute_pa_aldeco-color=01-white\">https:\/\/aldeco.pt\/staging\/product\/holly\/?attribute_pa_aldeco-color=01-white<\/a><\/p>\n<p><a href=\"https:\/\/www.instagram.com\/aldeco_interiorfabrics\/\">https:\/\/www.instagram.com\/aldeco_interiorfabrics\/<\/a><\/p>\n<p>&nbsp;<\/p>\n","protected":false},"featured_media":76379,"template":"","meta":[],"product_brand":[],"product_cat":[6145],"product_tag":[],"class_list":{"0":"post-183986","1":"product","2":"type-product","3":"status-publish","4":"has-post-thumbnail","6":"product_cat-aldeco-2-pt-pt-2","7":"pa_cleanability-8282","8":"pa_composition-ext-60-co-40-pl-pt-pt","9":"pa_interior-fabrics-1-pt-pt","10":"pa_line-tecidos","11":"pa_lithfastness-4-5-pt-pt","12":"pa_outdoor-0-pt-pt","13":"pa_range-cetim","14":"pa_rapport-vertical-11009","17":"first","18":"instock","19":"purchasable","20":"product-type-variable"},"acf":[],"_links":{"self":[{"href":"https:\/\/staging.aldeco.pt\/pt-pt\/wp-json\/wp\/v2\/product\/183986","targetHints":{"allow":["GET"]}}],"collection":[{"href":"https:\/\/staging.aldeco.pt\/pt-pt\/wp-json\/wp\/v2\/product"}],"about":[{"href":"https:\/\/staging.aldeco.pt\/pt-pt\/wp-json\/wp\/v2\/types\/product"}],"version-history":[{"count":3,"href":"https:\/\/staging.aldeco.pt\/pt-pt\/wp-json\/wp\/v2\/product\/183986\/revisions"}],"predecessor-version":[{"id":202041,"href":"https:\/\/staging.aldeco.pt\/pt-pt\/wp-json\/wp\/v2\/product\/183986\/revisions\/202041"}],"wp:featuredmedia":[{"embeddable":true,"href":"https:\/\/staging.aldeco.pt\/pt-pt\/wp-json\/wp\/v2\/media\/76379"}],"wp:attachment":[{"href":"https:\/\/staging.aldeco.pt\/pt-pt\/wp-json\/wp\/v2\/media?parent=183986"}],"wp:term":[{"taxonomy":"product_brand","embeddable":true,"href":"https:\/\/staging.aldeco.pt\/pt-pt\/wp-json\/wp\/v2\/product_brand?post=183986"},{"taxonomy":"product_cat","embeddable":true,"href":"https:\/\/staging.aldeco.pt\/pt-pt\/wp-json\/wp\/v2\/product_cat?post=183986"},{"taxonomy":"product_tag","embeddable":true,"href":"https:\/\/staging.aldeco.pt\/pt-pt\/wp-json\/wp\/v2\/product_tag?post=183986"}],"curies":[{"name":"wp","href":"https:\/\/api.w.org\/{rel}","templated":true}]}}