{"id":183956,"date":"2024-05-09T20:32:19","date_gmt":"2024-05-09T20:32:19","guid":{"rendered":"https:\/\/aldeco.pt\/staging\/product\/herdade-in-outdoor\/"},"modified":"2024-08-07T13:33:49","modified_gmt":"2024-08-07T13:33:49","slug":"herdade-in-outdoor","status":"publish","type":"product","link":"https:\/\/staging.aldeco.pt\/pt-pt\/product\/herdade-in-outdoor\/","title":{"rendered":"HERDADE IN\/OUTDOOR"},"content":{"rendered":"<p>Jacquard In\/Outdoor inspirado na cestaria portuguesa com um padr\u00e3o geom\u00e9trico composto por losangos. Encontra-se dispon\u00edvel em 6 cores.<\/p>\n","protected":false},"excerpt":{"rendered":"<p>Herdade In\/Outdoor \u00e9 um jacquard inspirado na cestaria portuguesa com um padr\u00e3o geom\u00e9trico composto por losangos. Encontra-se dispon\u00edvel em 6 cores. <\/p>\n<h2>Herdade In\/Outdoor \u00e9 um jacquard inspirado na cestaria portuguesa com um padr\u00e3o geom\u00e9trico composto por losangos. Encontra-se dispon\u00edvel em 6 cores.<\/h2>\n<p><img fetchpriority=\"high\" decoding=\"async\" class=\"alignnone wp-image-181111 size-medium\" src=\"https:\/\/aldeco.pt\/staging\/wp-content\/uploads\/2024\/01\/T191490001-3-300x212.jpg\" alt=\"Herdade In\/Outdoor - Aldeco\" width=\"300\" height=\"212\"><\/p>\n<p><a href=\"https:\/\/aldeco.pt\/staging\/product\/herdade-in-outdoor\/?attribute_pa_aldeco-color=01-pale\">https:\/\/aldeco.pt\/staging\/product\/herdade-in-outdoor\/?attribute_pa_aldeco-color=01-pale<\/a><a href=\"https:\/\/www.instagram.com\/aldeco_interiorfabrics\/\">https:\/\/www.instagram.com\/aldeco_interiorfabrics\/<\/a><\/p>\n<p>&nbsp;<\/p>\n","protected":false},"featured_media":155649,"template":"","meta":[],"product_brand":[],"product_cat":[6145],"product_tag":[],"class_list":{"0":"post-183956","1":"product","2":"type-product","3":"status-publish","4":"has-post-thumbnail","6":"product_cat-aldeco-2-pt-pt-2","7":"pa_cleanability-8282","8":"pa_composition-ext-100-pp-pt-pt","9":"pa_contract-fabrics-1-pt-pt","10":"pa_indoor-fabrics-1-pt-pt","11":"pa_interior-fabrics-1-pt-pt","12":"pa_line-tecidos","13":"pa_lithfastness-7-pt-pt","14":"pa_outdoor-outdoor","15":"pa_range-jacquard-pt-pt","16":"pa_rapport-horizontal-5-5-pt-pt","17":"pa_rapport-vertical-3-5-pt-pt","18":"pa_special-treatments-fabrics-1-pt-pt","21":"first","22":"instock","23":"purchasable","24":"product-type-variable"},"acf":[],"_links":{"self":[{"href":"https:\/\/staging.aldeco.pt\/pt-pt\/wp-json\/wp\/v2\/product\/183956","targetHints":{"allow":["GET"]}}],"collection":[{"href":"https:\/\/staging.aldeco.pt\/pt-pt\/wp-json\/wp\/v2\/product"}],"about":[{"href":"https:\/\/staging.aldeco.pt\/pt-pt\/wp-json\/wp\/v2\/types\/product"}],"version-history":[{"count":2,"href":"https:\/\/staging.aldeco.pt\/pt-pt\/wp-json\/wp\/v2\/product\/183956\/revisions"}],"predecessor-version":[{"id":198570,"href":"https:\/\/staging.aldeco.pt\/pt-pt\/wp-json\/wp\/v2\/product\/183956\/revisions\/198570"}],"wp:featuredmedia":[{"embeddable":true,"href":"https:\/\/staging.aldeco.pt\/pt-pt\/wp-json\/wp\/v2\/media\/155649"}],"wp:attachment":[{"href":"https:\/\/staging.aldeco.pt\/pt-pt\/wp-json\/wp\/v2\/media?parent=183956"}],"wp:term":[{"taxonomy":"product_brand","embeddable":true,"href":"https:\/\/staging.aldeco.pt\/pt-pt\/wp-json\/wp\/v2\/product_brand?post=183956"},{"taxonomy":"product_cat","embeddable":true,"href":"https:\/\/staging.aldeco.pt\/pt-pt\/wp-json\/wp\/v2\/product_cat?post=183956"},{"taxonomy":"product_tag","embeddable":true,"href":"https:\/\/staging.aldeco.pt\/pt-pt\/wp-json\/wp\/v2\/product_tag?post=183956"}],"curies":[{"name":"wp","href":"https:\/\/api.w.org\/{rel}","templated":true}]}}