{"id":183944,"date":"2024-05-09T20:32:00","date_gmt":"2024-05-09T20:32:00","guid":{"rendered":"https:\/\/aldeco.pt\/staging\/product\/hello\/"},"modified":"2024-08-06T11:23:33","modified_gmt":"2024-08-06T11:23:33","slug":"hello","status":"publish","type":"product","link":"https:\/\/staging.aldeco.pt\/pt-pt\/product\/hello\/","title":{"rendered":"HELLO"},"content":{"rendered":"<p>Transpar\u00eancia para cortina com fant\u00e1stico listrado em 100% linho. Este tecido de dupla largura est\u00e1 dispon\u00edvel em cinco cores.<\/p>\n","protected":false},"excerpt":{"rendered":"<p>HELLO \u00e9 uma transpar\u00eancia para cortina com fant\u00e1stico listrado em 100% linho. Este tecido de dupla largura est\u00e1 dispon\u00edvel em cinco cores.<\/p>\n<h2>HELLO \u00e9 uma transpar\u00eancia para cortina com fant\u00e1stico listrado em 100% linho. Este tecido de dupla largura est\u00e1 dispon\u00edvel em cinco cores.<\/h2>\n<p><img fetchpriority=\"high\" decoding=\"async\" class=\"alignnone wp-image-181096 size-medium\" src=\"https:\/\/aldeco.pt\/staging\/wp-content\/uploads\/2024\/03\/T018660001-300x280.jpg\" alt=\"Hello - Aldeco\" width=\"300\" height=\"280\"><\/p>\n<p><a href=\"https:\/\/aldeco.pt\/staging\/product\/hello\/?attribute_pa_aldeco-color=01-naturale\">https:\/\/aldeco.pt\/staging\/product\/hello\/?attribute_pa_aldeco-color=01-naturale<\/a><\/p>\n<p><a href=\"https:\/\/www.instagram.com\/aldeco_interiorfabrics\/\">https:\/\/www.instagram.com\/aldeco_interiorfabrics\/<\/a><\/p>\n<p>&nbsp;<\/p>\n","protected":false},"featured_media":159044,"template":"","meta":[],"product_brand":[],"product_cat":[6145],"product_tag":[],"class_list":{"0":"post-183944","1":"product","2":"type-product","3":"status-publish","4":"has-post-thumbnail","6":"product_cat-aldeco-2-pt-pt-2","7":"pa_cleanability-8282","8":"pa_composition-ext-100-li-pt-pt","9":"pa_interior-fabrics-1-pt-pt","10":"pa_line-tecidos","11":"pa_lithfastness-9680","12":"pa_outdoor-0-pt-pt","13":"pa_range-liso","14":"pa_range-transparente","15":"pa_rapport-horizontal-0-pt-pt","16":"pa_rapport-vertical-5-pt-pt","19":"first","20":"instock","21":"purchasable","22":"product-type-variable"},"acf":[],"_links":{"self":[{"href":"https:\/\/staging.aldeco.pt\/pt-pt\/wp-json\/wp\/v2\/product\/183944","targetHints":{"allow":["GET"]}}],"collection":[{"href":"https:\/\/staging.aldeco.pt\/pt-pt\/wp-json\/wp\/v2\/product"}],"about":[{"href":"https:\/\/staging.aldeco.pt\/pt-pt\/wp-json\/wp\/v2\/types\/product"}],"version-history":[{"count":1,"href":"https:\/\/staging.aldeco.pt\/pt-pt\/wp-json\/wp\/v2\/product\/183944\/revisions"}],"predecessor-version":[{"id":193131,"href":"https:\/\/staging.aldeco.pt\/pt-pt\/wp-json\/wp\/v2\/product\/183944\/revisions\/193131"}],"wp:featuredmedia":[{"embeddable":true,"href":"https:\/\/staging.aldeco.pt\/pt-pt\/wp-json\/wp\/v2\/media\/159044"}],"wp:attachment":[{"href":"https:\/\/staging.aldeco.pt\/pt-pt\/wp-json\/wp\/v2\/media?parent=183944"}],"wp:term":[{"taxonomy":"product_brand","embeddable":true,"href":"https:\/\/staging.aldeco.pt\/pt-pt\/wp-json\/wp\/v2\/product_brand?post=183944"},{"taxonomy":"product_cat","embeddable":true,"href":"https:\/\/staging.aldeco.pt\/pt-pt\/wp-json\/wp\/v2\/product_cat?post=183944"},{"taxonomy":"product_tag","embeddable":true,"href":"https:\/\/staging.aldeco.pt\/pt-pt\/wp-json\/wp\/v2\/product_tag?post=183944"}],"curies":[{"name":"wp","href":"https:\/\/api.w.org\/{rel}","templated":true}]}}