{"id":183901,"date":"2024-05-09T20:31:06","date_gmt":"2024-05-09T20:31:06","guid":{"rendered":"https:\/\/aldeco.pt\/staging\/product\/hao\/"},"modified":"2024-08-06T11:23:35","modified_gmt":"2024-08-06T11:23:35","slug":"hao","status":"publish","type":"product","link":"https:\/\/staging.aldeco.pt\/pt-pt\/product\/hao\/","title":{"rendered":"HAO"},"content":{"rendered":"<p>HAO \u00e9 um tecido para cortinas muito elegante, muito leve e macio ao toque.<br \/>\n\u00c9 ecol\u00f3gico pois cumpre a norma OEKO-TEX 100, n\u00e3o possui subst\u00e2ncias nocivas ao meio ambiente. Est\u00e1 dispon\u00edvel em 5 cores neutras.<\/p>\n","protected":false},"excerpt":{"rendered":"<p>HAO \u00e9 um tecido para cortinas muito elegante, muito leve e macio ao toque.<br \/>\n\u00c9 ecol\u00f3gico pois cumpre a norma OEKO-TEX 100, n\u00e3o possui subst\u00e2ncias nocivas ao meio ambiente. Est\u00e1 dispon\u00edvel em 5 cores neutras.<\/p>\n<h2>HAO \u00e9 um tecido para cortinas muito elegante, muito leve e macio ao toque.<br \/>\n\u00c9 ecol\u00f3gico pois cumpre a norma OEKO-TEX 100, n\u00e3o possui subst\u00e2ncias nocivas ao meio ambiente. Est\u00e1 dispon\u00edvel em 5 cores neutras.<\/h2>\n<p><img fetchpriority=\"high\" decoding=\"async\" class=\"alignnone wp-image-181056 size-medium\" src=\"https:\/\/aldeco.pt\/staging\/wp-content\/uploads\/2024\/01\/T192450001-3-300x200.jpg\" alt=\"Hao - Aldeco\" width=\"300\" height=\"200\"><\/p>\n<p><a href=\"https:\/\/www.instagram.com\/aldeco_interiorfabrics\/\">https:\/\/www.instagram.com\/aldeco_interiorfabrics\/<\/a><\/p>\n<p><a href=\"https:\/\/aldeco.pt\/staging\/product\/hao\/?attribute_pa_aldeco-color=01-natural-white\">https:\/\/aldeco.pt\/staging\/product\/hao\/?attribute_pa_aldeco-color=01-natural-white<\/a><\/p>\n<p>&nbsp;<\/p>\n","protected":false},"featured_media":159034,"template":"","meta":[],"product_brand":[],"product_cat":[6153],"product_tag":[],"class_list":{"0":"post-183901","1":"product","2":"type-product","3":"status-publish","4":"has-post-thumbnail","6":"product_cat-aldeco-smarter-pt-pt","7":"pa_cleanability-8282","8":"pa_composition-ext-100-pl-pt-pt","9":"pa_interior-fabrics-1-pt-pt","10":"pa_line-tecidos","11":"pa_lithfastness-4-5-pt-pt","12":"pa_outdoor-0-pt-pt","13":"pa_range-liso","14":"pa_range-transparente","15":"pa_rapport-vertical-11009","18":"first","19":"instock","20":"purchasable","21":"product-type-variable"},"acf":[],"_links":{"self":[{"href":"https:\/\/staging.aldeco.pt\/pt-pt\/wp-json\/wp\/v2\/product\/183901","targetHints":{"allow":["GET"]}}],"collection":[{"href":"https:\/\/staging.aldeco.pt\/pt-pt\/wp-json\/wp\/v2\/product"}],"about":[{"href":"https:\/\/staging.aldeco.pt\/pt-pt\/wp-json\/wp\/v2\/types\/product"}],"version-history":[{"count":1,"href":"https:\/\/staging.aldeco.pt\/pt-pt\/wp-json\/wp\/v2\/product\/183901\/revisions"}],"predecessor-version":[{"id":193128,"href":"https:\/\/staging.aldeco.pt\/pt-pt\/wp-json\/wp\/v2\/product\/183901\/revisions\/193128"}],"wp:featuredmedia":[{"embeddable":true,"href":"https:\/\/staging.aldeco.pt\/pt-pt\/wp-json\/wp\/v2\/media\/159034"}],"wp:attachment":[{"href":"https:\/\/staging.aldeco.pt\/pt-pt\/wp-json\/wp\/v2\/media?parent=183901"}],"wp:term":[{"taxonomy":"product_brand","embeddable":true,"href":"https:\/\/staging.aldeco.pt\/pt-pt\/wp-json\/wp\/v2\/product_brand?post=183901"},{"taxonomy":"product_cat","embeddable":true,"href":"https:\/\/staging.aldeco.pt\/pt-pt\/wp-json\/wp\/v2\/product_cat?post=183901"},{"taxonomy":"product_tag","embeddable":true,"href":"https:\/\/staging.aldeco.pt\/pt-pt\/wp-json\/wp\/v2\/product_tag?post=183901"}],"curies":[{"name":"wp","href":"https:\/\/api.w.org\/{rel}","templated":true}]}}