{"id":183869,"date":"2024-05-09T20:30:49","date_gmt":"2024-05-09T20:30:49","guid":{"rendered":"https:\/\/aldeco.pt\/staging\/product\/hamper-easy-clean-fr\/"},"modified":"2024-10-03T13:40:01","modified_gmt":"2024-10-03T13:40:01","slug":"hamper-easy-clean-fr","status":"publish","type":"product","link":"https:\/\/staging.aldeco.pt\/pt-pt\/product\/hamper-easy-clean-fr\/","title":{"rendered":"HAMPER EASY CLEAN FR"},"content":{"rendered":"<p>HAMPER Easy Clean \u00e9 um tecido bonito, elegante e macio, de f\u00e1cil limpeza e acabamento repelente \u00e0 \u00e1gua.<br \/>\n\u00c9 um tecido tinto em pe\u00e7a para estofo, com uma apar\u00eancia \u00fanica e um ligeiro brilho e aspecto melange. HAMPER \u00e9 tratado com um acabamento especial o que facilita a limpeza, sendo apenas necess\u00e1rio um pano h\u00famido na sua manuten\u00e7\u00e3o.<\/p>\n<p>HAMPER \u00e9 perfeito para criar estofos acolhedores, calorosos e elegantes.<\/p>\n","protected":false},"excerpt":{"rendered":"<p>HAMPER Easy Clean \u00e9 um tecido bonito, elegante e macio, de f\u00e1cil limpeza e acabamento repelente \u00e0 \u00e1gua.<br \/>\n\u00c9 um tecido tinto em pe\u00e7a para estofo, com uma apar\u00eancia \u00fanica e um ligeiro brilho e aspecto melange. HAMPER \u00e9 tratado com um acabamento especial o que facilita a limpeza, sendo apenas necess\u00e1rio um pano h\u00famido na sua manuten\u00e7\u00e3o.<\/p>\n<p>HAMPER \u00e9 perfeito para criar estofos acolhedores, calorosos e elegantes.<\/p>\n<h2>HAMPER Easy Clean \u00e9 um tecido bonito, elegante e macio, de f\u00e1cil limpeza e acabamento repelente \u00e0 \u00e1gua.<br \/>\n\u00c9 um tecido tinto em pe\u00e7a para estofo, com uma apar\u00eancia \u00fanica e um ligeiro brilho e aspecto melange. HAMPER \u00e9 tratado com um acabamento especial o que facilita a limpeza, sendo apenas necess\u00e1rio um pano h\u00famido na sua manuten\u00e7\u00e3o.<\/h2>\n<h2>HAMPER \u00e9 perfeito para criar estofos acolhedores, calorosos e elegantes.<\/h2>\n<p><img fetchpriority=\"high\" decoding=\"async\" class=\"alignnone wp-image-181035 size-medium\" src=\"https:\/\/aldeco.pt\/staging\/wp-content\/uploads\/2024\/01\/T192650001-4-300x200.jpg\" alt=\"Hamper Easy Clean FR - Aldeco\" width=\"300\" height=\"200\" \/><\/p>\n<p><a href=\"https:\/\/www.instagram.com\/aldeco_interiorfabrics\/\">https:\/\/www.instagram.com\/aldeco_interiorfabrics\/<\/a><\/p>\n<p><a href=\"https:\/\/aldeco.pt\/staging\/product\/hamper-easy-clean-fr\/?attribute_pa_aldeco-color=01-ecru\">https:\/\/aldeco.pt\/staging\/product\/hamper-easy-clean-fr\/?attribute_pa_aldeco-color=01-ecru<\/a><\/p>\n<p>&nbsp;<\/p>\n","protected":false},"featured_media":159032,"template":"","meta":[],"product_brand":[],"product_cat":[6145,6153,6151],"product_tag":[],"class_list":{"0":"post-183869","1":"product","2":"type-product","3":"status-publish","4":"has-post-thumbnail","6":"product_cat-aldeco-2-pt-pt-2","7":"product_cat-aldeco-smarter-pt-pt","8":"product_cat-contract-pt-pt","9":"pa_cleanability-8282","10":"pa_composition-ext-70-pl-30-vi-pt-pt","11":"pa_contract-fabrics-1-pt-pt","12":"pa_interior-fabrics-1-pt-pt","13":"pa_line-tecidos","14":"pa_lithfastness-5-pt-pt","15":"pa_outdoor-0-pt-pt","16":"pa_range-chenile","17":"pa_range-liso","18":"pa_rapport-vertical-11009","19":"pa_special-treatments-fabrics-1-pt-pt","22":"first","23":"instock","24":"purchasable","25":"product-type-variable"},"acf":[],"_links":{"self":[{"href":"https:\/\/staging.aldeco.pt\/pt-pt\/wp-json\/wp\/v2\/product\/183869","targetHints":{"allow":["GET"]}}],"collection":[{"href":"https:\/\/staging.aldeco.pt\/pt-pt\/wp-json\/wp\/v2\/product"}],"about":[{"href":"https:\/\/staging.aldeco.pt\/pt-pt\/wp-json\/wp\/v2\/types\/product"}],"version-history":[{"count":2,"href":"https:\/\/staging.aldeco.pt\/pt-pt\/wp-json\/wp\/v2\/product\/183869\/revisions"}],"predecessor-version":[{"id":201989,"href":"https:\/\/staging.aldeco.pt\/pt-pt\/wp-json\/wp\/v2\/product\/183869\/revisions\/201989"}],"wp:featuredmedia":[{"embeddable":true,"href":"https:\/\/staging.aldeco.pt\/pt-pt\/wp-json\/wp\/v2\/media\/159032"}],"wp:attachment":[{"href":"https:\/\/staging.aldeco.pt\/pt-pt\/wp-json\/wp\/v2\/media?parent=183869"}],"wp:term":[{"taxonomy":"product_brand","embeddable":true,"href":"https:\/\/staging.aldeco.pt\/pt-pt\/wp-json\/wp\/v2\/product_brand?post=183869"},{"taxonomy":"product_cat","embeddable":true,"href":"https:\/\/staging.aldeco.pt\/pt-pt\/wp-json\/wp\/v2\/product_cat?post=183869"},{"taxonomy":"product_tag","embeddable":true,"href":"https:\/\/staging.aldeco.pt\/pt-pt\/wp-json\/wp\/v2\/product_tag?post=183869"}],"curies":[{"name":"wp","href":"https:\/\/api.w.org\/{rel}","templated":true}]}}