{"id":183832,"date":"2024-05-09T20:29:48","date_gmt":"2024-05-09T20:29:48","guid":{"rendered":"https:\/\/aldeco.pt\/staging\/product\/guilty\/"},"modified":"2024-10-03T08:30:34","modified_gmt":"2024-10-03T08:30:34","slug":"guilty","status":"publish","type":"product","link":"https:\/\/staging.aldeco.pt\/pt-pt\/product\/guilty\/","title":{"rendered":"GUILTY"},"content":{"rendered":"<p>Guilty \u00e9 um tecido muito especial pela sua beleza e complexidade, pois a sua constru\u00e7\u00e3o \u00e9 em moir\u00e9 jacquard , com uma vibrante ilustra\u00e7\u00e3o em estilo de pinceladas profundas, Inspirada nas penas do sedutor pav\u00e3o.<\/p>\n","protected":false},"excerpt":{"rendered":"<p>Guilty \u00e9 um tecido muito especial pela sua beleza e complexidade, pois a sua constru\u00e7\u00e3o \u00e9 em moir\u00e9 jacquard , com uma vibrante ilustra\u00e7\u00e3o em estilo de pinceladas profundas, Inspirada nas penas do sedutor pav\u00e3o.<\/p>\n<h2>Guilty \u00e9 um tecido muito especial pela sua beleza e complexidade, pois a sua constru\u00e7\u00e3o \u00e9 em moir\u00e9 jacquard , com uma vibrante ilustra\u00e7\u00e3o em estilo de pinceladas profundas, Inspirada nas penas do sedutor pav\u00e3o.<\/h2>\n<p><img fetchpriority=\"high\" decoding=\"async\" class=\"alignnone wp-image-180967 size-medium\" src=\"https:\/\/aldeco.pt\/staging\/wp-content\/uploads\/2024\/01\/T190540001-4-300x200.jpg\" alt=\"Guilty - Aldeco\" width=\"300\" height=\"200\" \/><\/p>\n<p><a href=\"https:\/\/www.instagram.com\/aldeco_interiorfabrics\/\">https:\/\/www.instagram.com\/aldeco_interiorfabrics\/<\/a><\/p>\n<p><a href=\"https:\/\/aldeco.pt\/staging\/product\/guilty\/?attribute_pa_aldeco-color=01-pink-nude-blossom\">https:\/\/aldeco.pt\/staging\/product\/guilty\/?attribute_pa_aldeco-color=01-pink-nude-blossom<\/a><\/p>\n<p>&nbsp;<\/p>\n","protected":false},"featured_media":155619,"template":"","meta":[],"product_brand":[],"product_cat":[6145],"product_tag":[],"class_list":{"0":"post-183832","1":"product","2":"type-product","3":"status-publish","4":"has-post-thumbnail","6":"product_cat-aldeco-2-pt-pt-2","7":"pa_cleanability-8282","8":"pa_composition-ext-58-co-42-vi-pt-pt","9":"pa_interior-fabrics-1-pt-pt","10":"pa_line-tecidos","11":"pa_lithfastness-4-6-pt-pt","12":"pa_outdoor-0-pt-pt","13":"pa_range-estampado","14":"pa_range-jacquard-pt-pt","15":"pa_rapport-horizontal-14-5-pt-pt","16":"pa_rapport-vertical-11-5-pt-pt","19":"first","20":"instock","21":"purchasable","22":"product-type-variable"},"acf":[],"_links":{"self":[{"href":"https:\/\/staging.aldeco.pt\/pt-pt\/wp-json\/wp\/v2\/product\/183832","targetHints":{"allow":["GET"]}}],"collection":[{"href":"https:\/\/staging.aldeco.pt\/pt-pt\/wp-json\/wp\/v2\/product"}],"about":[{"href":"https:\/\/staging.aldeco.pt\/pt-pt\/wp-json\/wp\/v2\/types\/product"}],"version-history":[{"count":2,"href":"https:\/\/staging.aldeco.pt\/pt-pt\/wp-json\/wp\/v2\/product\/183832\/revisions"}],"predecessor-version":[{"id":201913,"href":"https:\/\/staging.aldeco.pt\/pt-pt\/wp-json\/wp\/v2\/product\/183832\/revisions\/201913"}],"wp:featuredmedia":[{"embeddable":true,"href":"https:\/\/staging.aldeco.pt\/pt-pt\/wp-json\/wp\/v2\/media\/155619"}],"wp:attachment":[{"href":"https:\/\/staging.aldeco.pt\/pt-pt\/wp-json\/wp\/v2\/media?parent=183832"}],"wp:term":[{"taxonomy":"product_brand","embeddable":true,"href":"https:\/\/staging.aldeco.pt\/pt-pt\/wp-json\/wp\/v2\/product_brand?post=183832"},{"taxonomy":"product_cat","embeddable":true,"href":"https:\/\/staging.aldeco.pt\/pt-pt\/wp-json\/wp\/v2\/product_cat?post=183832"},{"taxonomy":"product_tag","embeddable":true,"href":"https:\/\/staging.aldeco.pt\/pt-pt\/wp-json\/wp\/v2\/product_tag?post=183832"}],"curies":[{"name":"wp","href":"https:\/\/api.w.org\/{rel}","templated":true}]}}