{"id":183824,"date":"2024-05-09T20:28:39","date_gmt":"2024-05-09T20:28:39","guid":{"rendered":"https:\/\/aldeco.pt\/staging\/product\/ground-fr\/"},"modified":"2024-09-30T08:58:02","modified_gmt":"2024-09-30T08:58:02","slug":"ground-fr","status":"publish","type":"product","link":"https:\/\/staging.aldeco.pt\/pt-pt\/product\/ground-fr\/","title":{"rendered":"GROUND FR"},"content":{"rendered":"<p>Ground \u00e9 um tecido pesado e encorpado, bastante indicado para projetos de contract, uma vez que \u00e9 ign\u00edfugo e apresenta grandes resultados nos testes de resist\u00eancia de Martindale. A sua vasta paleta de cores dispon\u00edvel para entrega imediata torna este tecido um parceiro bastante \u00fatil para projetos.<\/p>\n","protected":false},"excerpt":{"rendered":"<p>Ground \u00e9 um tecido pesado e encorpado, bastante indicado para projetos de contract, uma vez que \u00e9 ign\u00edfugo e apresenta grandes resultados nos testes de resist\u00eancia de Martindale. A sua vasta paleta de cores dispon\u00edvel para entrega imediata torna este tecido um parceiro bastante \u00fatil para projetos.<\/p>\n<h2>Ground \u00e9 um tecido pesado e encorpado, bastante indicado para projetos de contract, uma vez que \u00e9 ign\u00edfugo e apresenta grandes resultados nos testes de resist\u00eancia de Martindale. A sua vasta paleta de cores dispon\u00edvel para entrega imediata torna este tecido um parceiro bastante \u00fatil para projetos.<\/h2>\n<p><img fetchpriority=\"high\" decoding=\"async\" class=\"alignnone wp-image-180919 size-medium\" src=\"https:\/\/aldeco.pt\/staging\/wp-content\/uploads\/2024\/03\/T190290001-300x200.jpg\" alt=\"Ground FR - Aldeco\" width=\"300\" height=\"200\" \/><\/p>\n<p><a href=\"https:\/\/www.instagram.com\/aldeco_interiorfabrics\/\">https:\/\/www.instagram.com\/aldeco_interiorfabrics\/<\/a><\/p>\n<p><a href=\"https:\/\/aldeco.pt\/staging\/product\/ground-fr\/?attribute_pa_aldeco-color=01-snow\">https:\/\/aldeco.pt\/staging\/product\/ground-fr\/?attribute_pa_aldeco-color=01-snow<\/a><\/p>\n<p>&nbsp;<\/p>\n","protected":false},"featured_media":158992,"template":"","meta":[],"product_brand":[],"product_cat":[6145,6153,6151],"product_tag":[],"class_list":{"0":"post-183824","1":"product","2":"type-product","3":"status-publish","4":"has-post-thumbnail","6":"product_cat-aldeco-2-pt-pt-2","7":"product_cat-aldeco-smarter-pt-pt","8":"product_cat-contract-pt-pt","9":"pa_cleanability-8282","10":"pa_composition-ext-50-pl-50-co-pt-pt","11":"pa_contract-fabrics-1-pt-pt","12":"pa_interior-fabrics-1-pt-pt","13":"pa_line-tecidos","14":"pa_lithfastness-9680","15":"pa_outdoor-0-pt-pt","16":"pa_range-liso","17":"pa_rapport-vertical-11009","18":"pa_special-treatments-fabrics-1-pt-pt","19":"pa_sustainable-fabrics-1-pt-pt","22":"first","23":"instock","24":"purchasable","25":"product-type-variable"},"acf":[],"_links":{"self":[{"href":"https:\/\/staging.aldeco.pt\/pt-pt\/wp-json\/wp\/v2\/product\/183824","targetHints":{"allow":["GET"]}}],"collection":[{"href":"https:\/\/staging.aldeco.pt\/pt-pt\/wp-json\/wp\/v2\/product"}],"about":[{"href":"https:\/\/staging.aldeco.pt\/pt-pt\/wp-json\/wp\/v2\/types\/product"}],"version-history":[{"count":2,"href":"https:\/\/staging.aldeco.pt\/pt-pt\/wp-json\/wp\/v2\/product\/183824\/revisions"}],"predecessor-version":[{"id":200918,"href":"https:\/\/staging.aldeco.pt\/pt-pt\/wp-json\/wp\/v2\/product\/183824\/revisions\/200918"}],"wp:featuredmedia":[{"embeddable":true,"href":"https:\/\/staging.aldeco.pt\/pt-pt\/wp-json\/wp\/v2\/media\/158992"}],"wp:attachment":[{"href":"https:\/\/staging.aldeco.pt\/pt-pt\/wp-json\/wp\/v2\/media?parent=183824"}],"wp:term":[{"taxonomy":"product_brand","embeddable":true,"href":"https:\/\/staging.aldeco.pt\/pt-pt\/wp-json\/wp\/v2\/product_brand?post=183824"},{"taxonomy":"product_cat","embeddable":true,"href":"https:\/\/staging.aldeco.pt\/pt-pt\/wp-json\/wp\/v2\/product_cat?post=183824"},{"taxonomy":"product_tag","embeddable":true,"href":"https:\/\/staging.aldeco.pt\/pt-pt\/wp-json\/wp\/v2\/product_tag?post=183824"}],"curies":[{"name":"wp","href":"https:\/\/api.w.org\/{rel}","templated":true}]}}