{"id":183780,"date":"2024-05-09T20:28:09","date_gmt":"2024-05-09T20:28:09","guid":{"rendered":"https:\/\/aldeco.pt\/staging\/product\/granola-fr\/"},"modified":"2024-08-06T11:23:40","modified_gmt":"2024-08-06T11:23:40","slug":"granola-fr","status":"publish","type":"product","link":"https:\/\/staging.aldeco.pt\/pt-pt\/product\/granola-fr\/","title":{"rendered":"GRANOLA FR"},"content":{"rendered":"<p>\u00c9 um tecido de estofo tinto em fio muito estruturado. Este tecido cumpre v\u00e1rias normas retardantes de chama e \u00e9 OEKO-TEX Standard 100, n\u00e3o contem subst\u00e2ncias qu\u00edmicas nocivas para o ambiente. Al\u00e9m de todas estas caracter\u00edsticas tem um tratamento antin\u00f3doa, o que o torna ideal para espa\u00e7os de muito uso com crian\u00e7as ou at\u00e9 animais de estima\u00e7\u00e3o, possibilitando uma f\u00e1cil limpeza.<\/p>\n","protected":false},"excerpt":{"rendered":"<p>Granola FR \u00e9 um tecido de estofo tinto em fio muito estruturado. Este tecido cumpre v\u00e1rias normas retardantes de chama e \u00e9 OEKO-TEX Standard 100, n\u00e3o contem subst\u00e2ncias qu\u00edmicas nocivas para o ambiente. Al\u00e9m de todas estas caracter\u00edsticas tem um tratamento antin\u00f3doa, o que o torna ideal para espa\u00e7os de muito uso com crian\u00e7as ou at\u00e9 animais de estima\u00e7\u00e3o, possibilitando uma f\u00e1cil limpeza.<\/p>\n<h2>Granola FR \u00e9 um tecido de estofo tinto em fio muito estruturado. Este tecido cumpre v\u00e1rias normas retardantes de chama e \u00e9 OEKO-TEX Standard 100, n\u00e3o contem subst\u00e2ncias qu\u00edmicas nocivas para o ambiente. Al\u00e9m de todas estas caracter\u00edsticas tem um tratamento antin\u00f3doa, o que o torna ideal para espa\u00e7os de muito uso com crian\u00e7as ou at\u00e9 animais de estima\u00e7\u00e3o, possibilitando uma f\u00e1cil limpeza.<\/h2>\n<p><img fetchpriority=\"high\" decoding=\"async\" class=\"alignnone wp-image-180899 size-medium\" src=\"https:\/\/aldeco.pt\/staging\/wp-content\/uploads\/2024\/01\/T191170001-4-300x250.jpg\" alt=\"Granola FR - Aldeco\" width=\"300\" height=\"250\"><\/p>\n<p>&nbsp;<\/p>\n<p><a href=\"https:\/\/www.instagram.com\/aldeco_interiorfabrics\/\">https:\/\/www.instagram.com\/aldeco_interiorfabrics\/<\/a><\/p>\n<p><a href=\"https:\/\/aldeco.pt\/staging\/product\/granola-fr\/?attribute_pa_aldeco-color=01-marzipan\">https:\/\/aldeco.pt\/staging\/product\/granola-fr\/?attribute_pa_aldeco-color=01-marzipan<\/a><\/p>\n","protected":false},"featured_media":155571,"template":"","meta":[],"product_brand":[],"product_cat":[6145,6151],"product_tag":[],"class_list":{"0":"post-183780","1":"product","2":"type-product","3":"status-publish","4":"has-post-thumbnail","6":"product_cat-aldeco-2-pt-pt-2","7":"product_cat-contract-pt-pt","8":"pa_cleanability-8282","9":"pa_composition-ext-61-ac-39-pl-pt-pt","10":"pa_contract-fabrics-1-pt-pt","11":"pa_interior-fabrics-1-pt-pt","12":"pa_line-tecidos","13":"pa_lithfastness-6-pt-pt","14":"pa_outdoor-0-pt-pt","15":"pa_range-jacquard-pt-pt","16":"pa_rapport-vertical-11009","17":"pa_special-treatments-fabrics-1-pt-pt","20":"first","21":"instock","22":"purchasable","23":"product-type-variable"},"acf":[],"_links":{"self":[{"href":"https:\/\/staging.aldeco.pt\/pt-pt\/wp-json\/wp\/v2\/product\/183780","targetHints":{"allow":["GET"]}}],"collection":[{"href":"https:\/\/staging.aldeco.pt\/pt-pt\/wp-json\/wp\/v2\/product"}],"about":[{"href":"https:\/\/staging.aldeco.pt\/pt-pt\/wp-json\/wp\/v2\/types\/product"}],"version-history":[{"count":1,"href":"https:\/\/staging.aldeco.pt\/pt-pt\/wp-json\/wp\/v2\/product\/183780\/revisions"}],"predecessor-version":[{"id":193120,"href":"https:\/\/staging.aldeco.pt\/pt-pt\/wp-json\/wp\/v2\/product\/183780\/revisions\/193120"}],"wp:featuredmedia":[{"embeddable":true,"href":"https:\/\/staging.aldeco.pt\/pt-pt\/wp-json\/wp\/v2\/media\/155571"}],"wp:attachment":[{"href":"https:\/\/staging.aldeco.pt\/pt-pt\/wp-json\/wp\/v2\/media?parent=183780"}],"wp:term":[{"taxonomy":"product_brand","embeddable":true,"href":"https:\/\/staging.aldeco.pt\/pt-pt\/wp-json\/wp\/v2\/product_brand?post=183780"},{"taxonomy":"product_cat","embeddable":true,"href":"https:\/\/staging.aldeco.pt\/pt-pt\/wp-json\/wp\/v2\/product_cat?post=183780"},{"taxonomy":"product_tag","embeddable":true,"href":"https:\/\/staging.aldeco.pt\/pt-pt\/wp-json\/wp\/v2\/product_tag?post=183780"}],"curies":[{"name":"wp","href":"https:\/\/api.w.org\/{rel}","templated":true}]}}