{"id":183717,"date":"2024-05-09T20:24:42","date_gmt":"2024-05-09T20:24:42","guid":{"rendered":"https:\/\/aldeco.pt\/staging\/product\/goa\/"},"modified":"2024-10-01T16:56:51","modified_gmt":"2024-10-01T16:56:51","slug":"goa","status":"publish","type":"product","link":"https:\/\/staging.aldeco.pt\/pt-pt\/product\/goa\/","title":{"rendered":"GOA"},"content":{"rendered":"<p>Apresentamos este tecido de seda \/ viscose liso de efeito \u201c2 camadas\u201d, com um fant\u00e1stico leque de cores e tecelagem. Visual r\u00fastico chique e elegante pelo seu aspeto irregular, obtido com precis\u00e3o pelos principais manuais de tecelagem, ideal para decora\u00e7\u00e3o e cortina. Este tecido com tratamento Teflon est\u00e1 dispon\u00edvel em 15 cores.<\/p>\n","protected":false},"excerpt":{"rendered":"<p>Apresentamos este tecido de seda \/ viscose liso de efeito \u201c2 camadas\u201d, com um fant\u00e1stico leque de cores e tecelagem. Visual r\u00fastico chique e elegante pelo seu aspeto irregular, obtido com precis\u00e3o pelos principais manuais de tecelagem, ideal para decora\u00e7\u00e3o e cortina. Este tecido com tratamento Teflon est\u00e1 dispon\u00edvel em 15 cores.<\/p>\n<h2>Apresentamos este tecido de seda \/ viscose liso de efeito \u201c2 camadas\u201d, com um fant\u00e1stico leque de cores e tecelagem. Visual r\u00fastico chique e elegante pelo seu aspeto irregular, obtido com precis\u00e3o pelos principais manuais de tecelagem, ideal para decora\u00e7\u00e3o e cortina. Este tecido com tratamento Teflon est\u00e1 dispon\u00edvel em 15 cores.<\/h2>\n<p><img fetchpriority=\"high\" decoding=\"async\" class=\"alignnone wp-image-80787 size-medium\" src=\"https:\/\/aldeco.pt\/staging\/wp-content\/uploads\/2024\/01\/T200790001-2-300x280.jpg\" alt=\"Goa - Aldeco\" width=\"300\" height=\"280\" \/><\/p>\n<p><a href=\"https:\/\/aldeco.pt\/staging\/product\/goa\/?attribute_pa_aldeco-color=01\">https:\/\/aldeco.pt\/staging\/product\/goa\/?attribute_pa_aldeco-color=01<\/a><\/p>\n<p><a href=\"https:\/\/www.instagram.com\/aldeco_interiorfabrics\/\">https:\/\/www.instagram.com\/aldeco_interiorfabrics\/<\/a><\/p>\n<p>&nbsp;<\/p>\n","protected":false},"featured_media":193135,"template":"","meta":[],"product_brand":[],"product_cat":[6145],"product_tag":[],"class_list":{"0":"post-183717","1":"product","2":"type-product","3":"status-publish","4":"has-post-thumbnail","6":"product_cat-aldeco-2-pt-pt-2","7":"pa_cleanability-8282","8":"pa_composition-ext-10-se-90-vi-pt-pt","9":"pa_interior-fabrics-1-pt-pt","10":"pa_line-tecidos","11":"pa_lithfastness-3-4-pt-pt","12":"pa_outdoor-0-pt-pt","13":"pa_range-liso","14":"pa_rapport-vertical-11009","17":"first","18":"instock","19":"purchasable","20":"product-type-variable"},"acf":[],"_links":{"self":[{"href":"https:\/\/staging.aldeco.pt\/pt-pt\/wp-json\/wp\/v2\/product\/183717","targetHints":{"allow":["GET"]}}],"collection":[{"href":"https:\/\/staging.aldeco.pt\/pt-pt\/wp-json\/wp\/v2\/product"}],"about":[{"href":"https:\/\/staging.aldeco.pt\/pt-pt\/wp-json\/wp\/v2\/types\/product"}],"version-history":[{"count":2,"href":"https:\/\/staging.aldeco.pt\/pt-pt\/wp-json\/wp\/v2\/product\/183717\/revisions"}],"predecessor-version":[{"id":201756,"href":"https:\/\/staging.aldeco.pt\/pt-pt\/wp-json\/wp\/v2\/product\/183717\/revisions\/201756"}],"wp:featuredmedia":[{"embeddable":true,"href":"https:\/\/staging.aldeco.pt\/pt-pt\/wp-json\/wp\/v2\/media\/193135"}],"wp:attachment":[{"href":"https:\/\/staging.aldeco.pt\/pt-pt\/wp-json\/wp\/v2\/media?parent=183717"}],"wp:term":[{"taxonomy":"product_brand","embeddable":true,"href":"https:\/\/staging.aldeco.pt\/pt-pt\/wp-json\/wp\/v2\/product_brand?post=183717"},{"taxonomy":"product_cat","embeddable":true,"href":"https:\/\/staging.aldeco.pt\/pt-pt\/wp-json\/wp\/v2\/product_cat?post=183717"},{"taxonomy":"product_tag","embeddable":true,"href":"https:\/\/staging.aldeco.pt\/pt-pt\/wp-json\/wp\/v2\/product_tag?post=183717"}],"curies":[{"name":"wp","href":"https:\/\/api.w.org\/{rel}","templated":true}]}}