{"id":183683,"date":"2024-05-09T20:24:14","date_gmt":"2024-05-09T20:24:14","guid":{"rendered":"https:\/\/aldeco.pt\/staging\/product\/glow-fr\/"},"modified":"2025-02-04T15:15:28","modified_gmt":"2025-02-04T15:15:28","slug":"glow-fr","status":"publish","type":"product","link":"https:\/\/staging.aldeco.pt\/pt-pt\/product\/glow-fr\/","title":{"rendered":"GLOW FR"},"content":{"rendered":"<p>GLOW \u00e9 um tecido 100% chenille com uma textura quente e muito t\u00e9cnica. Com uma estrutura dupla de tecido jacquard e uma apar\u00eancia subtilmente tridimensional, GLOW apresenta-se com um conjunto interessante de cores que contrastam tons neutros e past\u00e9is, unindo um micro chenille a um leve brilho, resultando num tecido muito funcional de alta performance.<\/p>\n","protected":false},"excerpt":{"rendered":"<p>GLOW \u00e9 um tecido 100% chenille com uma textura quente e muito t\u00e9cnica. Com uma estrutura dupla de tecido jacquard e uma apar\u00eancia subtilmente tridimensional, GLOW apresenta-se com um conjunto interessante de cores que contrastam tons neutros e past\u00e9is, unindo um micro chenille a um leve brilho, resultando num tecido muito funcional de alta performance.<\/p>\n<h2>GLOW \u00e9 um tecido 100% chenille com uma textura quente e muito t\u00e9cnica. Com uma estrutura dupla de tecido jacquard e uma apar\u00eancia subtilmente tridimensional, GLOW apresenta-se com um conjunto interessante de cores que contrastam tons neutros e past\u00e9is, unindo um micro chenille a um leve brilho, resultando num tecido muito funcional de alta performance.<\/h2>\n<p><img fetchpriority=\"high\" decoding=\"async\" class=\"alignnone wp-image-161775 size-medium\" src=\"https:\/\/aldeco.pt\/staging\/wp-content\/uploads\/2024\/05\/T192670034-300x200.jpg\" alt=\"Glow FR - Aldeco\" width=\"300\" height=\"200\"><\/p>\n<p><a href=\"https:\/\/aldeco.pt\/staging\/product\/glow-fr\/?attribute_pa_aldeco-color=1\">https:\/\/aldeco.pt\/staging\/product\/glow-fr\/?attribute_pa_aldeco-color=1<\/a><\/p>\n<p><a href=\"https:\/\/www.instagram.com\/aldeco_interiorfabrics\/\">https:\/\/www.instagram.com\/aldeco_interiorfabrics\/<\/a><\/p>\n","protected":false},"featured_media":155529,"template":"","meta":[],"product_brand":[],"product_cat":[6145],"product_tag":[],"class_list":{"0":"post-183683","1":"product","2":"type-product","3":"status-publish","4":"has-post-thumbnail","6":"product_cat-aldeco-2-pt-pt-2","7":"pa_cleanability-4-5-pt-pt","8":"pa_composition-ext-63-pl-17-pp-16-pl-rec-2-co-rec-2-of-rec-pt-pt","9":"pa_contract-fabrics-1-pt-pt","10":"pa_interior-fabrics-1-pt-pt","11":"pa_line-tecidos","12":"pa_lithfastness-5-6-pt-pt","13":"pa_outdoor-0-pt-pt","14":"pa_range-jacquard-pt-pt","15":"pa_rapport-vertical-11009","16":"pa_sustainable-fabrics-1-pt-pt","19":"first","20":"instock","21":"purchasable","22":"product-type-variable"},"acf":[],"_links":{"self":[{"href":"https:\/\/staging.aldeco.pt\/pt-pt\/wp-json\/wp\/v2\/product\/183683","targetHints":{"allow":["GET"]}}],"collection":[{"href":"https:\/\/staging.aldeco.pt\/pt-pt\/wp-json\/wp\/v2\/product"}],"about":[{"href":"https:\/\/staging.aldeco.pt\/pt-pt\/wp-json\/wp\/v2\/types\/product"}],"version-history":[{"count":3,"href":"https:\/\/staging.aldeco.pt\/pt-pt\/wp-json\/wp\/v2\/product\/183683\/revisions"}],"predecessor-version":[{"id":218166,"href":"https:\/\/staging.aldeco.pt\/pt-pt\/wp-json\/wp\/v2\/product\/183683\/revisions\/218166"}],"wp:featuredmedia":[{"embeddable":true,"href":"https:\/\/staging.aldeco.pt\/pt-pt\/wp-json\/wp\/v2\/media\/155529"}],"wp:attachment":[{"href":"https:\/\/staging.aldeco.pt\/pt-pt\/wp-json\/wp\/v2\/media?parent=183683"}],"wp:term":[{"taxonomy":"product_brand","embeddable":true,"href":"https:\/\/staging.aldeco.pt\/pt-pt\/wp-json\/wp\/v2\/product_brand?post=183683"},{"taxonomy":"product_cat","embeddable":true,"href":"https:\/\/staging.aldeco.pt\/pt-pt\/wp-json\/wp\/v2\/product_cat?post=183683"},{"taxonomy":"product_tag","embeddable":true,"href":"https:\/\/staging.aldeco.pt\/pt-pt\/wp-json\/wp\/v2\/product_tag?post=183683"}],"curies":[{"name":"wp","href":"https:\/\/api.w.org\/{rel}","templated":true}]}}