{"id":183656,"date":"2024-05-09T20:23:14","date_gmt":"2024-05-09T20:23:14","guid":{"rendered":"https:\/\/aldeco.pt\/staging\/product\/gloria-fr\/"},"modified":"2024-10-03T09:50:16","modified_gmt":"2024-10-03T09:50:16","slug":"gloria-fr","status":"publish","type":"product","link":"https:\/\/staging.aldeco.pt\/pt-pt\/product\/gloria-fr\/","title":{"rendered":"GLORIA FR"},"content":{"rendered":"<p>GLORIA FR \u00e9 um tecido de cortina com estrutura alinhada muito natural, dispon\u00edvel em 13 cores intemporais. Devido \u00e0 sua composi\u00e7\u00e3o de poli\u00e9ster ign\u00edfugo inerente pode ser usado em projetos contract e residencial. A sua largura extra de 330 cm e o seu toque suave tornam-no extremamente pr\u00e1tico.<\/p>\n","protected":false},"excerpt":{"rendered":"<p>GLORIA FR \u00e9 um tecido de cortina com estrutura alinhada muito natural, dispon\u00edvel em 13 cores intemporais. Devido \u00e0 sua composi\u00e7\u00e3o de poli\u00e9ster ign\u00edfugo inerente pode ser usado em projetos contract e residencial. A sua largura extra de 330 cm e o seu toque suave tornam-no extremamente pr\u00e1tico.<\/p>\n<h2>GLORIA FR \u00e9 um tecido de cortina com estrutura alinhada muito natural, dispon\u00edvel em 13 cores intemporais. Devido \u00e0 sua composi\u00e7\u00e3o de poli\u00e9ster ign\u00edfugo inerente pode ser usado em projetos contract e residencial. A sua largura extra de 330 cm e o seu toque suave tornam-no extremamente pr\u00e1tico.<\/h2>\n<p><img fetchpriority=\"high\" decoding=\"async\" class=\"alignnone wp-image-91597 size-medium\" src=\"https:\/\/aldeco.pt\/staging\/wp-content\/uploads\/2024\/01\/T192690012-3-300x200.jpg\" alt=\"Gloria FR - Aldeco\" width=\"300\" height=\"200\" \/><\/p>\n<p>&nbsp;<\/p>\n<p><a href=\"https:\/\/www.instagram.com\/aldeco_interiorfabrics\/\">https:\/\/www.instagram.com\/aldeco_interiorfabrics\/<\/a><\/p>\n<p><a href=\"https:\/\/aldeco.pt\/staging\/product\/gloria-fr\/?attribute_pa_aldeco-color=01-pure-white\">https:\/\/aldeco.pt\/staging\/product\/gloria-fr\/?attribute_pa_aldeco-color=01-pure-white<\/a><\/p>\n<p>&nbsp;<\/p>\n","protected":false},"featured_media":158933,"template":"","meta":[],"product_brand":[],"product_cat":[6153],"product_tag":[],"class_list":{"0":"post-183656","1":"product","2":"type-product","3":"status-publish","4":"has-post-thumbnail","6":"product_cat-aldeco-smarter-pt-pt","7":"pa_cleanability-8282","8":"pa_composition-ext-100-rpli-pt-pt","9":"pa_contract-fabrics-1-pt-pt","10":"pa_interior-fabrics-1-pt-pt","11":"pa_line-tecidos","12":"pa_lithfastness-5-pt-pt","13":"pa_outdoor-0-pt-pt","14":"pa_range-liso","15":"pa_range-transparente","16":"pa_rapport-vertical-11009","17":"pa_special-treatments-fabrics-1-pt-pt","20":"first","21":"instock","22":"purchasable","23":"product-type-variable"},"acf":[],"_links":{"self":[{"href":"https:\/\/staging.aldeco.pt\/pt-pt\/wp-json\/wp\/v2\/product\/183656","targetHints":{"allow":["GET"]}}],"collection":[{"href":"https:\/\/staging.aldeco.pt\/pt-pt\/wp-json\/wp\/v2\/product"}],"about":[{"href":"https:\/\/staging.aldeco.pt\/pt-pt\/wp-json\/wp\/v2\/types\/product"}],"version-history":[{"count":3,"href":"https:\/\/staging.aldeco.pt\/pt-pt\/wp-json\/wp\/v2\/product\/183656\/revisions"}],"predecessor-version":[{"id":201941,"href":"https:\/\/staging.aldeco.pt\/pt-pt\/wp-json\/wp\/v2\/product\/183656\/revisions\/201941"}],"wp:featuredmedia":[{"embeddable":true,"href":"https:\/\/staging.aldeco.pt\/pt-pt\/wp-json\/wp\/v2\/media\/158933"}],"wp:attachment":[{"href":"https:\/\/staging.aldeco.pt\/pt-pt\/wp-json\/wp\/v2\/media?parent=183656"}],"wp:term":[{"taxonomy":"product_brand","embeddable":true,"href":"https:\/\/staging.aldeco.pt\/pt-pt\/wp-json\/wp\/v2\/product_brand?post=183656"},{"taxonomy":"product_cat","embeddable":true,"href":"https:\/\/staging.aldeco.pt\/pt-pt\/wp-json\/wp\/v2\/product_cat?post=183656"},{"taxonomy":"product_tag","embeddable":true,"href":"https:\/\/staging.aldeco.pt\/pt-pt\/wp-json\/wp\/v2\/product_tag?post=183656"}],"curies":[{"name":"wp","href":"https:\/\/api.w.org\/{rel}","templated":true}]}}