{"id":183639,"date":"2024-05-09T21:14:41","date_gmt":"2024-05-09T21:14:41","guid":{"rendered":"https:\/\/aldeco.pt\/staging\/product\/nightdream-blackout-fr\/"},"modified":"2024-09-30T13:51:24","modified_gmt":"2024-09-30T13:51:24","slug":"nightdream-blackout-fr","status":"publish","type":"product","link":"https:\/\/staging.aldeco.pt\/pt-pt\/product\/nightdream-blackout-fr\/","title":{"rendered":"NIGHTDREAM BLACKOUT FR"},"content":{"rendered":"<p>NIGHTDREAM BLACKOUT FR \u00e9 um tecido blackout em poli\u00e9ster recilado com um look muito macio e um backing muito leve. Apresentamos este blackout texturado ign\u00edfugo muito elegante com uma largura excepcional de 320 cm para tectos particularmente altos. Est\u00e1 dispon\u00edvel em 14 cores essenciais.<\/p>\n","protected":false},"excerpt":{"rendered":"<p>NIGHTDREAM BLACKOUT FR \u00e9 um tecido blackout em poli\u00e9ster recilado com um look muito macio e um backing muito leve. Apresentamos este blackout texturado ign\u00edfugo muito elegante com uma largura excepcional de 320 cm para tectos particularmente altos. Est\u00e1 dispon\u00edvel em 14 cores essenciais.<\/p>\n","protected":false},"featured_media":159674,"template":"","meta":[],"product_brand":[],"product_cat":[6153],"product_tag":[],"class_list":{"0":"post-183639","1":"product","2":"type-product","3":"status-publish","4":"has-post-thumbnail","6":"product_cat-aldeco-smarter-pt-pt","7":"pa_cleanability-8282","8":"pa_composition-ext-100-rpl-pt-pt","9":"pa_contract-fabrics-1-pt-pt","10":"pa_interior-fabrics-1-pt-pt","11":"pa_line-tecidos","12":"pa_lithfastness-5-pt-pt","13":"pa_outdoor-0-pt-pt","14":"pa_range-blackout-pt-pt","15":"pa_range-liso","16":"pa_rapport-vertical-11009","17":"pa_special-treatments-fabrics-1-pt-pt","20":"first","21":"instock","22":"purchasable","23":"product-type-variable"},"acf":[],"_links":{"self":[{"href":"https:\/\/staging.aldeco.pt\/pt-pt\/wp-json\/wp\/v2\/product\/183639","targetHints":{"allow":["GET"]}}],"collection":[{"href":"https:\/\/staging.aldeco.pt\/pt-pt\/wp-json\/wp\/v2\/product"}],"about":[{"href":"https:\/\/staging.aldeco.pt\/pt-pt\/wp-json\/wp\/v2\/types\/product"}],"version-history":[{"count":1,"href":"https:\/\/staging.aldeco.pt\/pt-pt\/wp-json\/wp\/v2\/product\/183639\/revisions"}],"predecessor-version":[{"id":193728,"href":"https:\/\/staging.aldeco.pt\/pt-pt\/wp-json\/wp\/v2\/product\/183639\/revisions\/193728"}],"wp:featuredmedia":[{"embeddable":true,"href":"https:\/\/staging.aldeco.pt\/pt-pt\/wp-json\/wp\/v2\/media\/159674"}],"wp:attachment":[{"href":"https:\/\/staging.aldeco.pt\/pt-pt\/wp-json\/wp\/v2\/media?parent=183639"}],"wp:term":[{"taxonomy":"product_brand","embeddable":true,"href":"https:\/\/staging.aldeco.pt\/pt-pt\/wp-json\/wp\/v2\/product_brand?post=183639"},{"taxonomy":"product_cat","embeddable":true,"href":"https:\/\/staging.aldeco.pt\/pt-pt\/wp-json\/wp\/v2\/product_cat?post=183639"},{"taxonomy":"product_tag","embeddable":true,"href":"https:\/\/staging.aldeco.pt\/pt-pt\/wp-json\/wp\/v2\/product_tag?post=183639"}],"curies":[{"name":"wp","href":"https:\/\/api.w.org\/{rel}","templated":true}]}}