{"id":183600,"date":"2024-05-09T21:14:19","date_gmt":"2024-05-09T21:14:19","guid":{"rendered":"https:\/\/aldeco.pt\/staging\/product\/new-fresh\/"},"modified":"2024-08-06T11:21:43","modified_gmt":"2024-08-06T11:21:43","slug":"new-fresh","status":"publish","type":"product","link":"https:\/\/staging.aldeco.pt\/pt-pt\/product\/new-fresh\/","title":{"rendered":"NEW FRESH"},"content":{"rendered":"<p>\u00c9 um tecido de cortina leve e suave dispon\u00edvel em 6 cores muito naturais. Este tecido de poli\u00e9ster est\u00e1 dispon\u00edvel em 6 cores.<\/p>\n","protected":false},"excerpt":{"rendered":"<p>\u00c9 um tecido de cortina leve e suave dispon\u00edvel em 6 cores muito naturais. Este tecido de poli\u00e9ster est\u00e1 dispon\u00edvel em 6 cores.<\/p>\n","protected":false},"featured_media":161151,"template":"","meta":[],"product_brand":[],"product_cat":[6145],"product_tag":[],"class_list":{"0":"post-183600","1":"product","2":"type-product","3":"status-publish","4":"has-post-thumbnail","6":"product_cat-aldeco-2-pt-pt-2","7":"pa_cleanability-8282","8":"pa_composition-ext-100-pes-pt-pt","9":"pa_interior-fabrics-1-pt-pt","10":"pa_line-tecidos","11":"pa_lithfastness-4-5-pt-pt","12":"pa_outdoor-0-pt-pt","13":"pa_range-liso","14":"pa_range-transparente","15":"pa_rapport-vertical-11009","18":"first","19":"instock","20":"purchasable","21":"product-type-variable"},"acf":[],"_links":{"self":[{"href":"https:\/\/staging.aldeco.pt\/pt-pt\/wp-json\/wp\/v2\/product\/183600","targetHints":{"allow":["GET"]}}],"collection":[{"href":"https:\/\/staging.aldeco.pt\/pt-pt\/wp-json\/wp\/v2\/product"}],"about":[{"href":"https:\/\/staging.aldeco.pt\/pt-pt\/wp-json\/wp\/v2\/types\/product"}],"version-history":[{"count":1,"href":"https:\/\/staging.aldeco.pt\/pt-pt\/wp-json\/wp\/v2\/product\/183600\/revisions"}],"predecessor-version":[{"id":193729,"href":"https:\/\/staging.aldeco.pt\/pt-pt\/wp-json\/wp\/v2\/product\/183600\/revisions\/193729"}],"wp:featuredmedia":[{"embeddable":true,"href":"https:\/\/staging.aldeco.pt\/pt-pt\/wp-json\/wp\/v2\/media\/161151"}],"wp:attachment":[{"href":"https:\/\/staging.aldeco.pt\/pt-pt\/wp-json\/wp\/v2\/media?parent=183600"}],"wp:term":[{"taxonomy":"product_brand","embeddable":true,"href":"https:\/\/staging.aldeco.pt\/pt-pt\/wp-json\/wp\/v2\/product_brand?post=183600"},{"taxonomy":"product_cat","embeddable":true,"href":"https:\/\/staging.aldeco.pt\/pt-pt\/wp-json\/wp\/v2\/product_cat?post=183600"},{"taxonomy":"product_tag","embeddable":true,"href":"https:\/\/staging.aldeco.pt\/pt-pt\/wp-json\/wp\/v2\/product_tag?post=183600"}],"curies":[{"name":"wp","href":"https:\/\/api.w.org\/{rel}","templated":true}]}}