{"id":183580,"date":"2024-05-09T21:11:40","date_gmt":"2024-05-09T21:11:40","guid":{"rendered":"https:\/\/aldeco.pt\/staging\/product\/mohairmania\/"},"modified":"2024-10-03T13:38:27","modified_gmt":"2024-10-03T13:38:27","slug":"mohairmania","status":"publish","type":"product","link":"https:\/\/staging.aldeco.pt\/pt-pt\/product\/mohairmania\/","title":{"rendered":"MOHAIRMANIA"},"content":{"rendered":"<p>Um Dobby tinto em pe\u00e7a com uma apar\u00eancia de mohair. \u00c9 muito resistente e apresenta um toque muito suave.<\/p>\n","protected":false},"excerpt":{"rendered":"<p>Um Dobby tinto em pe\u00e7a com uma apar\u00eancia de mohair. \u00c9 muito resistente e apresenta um toque muito suave.<\/p>\n","protected":false},"featured_media":159625,"template":"","meta":[],"product_brand":[],"product_cat":[6145],"product_tag":[],"class_list":{"0":"post-183580","1":"product","2":"type-product","3":"status-publish","4":"has-post-thumbnail","6":"product_cat-aldeco-2-pt-pt-2","7":"pa_cleanability-8282","8":"pa_composition-ext-79-pl-21-co-pt-pt","9":"pa_interior-fabrics-1-pt-pt","10":"pa_line-tecidos","11":"pa_lithfastness-4-5-pt-pt","12":"pa_outdoor-0-pt-pt","13":"pa_range-liso","14":"pa_range-veludo","15":"pa_rapport-vertical-11009","18":"first","19":"instock","20":"purchasable","21":"product-type-variable"},"acf":[],"_links":{"self":[{"href":"https:\/\/staging.aldeco.pt\/pt-pt\/wp-json\/wp\/v2\/product\/183580","targetHints":{"allow":["GET"]}}],"collection":[{"href":"https:\/\/staging.aldeco.pt\/pt-pt\/wp-json\/wp\/v2\/product"}],"about":[{"href":"https:\/\/staging.aldeco.pt\/pt-pt\/wp-json\/wp\/v2\/types\/product"}],"version-history":[{"count":1,"href":"https:\/\/staging.aldeco.pt\/pt-pt\/wp-json\/wp\/v2\/product\/183580\/revisions"}],"predecessor-version":[{"id":193735,"href":"https:\/\/staging.aldeco.pt\/pt-pt\/wp-json\/wp\/v2\/product\/183580\/revisions\/193735"}],"wp:featuredmedia":[{"embeddable":true,"href":"https:\/\/staging.aldeco.pt\/pt-pt\/wp-json\/wp\/v2\/media\/159625"}],"wp:attachment":[{"href":"https:\/\/staging.aldeco.pt\/pt-pt\/wp-json\/wp\/v2\/media?parent=183580"}],"wp:term":[{"taxonomy":"product_brand","embeddable":true,"href":"https:\/\/staging.aldeco.pt\/pt-pt\/wp-json\/wp\/v2\/product_brand?post=183580"},{"taxonomy":"product_cat","embeddable":true,"href":"https:\/\/staging.aldeco.pt\/pt-pt\/wp-json\/wp\/v2\/product_cat?post=183580"},{"taxonomy":"product_tag","embeddable":true,"href":"https:\/\/staging.aldeco.pt\/pt-pt\/wp-json\/wp\/v2\/product_tag?post=183580"}],"curies":[{"name":"wp","href":"https:\/\/api.w.org\/{rel}","templated":true}]}}