{"id":183567,"date":"2024-05-09T21:12:34","date_gmt":"2024-05-09T21:12:34","guid":{"rendered":"https:\/\/aldeco.pt\/staging\/product\/nazoni-velvet\/"},"modified":"2024-09-30T10:42:07","modified_gmt":"2024-09-30T10:42:07","slug":"nazoni-velvet","status":"publish","type":"product","link":"https:\/\/staging.aldeco.pt\/pt-pt\/product\/nazoni-velvet\/","title":{"rendered":"NAZONI VELVET"},"content":{"rendered":"<p>\u00c9 um tecido veludo jacquard ideia para estofo e decora\u00e7\u00e3o. Este veludo elegante e pesado apresenta riscas com um aspeto irregular e desgastado. Este tecido est\u00e1 dispon\u00edvel em 4 belas combina\u00e7\u00f5es de cores.<\/p>\n","protected":false},"excerpt":{"rendered":"<p>\u00c9 um tecido veludo jacquard ideia para estofo e decora\u00e7\u00e3o. Este veludo elegante e pesado apresenta riscas com um aspeto irregular e desgastado. Este tecido est\u00e1 dispon\u00edvel em 4 belas combina\u00e7\u00f5es de cores.<\/p>\n","protected":false},"featured_media":159629,"template":"","meta":[],"product_brand":[],"product_cat":[6145],"product_tag":[],"class_list":{"0":"post-183567","1":"product","2":"type-product","3":"status-publish","4":"has-post-thumbnail","6":"product_cat-aldeco-2-pt-pt-2","7":"pa_cleanability-8282","8":"pa_composition-ext-70-vi-30-pl-pt-pt","9":"pa_interior-fabrics-1-pt-pt","10":"pa_line-tecidos","11":"pa_lithfastness-9680","12":"pa_outdoor-0-pt-pt","13":"pa_range-jacquard-pt-pt","14":"pa_range-veludo","15":"pa_rapport-horizontal-35-pt-pt","16":"pa_rapport-vertical-11009","19":"first","20":"instock","21":"purchasable","22":"product-type-variable"},"acf":[],"_links":{"self":[{"href":"https:\/\/staging.aldeco.pt\/pt-pt\/wp-json\/wp\/v2\/product\/183567","targetHints":{"allow":["GET"]}}],"collection":[{"href":"https:\/\/staging.aldeco.pt\/pt-pt\/wp-json\/wp\/v2\/product"}],"about":[{"href":"https:\/\/staging.aldeco.pt\/pt-pt\/wp-json\/wp\/v2\/types\/product"}],"version-history":[{"count":1,"href":"https:\/\/staging.aldeco.pt\/pt-pt\/wp-json\/wp\/v2\/product\/183567\/revisions"}],"predecessor-version":[{"id":193733,"href":"https:\/\/staging.aldeco.pt\/pt-pt\/wp-json\/wp\/v2\/product\/183567\/revisions\/193733"}],"wp:featuredmedia":[{"embeddable":true,"href":"https:\/\/staging.aldeco.pt\/pt-pt\/wp-json\/wp\/v2\/media\/159629"}],"wp:attachment":[{"href":"https:\/\/staging.aldeco.pt\/pt-pt\/wp-json\/wp\/v2\/media?parent=183567"}],"wp:term":[{"taxonomy":"product_brand","embeddable":true,"href":"https:\/\/staging.aldeco.pt\/pt-pt\/wp-json\/wp\/v2\/product_brand?post=183567"},{"taxonomy":"product_cat","embeddable":true,"href":"https:\/\/staging.aldeco.pt\/pt-pt\/wp-json\/wp\/v2\/product_cat?post=183567"},{"taxonomy":"product_tag","embeddable":true,"href":"https:\/\/staging.aldeco.pt\/pt-pt\/wp-json\/wp\/v2\/product_tag?post=183567"}],"curies":[{"name":"wp","href":"https:\/\/api.w.org\/{rel}","templated":true}]}}