{"id":183547,"date":"2024-05-09T21:11:16","date_gmt":"2024-05-09T21:11:16","guid":{"rendered":"https:\/\/aldeco.pt\/staging\/product\/modernist-jacquard-velvet\/"},"modified":"2024-08-06T11:21:48","modified_gmt":"2024-08-06T11:21:48","slug":"modernist-jacquard-velvet","status":"publish","type":"product","link":"https:\/\/staging.aldeco.pt\/pt-pt\/product\/modernist-jacquard-velvet\/","title":{"rendered":"MODERNIST JACQUARD VELVET"},"content":{"rendered":"<p>Tecido jacquard de veludo com formas geom\u00e9tricas com um toque moderno. A rica combina\u00e7\u00e3o de cores resulta num veludo vibrante e din\u00e2mico.<\/p>\n","protected":false},"excerpt":{"rendered":"<p>Tecido jacquard de veludo com formas geom\u00e9tricas com um toque moderno. A rica combina\u00e7\u00e3o de cores resulta num veludo vibrante e din\u00e2mico.<\/p>\n","protected":false},"featured_media":145156,"template":"","meta":[],"product_brand":[],"product_cat":[6145],"product_tag":[],"class_list":{"0":"post-183547","1":"product","2":"type-product","3":"status-publish","4":"has-post-thumbnail","6":"product_cat-aldeco-2-pt-pt-2","7":"pa_cleanability-8282","8":"pa_composition-ext-81-vi-17-pl-2-co-pt-pt","9":"pa_interior-fabrics-1-pt-pt","10":"pa_line-tecidos","11":"pa_lithfastness-9680","12":"pa_outdoor-0-pt-pt","13":"pa_range-jacquard-pt-pt","14":"pa_range-veludo","15":"pa_rapport-horizontal-17-5-pt-pt","16":"pa_rapport-vertical-27-6-pt-pt","19":"first","20":"instock","21":"purchasable","22":"product-type-variable"},"acf":[],"_links":{"self":[{"href":"https:\/\/staging.aldeco.pt\/pt-pt\/wp-json\/wp\/v2\/product\/183547","targetHints":{"allow":["GET"]}}],"collection":[{"href":"https:\/\/staging.aldeco.pt\/pt-pt\/wp-json\/wp\/v2\/product"}],"about":[{"href":"https:\/\/staging.aldeco.pt\/pt-pt\/wp-json\/wp\/v2\/types\/product"}],"version-history":[{"count":1,"href":"https:\/\/staging.aldeco.pt\/pt-pt\/wp-json\/wp\/v2\/product\/183547\/revisions"}],"predecessor-version":[{"id":193736,"href":"https:\/\/staging.aldeco.pt\/pt-pt\/wp-json\/wp\/v2\/product\/183547\/revisions\/193736"}],"wp:featuredmedia":[{"embeddable":true,"href":"https:\/\/staging.aldeco.pt\/pt-pt\/wp-json\/wp\/v2\/media\/145156"}],"wp:attachment":[{"href":"https:\/\/staging.aldeco.pt\/pt-pt\/wp-json\/wp\/v2\/media?parent=183547"}],"wp:term":[{"taxonomy":"product_brand","embeddable":true,"href":"https:\/\/staging.aldeco.pt\/pt-pt\/wp-json\/wp\/v2\/product_brand?post=183547"},{"taxonomy":"product_cat","embeddable":true,"href":"https:\/\/staging.aldeco.pt\/pt-pt\/wp-json\/wp\/v2\/product_cat?post=183547"},{"taxonomy":"product_tag","embeddable":true,"href":"https:\/\/staging.aldeco.pt\/pt-pt\/wp-json\/wp\/v2\/product_tag?post=183547"}],"curies":[{"name":"wp","href":"https:\/\/api.w.org\/{rel}","templated":true}]}}