{"id":183528,"date":"2024-05-09T21:12:17","date_gmt":"2024-05-09T21:12:17","guid":{"rendered":"https:\/\/aldeco.pt\/staging\/product\/napuka-wlb\/"},"modified":"2024-09-30T10:53:16","modified_gmt":"2024-09-30T10:53:16","slug":"napuka-wlb","status":"publish","type":"product","link":"https:\/\/staging.aldeco.pt\/pt-pt\/product\/napuka-wlb\/","title":{"rendered":"NAPUKA WLB"},"content":{"rendered":"<p>NAPUKA WLB tem um efeito natural e texturado. Este tecido para cortinas \u00e9 muito elegante, \u00e9 extra largo para tectos altos com 320 cm de largura e tem fio de chumbo j\u00e1 inclu\u00eddo.<br \/>\nEst\u00e1 dispon\u00edvel em 5 cores neutras.<\/p>\n","protected":false},"excerpt":{"rendered":"<p>NAPUKA WLB tem um efeito natural e texturado. Este tecido para cortinas \u00e9 muito elegante, \u00e9 extra largo para tectos altos com 320 cm de largura e tem fio de chumbo j\u00e1 inclu\u00eddo.<br \/>\nEst\u00e1 dispon\u00edvel em 5 cores neutras.<\/p>\n","protected":false},"featured_media":159627,"template":"","meta":[],"product_brand":[],"product_cat":[6153],"product_tag":[],"class_list":{"0":"post-183528","1":"product","2":"type-product","3":"status-publish","4":"has-post-thumbnail","6":"product_cat-aldeco-smarter-pt-pt","7":"pa_cleanability-8282","8":"pa_composition-ext-100-pl-pt-pt","9":"pa_interior-fabrics-1-pt-pt","10":"pa_line-tecidos","11":"pa_lithfastness-5-pt-pt","12":"pa_outdoor-0-pt-pt","13":"pa_range-liso","14":"pa_range-transparente","15":"pa_rapport-vertical-11009","18":"first","19":"instock","20":"purchasable","21":"product-type-variable"},"acf":[],"_links":{"self":[{"href":"https:\/\/staging.aldeco.pt\/pt-pt\/wp-json\/wp\/v2\/product\/183528","targetHints":{"allow":["GET"]}}],"collection":[{"href":"https:\/\/staging.aldeco.pt\/pt-pt\/wp-json\/wp\/v2\/product"}],"about":[{"href":"https:\/\/staging.aldeco.pt\/pt-pt\/wp-json\/wp\/v2\/types\/product"}],"version-history":[{"count":1,"href":"https:\/\/staging.aldeco.pt\/pt-pt\/wp-json\/wp\/v2\/product\/183528\/revisions"}],"predecessor-version":[{"id":193734,"href":"https:\/\/staging.aldeco.pt\/pt-pt\/wp-json\/wp\/v2\/product\/183528\/revisions\/193734"}],"wp:featuredmedia":[{"embeddable":true,"href":"https:\/\/staging.aldeco.pt\/pt-pt\/wp-json\/wp\/v2\/media\/159627"}],"wp:attachment":[{"href":"https:\/\/staging.aldeco.pt\/pt-pt\/wp-json\/wp\/v2\/media?parent=183528"}],"wp:term":[{"taxonomy":"product_brand","embeddable":true,"href":"https:\/\/staging.aldeco.pt\/pt-pt\/wp-json\/wp\/v2\/product_brand?post=183528"},{"taxonomy":"product_cat","embeddable":true,"href":"https:\/\/staging.aldeco.pt\/pt-pt\/wp-json\/wp\/v2\/product_cat?post=183528"},{"taxonomy":"product_tag","embeddable":true,"href":"https:\/\/staging.aldeco.pt\/pt-pt\/wp-json\/wp\/v2\/product_tag?post=183528"}],"curies":[{"name":"wp","href":"https:\/\/api.w.org\/{rel}","templated":true}]}}