{"id":183527,"date":"2024-05-09T21:12:53","date_gmt":"2024-05-09T21:12:53","guid":{"rendered":"https:\/\/aldeco.pt\/staging\/product\/neblina-fr\/"},"modified":"2024-09-27T16:43:41","modified_gmt":"2024-09-27T16:43:41","slug":"neblina-fr","status":"publish","type":"product","link":"https:\/\/staging.aldeco.pt\/pt-pt\/product\/neblina-fr\/","title":{"rendered":"NEBLINA FR"},"content":{"rendered":"<p>Tecido de cortina leve com certifica\u00e7\u00e3o ign\u00edfuga. Este tecido para contract tem fio de chumbo para uma ca\u00edda perfeita. Este tecido est\u00e1 dispon\u00edvel em 6 cores muito naturais.<\/p>\n","protected":false},"excerpt":{"rendered":"<p>Tecido de cortina leve com certifica\u00e7\u00e3o ign\u00edfuga. Este tecido para contract tem fio de chumbo para uma ca\u00edda perfeita. Este tecido est\u00e1 dispon\u00edvel em 6 cores muito naturais.<\/p>\n","protected":false},"featured_media":156257,"template":"","meta":[],"product_brand":[],"product_cat":[6145],"product_tag":[],"class_list":{"0":"post-183527","1":"product","2":"type-product","3":"status-publish","4":"has-post-thumbnail","6":"product_cat-aldeco-2-pt-pt-2","7":"pa_cleanability-8282","8":"pa_composition-ext-100-pl-pt-pt","9":"pa_contract-fabrics-1-pt-pt","10":"pa_interior-fabrics-1-pt-pt","11":"pa_line-tecidos","12":"pa_lithfastness-5-pt-pt","13":"pa_outdoor-0-pt-pt","14":"pa_range-transparente","15":"pa_rapport-vertical-11009","16":"pa_special-treatments-fabrics-1-pt-pt","19":"first","20":"instock","21":"purchasable","22":"product-type-variable"},"acf":[],"_links":{"self":[{"href":"https:\/\/staging.aldeco.pt\/pt-pt\/wp-json\/wp\/v2\/product\/183527","targetHints":{"allow":["GET"]}}],"collection":[{"href":"https:\/\/staging.aldeco.pt\/pt-pt\/wp-json\/wp\/v2\/product"}],"about":[{"href":"https:\/\/staging.aldeco.pt\/pt-pt\/wp-json\/wp\/v2\/types\/product"}],"version-history":[{"count":1,"href":"https:\/\/staging.aldeco.pt\/pt-pt\/wp-json\/wp\/v2\/product\/183527\/revisions"}],"predecessor-version":[{"id":193732,"href":"https:\/\/staging.aldeco.pt\/pt-pt\/wp-json\/wp\/v2\/product\/183527\/revisions\/193732"}],"wp:featuredmedia":[{"embeddable":true,"href":"https:\/\/staging.aldeco.pt\/pt-pt\/wp-json\/wp\/v2\/media\/156257"}],"wp:attachment":[{"href":"https:\/\/staging.aldeco.pt\/pt-pt\/wp-json\/wp\/v2\/media?parent=183527"}],"wp:term":[{"taxonomy":"product_brand","embeddable":true,"href":"https:\/\/staging.aldeco.pt\/pt-pt\/wp-json\/wp\/v2\/product_brand?post=183527"},{"taxonomy":"product_cat","embeddable":true,"href":"https:\/\/staging.aldeco.pt\/pt-pt\/wp-json\/wp\/v2\/product_cat?post=183527"},{"taxonomy":"product_tag","embeddable":true,"href":"https:\/\/staging.aldeco.pt\/pt-pt\/wp-json\/wp\/v2\/product_tag?post=183527"}],"curies":[{"name":"wp","href":"https:\/\/api.w.org\/{rel}","templated":true}]}}