{"id":183505,"date":"2024-05-09T21:10:45","date_gmt":"2024-05-09T21:10:45","guid":{"rendered":"https:\/\/aldeco.pt\/staging\/product\/miter-jacquard-velvet\/"},"modified":"2024-09-30T10:27:19","modified_gmt":"2024-09-30T10:27:19","slug":"miter-jacquard-velvet","status":"publish","type":"product","link":"https:\/\/staging.aldeco.pt\/pt-pt\/product\/miter-jacquard-velvet\/","title":{"rendered":"MITER JACQUARD VELVET"},"content":{"rendered":"<p>Veludo jacquard, com desenho geom\u00e9trico, onde a geometria representa a esquadria, com martindale 25.000 CC e largura de 140 cm.<br \/>\nEm 7 cores que coordenam na perfei\u00e7\u00e3o com as cores desta cole\u00e7\u00e3o.<\/p>\n","protected":false},"excerpt":{"rendered":"<p>Veludo jacquard, com desenho geom\u00e9trico, onde a geometria representa a esquadria, com martindale 25.000 CC e largura de 140 cm.<br \/>\nEm 7 cores que coordenam na perfei\u00e7\u00e3o com as cores desta cole\u00e7\u00e3o.<\/p>\n","protected":false},"featured_media":159603,"template":"","meta":[],"product_brand":[],"product_cat":[6145],"product_tag":[],"class_list":{"0":"post-183505","1":"product","2":"type-product","3":"status-publish","4":"has-post-thumbnail","6":"product_cat-aldeco-2-pt-pt-2","7":"pa_cleanability-8282","8":"pa_composition-ext-63-vi-17-pl-20-co-pt-pt","9":"pa_interior-fabrics-1-pt-pt","10":"pa_line-tecidos","11":"pa_lithfastness-9680","12":"pa_outdoor-0-pt-pt","13":"pa_range-jacquard-pt-pt","14":"pa_range-veludo","15":"pa_rapport-horizontal-18-pt-pt","16":"pa_rapport-vertical-9-5-pt-pt","19":"first","20":"instock","21":"purchasable","22":"product-type-variable"},"acf":[],"_links":{"self":[{"href":"https:\/\/staging.aldeco.pt\/pt-pt\/wp-json\/wp\/v2\/product\/183505","targetHints":{"allow":["GET"]}}],"collection":[{"href":"https:\/\/staging.aldeco.pt\/pt-pt\/wp-json\/wp\/v2\/product"}],"about":[{"href":"https:\/\/staging.aldeco.pt\/pt-pt\/wp-json\/wp\/v2\/types\/product"}],"version-history":[{"count":1,"href":"https:\/\/staging.aldeco.pt\/pt-pt\/wp-json\/wp\/v2\/product\/183505\/revisions"}],"predecessor-version":[{"id":193737,"href":"https:\/\/staging.aldeco.pt\/pt-pt\/wp-json\/wp\/v2\/product\/183505\/revisions\/193737"}],"wp:featuredmedia":[{"embeddable":true,"href":"https:\/\/staging.aldeco.pt\/pt-pt\/wp-json\/wp\/v2\/media\/159603"}],"wp:attachment":[{"href":"https:\/\/staging.aldeco.pt\/pt-pt\/wp-json\/wp\/v2\/media?parent=183505"}],"wp:term":[{"taxonomy":"product_brand","embeddable":true,"href":"https:\/\/staging.aldeco.pt\/pt-pt\/wp-json\/wp\/v2\/product_brand?post=183505"},{"taxonomy":"product_cat","embeddable":true,"href":"https:\/\/staging.aldeco.pt\/pt-pt\/wp-json\/wp\/v2\/product_cat?post=183505"},{"taxonomy":"product_tag","embeddable":true,"href":"https:\/\/staging.aldeco.pt\/pt-pt\/wp-json\/wp\/v2\/product_tag?post=183505"}],"curies":[{"name":"wp","href":"https:\/\/api.w.org\/{rel}","templated":true}]}}