{"id":183489,"date":"2024-05-09T21:10:12","date_gmt":"2024-05-09T21:10:12","guid":{"rendered":"https:\/\/aldeco.pt\/staging\/product\/misty\/"},"modified":"2024-09-30T09:13:36","modified_gmt":"2024-09-30T09:13:36","slug":"misty","status":"publish","type":"product","link":"https:\/\/staging.aldeco.pt\/pt-pt\/product\/misty\/","title":{"rendered":"MISTY"},"content":{"rendered":"<p>Tecido jacquard, ideal para estofo e decora\u00e7\u00e3o, com desenho que simboliza a parte mais dram\u00e1tica e misteriosa desta cole\u00e7\u00e3o. Quisemos que o acabamento \u201cfaux&#8221; tivesse maior destaque.<\/p>\n","protected":false},"excerpt":{"rendered":"<p>Tecido jacquard, ideal para estofo e decora\u00e7\u00e3o, com desenho que simboliza a parte mais dram\u00e1tica e misteriosa desta cole\u00e7\u00e3o. Quisemos que o acabamento \u201cfaux&#8221; tivesse maior destaque.<\/p>\n","protected":false},"featured_media":159591,"template":"","meta":[],"product_brand":[],"product_cat":[6145],"product_tag":[],"class_list":{"0":"post-183489","1":"product","2":"type-product","3":"status-publish","4":"has-post-thumbnail","6":"product_cat-aldeco-2-pt-pt-2","7":"pa_cleanability-8282","8":"pa_composition-ext-38-pl-33-pa-21-wo-8-vi-pt-pt","9":"pa_interior-fabrics-1-pt-pt","10":"pa_line-tecidos","11":"pa_lithfastness-9680","12":"pa_outdoor-0-pt-pt","13":"pa_range-cetim","14":"pa_range-jacquard-pt-pt","15":"pa_rapport-horizontal-48-pt-pt","16":"pa_rapport-vertical-53-pt-pt","19":"first","20":"instock","21":"purchasable","22":"product-type-variable"},"acf":[],"_links":{"self":[{"href":"https:\/\/staging.aldeco.pt\/pt-pt\/wp-json\/wp\/v2\/product\/183489","targetHints":{"allow":["GET"]}}],"collection":[{"href":"https:\/\/staging.aldeco.pt\/pt-pt\/wp-json\/wp\/v2\/product"}],"about":[{"href":"https:\/\/staging.aldeco.pt\/pt-pt\/wp-json\/wp\/v2\/types\/product"}],"version-history":[{"count":1,"href":"https:\/\/staging.aldeco.pt\/pt-pt\/wp-json\/wp\/v2\/product\/183489\/revisions"}],"predecessor-version":[{"id":193738,"href":"https:\/\/staging.aldeco.pt\/pt-pt\/wp-json\/wp\/v2\/product\/183489\/revisions\/193738"}],"wp:featuredmedia":[{"embeddable":true,"href":"https:\/\/staging.aldeco.pt\/pt-pt\/wp-json\/wp\/v2\/media\/159591"}],"wp:attachment":[{"href":"https:\/\/staging.aldeco.pt\/pt-pt\/wp-json\/wp\/v2\/media?parent=183489"}],"wp:term":[{"taxonomy":"product_brand","embeddable":true,"href":"https:\/\/staging.aldeco.pt\/pt-pt\/wp-json\/wp\/v2\/product_brand?post=183489"},{"taxonomy":"product_cat","embeddable":true,"href":"https:\/\/staging.aldeco.pt\/pt-pt\/wp-json\/wp\/v2\/product_cat?post=183489"},{"taxonomy":"product_tag","embeddable":true,"href":"https:\/\/staging.aldeco.pt\/pt-pt\/wp-json\/wp\/v2\/product_tag?post=183489"}],"curies":[{"name":"wp","href":"https:\/\/api.w.org\/{rel}","templated":true}]}}