{"id":183442,"date":"2024-05-09T21:08:13","date_gmt":"2024-05-09T21:08:13","guid":{"rendered":"https:\/\/aldeco.pt\/staging\/product\/minimalism-fr\/"},"modified":"2024-09-30T13:33:45","modified_gmt":"2024-09-30T13:33:45","slug":"minimalism-fr","status":"publish","type":"product","link":"https:\/\/staging.aldeco.pt\/pt-pt\/product\/minimalism-fr\/","title":{"rendered":"MINIMALISM FR"},"content":{"rendered":"<p>Minimalism FR \u00e9 um tecido de aspecto muito natural e muito vers\u00e1til, o seu peso confere-lhe um cair fabuloso e pode ser utilizado n\u00e3o s\u00f3 em cortina mas tamb\u00e9m em colchas e almofadas decorativas para completar o look. Encontra-se dispon\u00edvel em 10 tons naturais.<\/p>\n","protected":false},"excerpt":{"rendered":"<p>Minimalism FR \u00e9 um tecido de aspecto muito natural e muito vers\u00e1til, o seu peso confere-lhe um cair fabuloso e pode ser utilizado n\u00e3o s\u00f3 em cortina mas tamb\u00e9m em colchas e almofadas decorativas para completar o look. Encontra-se dispon\u00edvel em 10 tons naturais.<\/p>\n","protected":false},"featured_media":156159,"template":"","meta":[],"product_brand":[],"product_cat":[6153],"product_tag":[],"class_list":{"0":"post-183442","1":"product","2":"type-product","3":"status-publish","4":"has-post-thumbnail","6":"product_cat-aldeco-smarter-pt-pt","7":"pa_cleanability-8282","8":"pa_composition-ext-71-pl-29-co-pt-pt","9":"pa_contract-fabrics-1-pt-pt","10":"pa_interior-fabrics-1-pt-pt","11":"pa_line-tecidos","12":"pa_lithfastness-4-pt-pt","13":"pa_outdoor-0-pt-pt","14":"pa_range-liso","15":"pa_range-tinto-em-peca","16":"pa_rapport-vertical-11009","17":"pa_special-treatments-fabrics-1-pt-pt","18":"pa_sustainable-fabrics-1-pt-pt","21":"first","22":"instock","23":"purchasable","24":"product-type-variable"},"acf":[],"_links":{"self":[{"href":"https:\/\/staging.aldeco.pt\/pt-pt\/wp-json\/wp\/v2\/product\/183442","targetHints":{"allow":["GET"]}}],"collection":[{"href":"https:\/\/staging.aldeco.pt\/pt-pt\/wp-json\/wp\/v2\/product"}],"about":[{"href":"https:\/\/staging.aldeco.pt\/pt-pt\/wp-json\/wp\/v2\/types\/product"}],"version-history":[{"count":1,"href":"https:\/\/staging.aldeco.pt\/pt-pt\/wp-json\/wp\/v2\/product\/183442\/revisions"}],"predecessor-version":[{"id":193741,"href":"https:\/\/staging.aldeco.pt\/pt-pt\/wp-json\/wp\/v2\/product\/183442\/revisions\/193741"}],"wp:featuredmedia":[{"embeddable":true,"href":"https:\/\/staging.aldeco.pt\/pt-pt\/wp-json\/wp\/v2\/media\/156159"}],"wp:attachment":[{"href":"https:\/\/staging.aldeco.pt\/pt-pt\/wp-json\/wp\/v2\/media?parent=183442"}],"wp:term":[{"taxonomy":"product_brand","embeddable":true,"href":"https:\/\/staging.aldeco.pt\/pt-pt\/wp-json\/wp\/v2\/product_brand?post=183442"},{"taxonomy":"product_cat","embeddable":true,"href":"https:\/\/staging.aldeco.pt\/pt-pt\/wp-json\/wp\/v2\/product_cat?post=183442"},{"taxonomy":"product_tag","embeddable":true,"href":"https:\/\/staging.aldeco.pt\/pt-pt\/wp-json\/wp\/v2\/product_tag?post=183442"}],"curies":[{"name":"wp","href":"https:\/\/api.w.org\/{rel}","templated":true}]}}