{"id":183439,"date":"2024-05-09T21:08:50","date_gmt":"2024-05-09T21:08:50","guid":{"rendered":"https:\/\/aldeco.pt\/staging\/product\/mirage-velvet\/"},"modified":"2024-09-30T11:41:47","modified_gmt":"2024-09-30T11:41:47","slug":"mirage-velvet","status":"publish","type":"product","link":"https:\/\/staging.aldeco.pt\/pt-pt\/product\/mirage-velvet\/","title":{"rendered":"MIRAGE VELVET"},"content":{"rendered":"<p>Um tecido de veludo com pelo de viscose o que lhe confere um acabamento brilhante com um efeito elegante e macio. Super macio e pesado, \u00e9 ideal para estofos ou almofadas decorativas. Este tecido est\u00e1 dispon\u00edvel em 25 cores irresist\u00edveis.<\/p>\n","protected":false},"excerpt":{"rendered":"<p>Um tecido de veludo com pelo de viscose o que lhe confere um acabamento brilhante com um efeito elegante e macio. Super macio e pesado, \u00e9 ideal para estofos ou almofadas decorativas. Este tecido est\u00e1 dispon\u00edvel em 25 cores irresist\u00edveis.<\/p>\n","protected":false},"featured_media":84925,"template":"","meta":[],"product_brand":[],"product_cat":[6145],"product_tag":[],"class_list":{"0":"post-183439","1":"product","2":"type-product","3":"status-publish","4":"has-post-thumbnail","6":"product_cat-aldeco-2-pt-pt-2","7":"pa_cleanability-8282","8":"pa_composition-ext-composicao-geral-68-vi-26-co-6-pl-pelo-100-vi","9":"pa_interior-fabrics-1-pt-pt","10":"pa_line-tecidos","11":"pa_lithfastness-2-3-pt-pt","12":"pa_outdoor-0-pt-pt","13":"pa_range-liso","14":"pa_range-veludo","15":"pa_rapport-vertical-11009","18":"first","19":"instock","20":"purchasable","21":"product-type-variable"},"acf":[],"_links":{"self":[{"href":"https:\/\/staging.aldeco.pt\/pt-pt\/wp-json\/wp\/v2\/product\/183439","targetHints":{"allow":["GET"]}}],"collection":[{"href":"https:\/\/staging.aldeco.pt\/pt-pt\/wp-json\/wp\/v2\/product"}],"about":[{"href":"https:\/\/staging.aldeco.pt\/pt-pt\/wp-json\/wp\/v2\/types\/product"}],"version-history":[{"count":1,"href":"https:\/\/staging.aldeco.pt\/pt-pt\/wp-json\/wp\/v2\/product\/183439\/revisions"}],"predecessor-version":[{"id":193739,"href":"https:\/\/staging.aldeco.pt\/pt-pt\/wp-json\/wp\/v2\/product\/183439\/revisions\/193739"}],"wp:featuredmedia":[{"embeddable":true,"href":"https:\/\/staging.aldeco.pt\/pt-pt\/wp-json\/wp\/v2\/media\/84925"}],"wp:attachment":[{"href":"https:\/\/staging.aldeco.pt\/pt-pt\/wp-json\/wp\/v2\/media?parent=183439"}],"wp:term":[{"taxonomy":"product_brand","embeddable":true,"href":"https:\/\/staging.aldeco.pt\/pt-pt\/wp-json\/wp\/v2\/product_brand?post=183439"},{"taxonomy":"product_cat","embeddable":true,"href":"https:\/\/staging.aldeco.pt\/pt-pt\/wp-json\/wp\/v2\/product_cat?post=183439"},{"taxonomy":"product_tag","embeddable":true,"href":"https:\/\/staging.aldeco.pt\/pt-pt\/wp-json\/wp\/v2\/product_tag?post=183439"}],"curies":[{"name":"wp","href":"https:\/\/api.w.org\/{rel}","templated":true}]}}