{"id":183421,"date":"2024-05-09T21:08:02","date_gmt":"2024-05-09T21:08:02","guid":{"rendered":"https:\/\/aldeco.pt\/staging\/product\/mini-swirl-lollipop\/"},"modified":"2024-09-30T10:40:44","modified_gmt":"2024-09-30T10:40:44","slug":"mini-swirl-lollipop","status":"publish","type":"product","link":"https:\/\/staging.aldeco.pt\/pt-pt\/product\/mini-swirl-lollipop\/","title":{"rendered":"MINI SWIRL LOLLIPOP"},"content":{"rendered":"<p>Este tecido apresenta uma bela composi\u00e7\u00e3o linear de doces e rebu\u00e7ados como se estivessem numa corda de escalada. Aventura e recompensa bordadas e aplicadas sobre base de linho para cortinas e decora\u00e7\u00e3o.<\/p>\n","protected":false},"excerpt":{"rendered":"<p>Este tecido apresenta uma bela composi\u00e7\u00e3o linear de doces e rebu\u00e7ados como se estivessem numa corda de escalada. Aventura e recompensa bordadas e aplicadas sobre base de linho para cortinas e decora\u00e7\u00e3o.<\/p>\n","protected":false},"featured_media":177921,"template":"","meta":[],"product_brand":[],"product_cat":[6145],"product_tag":[],"class_list":{"0":"post-183421","1":"product","2":"type-product","3":"status-publish","4":"has-post-thumbnail","6":"product_cat-aldeco-2-pt-pt-2","7":"pa_cleanability-8282","8":"pa_composition-ext-base-100-li-bordado-100-co-app-100-pl","9":"pa_interior-fabrics-1-pt-pt","10":"pa_line-tecidos","11":"pa_lithfastness-9680","12":"pa_outdoor-0-pt-pt","13":"pa_range-bordado","14":"pa_rapport-horizontal-25-5-pt-pt","15":"pa_rapport-vertical-32-2-pt-pt","18":"first","19":"instock","20":"purchasable","21":"product-type-variable"},"acf":[],"_links":{"self":[{"href":"https:\/\/staging.aldeco.pt\/pt-pt\/wp-json\/wp\/v2\/product\/183421","targetHints":{"allow":["GET"]}}],"collection":[{"href":"https:\/\/staging.aldeco.pt\/pt-pt\/wp-json\/wp\/v2\/product"}],"about":[{"href":"https:\/\/staging.aldeco.pt\/pt-pt\/wp-json\/wp\/v2\/types\/product"}],"version-history":[{"count":2,"href":"https:\/\/staging.aldeco.pt\/pt-pt\/wp-json\/wp\/v2\/product\/183421\/revisions"}],"predecessor-version":[{"id":200948,"href":"https:\/\/staging.aldeco.pt\/pt-pt\/wp-json\/wp\/v2\/product\/183421\/revisions\/200948"}],"wp:featuredmedia":[{"embeddable":true,"href":"https:\/\/staging.aldeco.pt\/pt-pt\/wp-json\/wp\/v2\/media\/177921"}],"wp:attachment":[{"href":"https:\/\/staging.aldeco.pt\/pt-pt\/wp-json\/wp\/v2\/media?parent=183421"}],"wp:term":[{"taxonomy":"product_brand","embeddable":true,"href":"https:\/\/staging.aldeco.pt\/pt-pt\/wp-json\/wp\/v2\/product_brand?post=183421"},{"taxonomy":"product_cat","embeddable":true,"href":"https:\/\/staging.aldeco.pt\/pt-pt\/wp-json\/wp\/v2\/product_cat?post=183421"},{"taxonomy":"product_tag","embeddable":true,"href":"https:\/\/staging.aldeco.pt\/pt-pt\/wp-json\/wp\/v2\/product_tag?post=183421"}],"curies":[{"name":"wp","href":"https:\/\/api.w.org\/{rel}","templated":true}]}}